{"id":1258,"date":"2017-03-11T04:39:46","date_gmt":"2017-03-11T04:39:46","guid":{"rendered":"https:\/\/alfa-net.pl\/our-services-2\/"},"modified":"2024-03-11T15:17:20","modified_gmt":"2024-03-11T14:17:20","slug":"software-development-our-products","status":"publish","type":"page","link":"https:\/\/alfa-net.pl\/en\/software-development-our-products\/","title":{"rendered":"Our Projects"},"content":{"rendered":"<div class=\"wpb-content-wrapper\"><div id=\"tm-row-69e4c6be89dc9\" data-vc-full-width=\"true\" data-vc-full-width-init=\"false\" class=\"vc_row vc_row-outer vc_row-fluid vc_row-o-content-middle vc_row-flex\"><div id=\"tm-column-69e4c6be8a288\" class=\"wpb_column vc_column_container vc_col-sm-6\"><div class=\"vc_column-inner\"><div class=\"wpb_wrapper\">\n\t<div class=\"wpb_single_image wpb_content_element vc_align_center  vc_custom_1667392999088 vc_tablet_align_center\">\n\t\t\n\t\t<figure class=\"wpb_wrapper vc_figure\">\n\t\t\t<div class=\"vc_single_image-wrapper   vc_box_border_grey\"><img loading=\"lazy\" decoding=\"async\" width=\"269\" height=\"300\" src=\"https:\/\/alfa-net.pl\/wp-content\/uploads\/2022\/11\/Group-158-4-269x300.png\" class=\"vc_single_image-img attachment-medium\" alt=\"grafika przedstawiaj\u0105ca czytnik rfid\" title=\"Group 158 (4)\" srcset=\"https:\/\/alfa-net.pl\/wp-content\/uploads\/2022\/11\/Group-158-4-269x300.png 269w, https:\/\/alfa-net.pl\/wp-content\/uploads\/2022\/11\/Group-158-4-920x1024.png 920w, https:\/\/alfa-net.pl\/wp-content\/uploads\/2022\/11\/Group-158-4-768x855.png 768w, https:\/\/alfa-net.pl\/wp-content\/uploads\/2022\/11\/Group-158-4-11x12.png 11w, https:\/\/alfa-net.pl\/wp-content\/uploads\/2022\/11\/Group-158-4-500x557.png 500w, https:\/\/alfa-net.pl\/wp-content\/uploads\/2022\/11\/Group-158-4.png 952w\" sizes=\"auto, (max-width: 269px) 100vw, 269px\" \/><\/div>\n\t\t<\/figure>\n\t<\/div>\n<\/div><\/div><\/div><div id=\"tm-column-69e4c6be8a8ad\" class=\"wpb_column vc_column_container vc_col-sm-6 vc_col-lg-6\"><div class=\"vc_column-inner\"><div class=\"wpb_wrapper\">\n<div class=\"tm-heading vc_custom_1693914661900 left  tm-animation move-right\" id=\"tm-heading-69e4c6be8aacf\">\n\t<h1 class=\"heading secondary-color\" style=\"\">Software Development - Project Ozon<\/h1><\/div>\n\n<div class=\"vc_empty_space\"   style=\"height: 18px\"><span class=\"vc_empty_space_inner\"><\/span><\/div>\n<div class=\"tm-heading left  tm-animation move-right\" id=\"tm-heading-69e4c6be8acc1\">\n\t<div class=\"heading\" style=\"\">RFID in process automation and business control<\/div><\/div>\n\n<div class=\"vc_empty_space\"   style=\"height: 18px\"><span class=\"vc_empty_space_inner\"><\/span><\/div><div class=\"tm-button-wrapper  tm-animation scale-up\" id=\"tm-button-69e4c6be8ae3e\">\n\t\t<a class=\"tm-button style-3 tm-button-nm tm-button-default\" href=\"https:\/\/alfa-net.pl\/en\/ozon\/\"\n\t\t\t>\n\t\t<span>\n\t\t\t\t\t\tGet to know the details of the offer\t\t\t\t\t<\/span>\n\t<\/a>\n<\/div>\n<div class=\"vc_empty_space\"   style=\"height: 10rem\"><span class=\"vc_empty_space_inner\"><\/span><\/div><\/div><\/div><\/div><\/div><div class=\"vc_row-full-width vc_clearfix\"><\/div><div id=\"tm-row-69e4c6be8b01d\" class=\"vc_row vc_row-outer vc_row-fluid\"><div id=\"tm-column-69e4c6be8b19b\" class=\"wpb_column vc_column_container vc_col-sm-6\"><div class=\"vc_column-inner\"><div class=\"wpb_wrapper\">\n<div class=\"tm-heading vc_custom_1693914673190 left highlight-text tm-animation move-right\" id=\"tm-heading-69e4c6be8b2a3\">\n\t<h1 class=\"heading secondary-color\" style=\"\">Software Development - Project X-Tools<\/h1><\/div>\n\n<div class=\"vc_empty_space\"   style=\"height: 18px\"><span class=\"vc_empty_space_inner\"><\/span><\/div>\n<div class=\"tm-heading left  tm-animation move-right\" id=\"tm-heading-69e4c6be8b459\">\n\t<div class=\"heading\" style=\"\">Machine condition monitoring and control<br \/>\n- optimization of production processes<\/div><\/div>\n\n<div class=\"vc_empty_space\"   style=\"height: 18px\"><span class=\"vc_empty_space_inner\"><\/span><\/div><div class=\"tm-button-wrapper  tm-animation scale-up\" id=\"tm-button-69e4c6be8b603\">\n\t\t<a class=\"tm-button style-3 tm-button-nm tm-button-default\" href=\"https:\/\/alfa-net.pl\/en\/x-tools\/\"\n\t\t\t>\n\t\t<span>\n\t\t\t\t\t\tGet to know the details of the offer\t\t\t\t\t<\/span>\n\t<\/a>\n<\/div>\n<div class=\"vc_empty_space\"   style=\"height: 10rem\"><span class=\"vc_empty_space_inner\"><\/span><\/div><\/div><\/div><\/div><div id=\"tm-column-69e4c6be8b75b\" class=\"wpb_column vc_column_container vc_col-sm-6\"><div class=\"vc_column-inner\"><div class=\"wpb_wrapper\">\n\t<div class=\"wpb_single_image wpb_content_element vc_align_center  vc_custom_1667393004969 vc_tablet_align_center\">\n\t\t\n\t\t<figure class=\"wpb_wrapper vc_figure\">\n\t\t\t<div class=\"vc_single_image-wrapper   vc_box_border_grey\"><img loading=\"lazy\" decoding=\"async\" width=\"300\" height=\"241\" src=\"https:\/\/alfa-net.pl\/wp-content\/uploads\/2022\/11\/Group-159-1-300x241.png\" class=\"vc_single_image-img attachment-medium\" alt=\"\" title=\"Group 159 (1)\" srcset=\"https:\/\/alfa-net.pl\/wp-content\/uploads\/2022\/11\/Group-159-1-300x241.png 300w, https:\/\/alfa-net.pl\/wp-content\/uploads\/2022\/11\/Group-159-1-1024x824.png 1024w, https:\/\/alfa-net.pl\/wp-content\/uploads\/2022\/11\/Group-159-1-768x618.png 768w, https:\/\/alfa-net.pl\/wp-content\/uploads\/2022\/11\/Group-159-1-15x12.png 15w, https:\/\/alfa-net.pl\/wp-content\/uploads\/2022\/11\/Group-159-1-500x402.png 500w, https:\/\/alfa-net.pl\/wp-content\/uploads\/2022\/11\/Group-159-1.png 1360w\" sizes=\"auto, (max-width: 300px) 100vw, 300px\" \/><\/div>\n\t\t<\/figure>\n\t<\/div>\n<\/div><\/div><\/div><\/div><div id=\"tm-row-69e4c6be8bdce\" data-vc-full-width=\"true\" data-vc-full-width-init=\"false\" class=\"vc_row vc_row-outer vc_row-fluid vc_row-o-content-middle vc_row-flex\"><div id=\"tm-column-69e4c6be8bf70\" class=\"wpb_column vc_column_container vc_col-sm-6\"><div class=\"vc_column-inner\"><div class=\"wpb_wrapper\">\n\t<div class=\"wpb_single_image wpb_content_element vc_align_center  vc_custom_1667393012145 vc_tablet_align_center\">\n\t\t\n\t\t<figure class=\"wpb_wrapper vc_figure\">\n\t\t\t<div class=\"vc_single_image-wrapper   vc_box_border_grey\"><img loading=\"lazy\" decoding=\"async\" width=\"300\" height=\"300\" src=\"https:\/\/alfa-net.pl\/wp-content\/uploads\/2022\/11\/main-300x300.png\" class=\"vc_single_image-img attachment-medium\" alt=\"grafika przedstawiaj\u0105ca smartfona z alertem przekroczenia temperatury\" title=\"main\" srcset=\"https:\/\/alfa-net.pl\/wp-content\/uploads\/2022\/11\/main-300x300.png 300w, https:\/\/alfa-net.pl\/wp-content\/uploads\/2022\/11\/main-1024x1021.png 1024w, https:\/\/alfa-net.pl\/wp-content\/uploads\/2022\/11\/main-150x150.png 150w, https:\/\/alfa-net.pl\/wp-content\/uploads\/2022\/11\/main-768x765.png 768w, https:\/\/alfa-net.pl\/wp-content\/uploads\/2022\/11\/main-12x12.png 12w, https:\/\/alfa-net.pl\/wp-content\/uploads\/2022\/11\/main-600x600.png 600w, https:\/\/alfa-net.pl\/wp-content\/uploads\/2022\/11\/main-500x498.png 500w, https:\/\/alfa-net.pl\/wp-content\/uploads\/2022\/11\/main-480x480.png 480w, https:\/\/alfa-net.pl\/wp-content\/uploads\/2022\/11\/main-960x960.png 960w, https:\/\/alfa-net.pl\/wp-content\/uploads\/2022\/11\/main.png 1176w\" sizes=\"auto, (max-width: 300px) 100vw, 300px\" \/><\/div>\n\t\t<\/figure>\n\t<\/div>\n<\/div><\/div><\/div><div id=\"tm-column-69e4c6be8c4cf\" class=\"wpb_column vc_column_container vc_col-sm-6 vc_col-lg-6\"><div class=\"vc_column-inner\"><div class=\"wpb_wrapper\">\n<div class=\"tm-heading vc_custom_1693914678433 left highlight-text tm-animation move-right\" id=\"tm-heading-69e4c6be8c625\">\n\t<h1 class=\"heading secondary-color\" style=\"\">Software Development<br \/>\n- Floor Condition Monitoring<\/h1><\/div>\n\n<div class=\"vc_empty_space\"   style=\"height: 18px\"><span class=\"vc_empty_space_inner\"><\/span><\/div>\n<div class=\"tm-heading left  tm-animation move-right\" id=\"tm-heading-69e4c6be8c8e0\">\n\t<div class=\"heading\" style=\"\">Exceeded temperature monitoring system<\/div><\/div>\n\n<div class=\"vc_empty_space\"   style=\"height: 18px\"><span class=\"vc_empty_space_inner\"><\/span><\/div><div class=\"tm-button-wrapper  tm-animation scale-up\" id=\"tm-button-69e4c6be8c9fb\">\n\t\t<a class=\"tm-button style-3 tm-button-nm tm-button-default\" href=\"https:\/\/alfa-net.pl\/en\/monitorowanie-przekroczen-temperatur-fcm\/\"\n\t\t\t>\n\t\t<span>\n\t\t\t\t\t\tGet to know the details of the offer\t\t\t\t\t<\/span>\n\t<\/a>\n<\/div>\n<div class=\"vc_empty_space\"   style=\"height: 10rem\"><span class=\"vc_empty_space_inner\"><\/span><\/div><\/div><\/div><\/div><\/div><div class=\"vc_row-full-width vc_clearfix\"><\/div><div id=\"tm-row-69e4c6be8cb4c\" data-vc-full-width=\"true\" data-vc-full-width-init=\"false\" class=\"vc_row vc_row-outer vc_row-fluid secondary-background-color vc_row-o-content-middle vc_row-flex\"><div id=\"tm-column-69e4c6be8cc92\" class=\"wpb_column vc_column_container vc_col-sm-6\"><div class=\"vc_column-inner\"><div class=\"wpb_wrapper\">\n<div class=\"tm-heading left  tm-animation move-right\" id=\"tm-heading-69e4c6be8cd94\">\n\t<h2 class=\"heading\" style=\"color: #ffffff;\">Find out how we can help you..<\/h2><\/div>\n\n<\/div><\/div><\/div><div id=\"tm-column-69e4c6be8ce91\" class=\"wpb_column vc_column_container vc_col-sm-6\"><div class=\"vc_column-inner\"><div class=\"wpb_wrapper\"><div class=\"tm-button-wrapper  tm-animation scale-up\" id=\"tm-button-69e4c6be8cf90\">\n\t\t<a class=\"tm-button style-2 tm-button-nm tm-button-white\" href=\"https:\/\/alfa-net.pl\/en\/contact\/\"\n\t\t\t>\n\t\t<span>\n\t\t\t\t\t\tSEND US A MESSAGE!\t\t\t\t\t<\/span>\n\t<\/a>\n<\/div>\n<\/div><\/div><\/div><\/div><div class=\"vc_row-full-width vc_clearfix\"><\/div>\n<\/div>","protected":false},"excerpt":{"rendered":"Software Development - Projekt Ozon RFID w automatyzacji proces\u00f3w biznesowych Poznaj szczeg\u00f3\u0142y oferty Software Development - Projekt X-Tools Monitorowanie i kontrola stanu maszyn - optymalizacja proces\u00f3w produkcji Poznaj szczeg\u00f3\u0142y oferty Software Development - Floor Condition Monitoring System monitoruj\u0105cy przekroczenia temperatur Poznaj szczeg\u00f3\u0142y oferty Dowiedz si\u0119 co mo\u017cemy zrobi\u0107 dla Ciebie. NAPISZ DO NAS!","protected":false},"author":2,"featured_media":0,"parent":0,"menu_order":0,"comment_status":"closed","ping_status":"closed","template":"","meta":{"footnotes":""},"class_list":["post-1258","page","type-page","status-publish","hentry"],"yoast_head":"<!-- This site is optimized with the Yoast SEO plugin v27.2 - https:\/\/yoast.com\/product\/yoast-seo-wordpress\/ -->\n<title>Software Development | Alfa-Net Software Development<\/title>\n<meta name=\"description\" content=\"Sprawd\u017a nasze projekty, Software Development. Przemys\u0142 4.0. Transformacja cyfrowa dla twojego biznesu. Monitorowanie stanu maszyn.\" \/>\n<meta name=\"robots\" content=\"index, follow, max-snippet:-1, max-image-preview:large, max-video-preview:-1\" \/>\n<link rel=\"canonical\" href=\"https:\/\/alfa-net.pl\/en\/software-development-our-products\/\" \/>\n<meta property=\"og:locale\" content=\"en_GB\" \/>\n<meta property=\"og:type\" content=\"article\" \/>\n<meta property=\"og:title\" content=\"Software Development | Alfa-Net Software Development\" \/>\n<meta property=\"og:description\" content=\"Sprawd\u017a nasze projekty, Software Development. Przemys\u0142 4.0. Transformacja cyfrowa dla twojego biznesu. Monitorowanie stanu maszyn.\" \/>\n<meta property=\"og:url\" content=\"https:\/\/alfa-net.pl\/en\/software-development-our-products\/\" \/>\n<meta property=\"og:site_name\" content=\"Alfa-Net - Software Development\" \/>\n<meta property=\"article:publisher\" content=\"https:\/\/www.facebook.com\/alfanet.spk\" \/>\n<meta property=\"article:modified_time\" content=\"2024-03-11T14:17:20+00:00\" \/>\n<meta name=\"twitter:card\" content=\"summary_large_image\" \/>\n<meta name=\"twitter:label1\" content=\"Estimated reading time\" \/>\n\t<meta name=\"twitter:data1\" content=\"2 minutes\" \/>\n<script type=\"application\/ld+json\" class=\"yoast-schema-graph\">{\"@context\":\"https:\/\/schema.org\",\"@graph\":[{\"@type\":\"WebPage\",\"@id\":\"https:\/\/alfa-net.pl\/software-development-our-products\/\",\"url\":\"https:\/\/alfa-net.pl\/software-development-our-products\/\",\"name\":\"Software Development | Alfa-Net Software Development\",\"isPartOf\":{\"@id\":\"https:\/\/alfa-net.pl\/#website\"},\"datePublished\":\"2017-03-11T04:39:46+00:00\",\"dateModified\":\"2024-03-11T14:17:20+00:00\",\"description\":\"Sprawd\u017a nasze projekty, Software Development. Przemys\u0142 4.0. Transformacja cyfrowa dla twojego biznesu. Monitorowanie stanu maszyn.\",\"breadcrumb\":{\"@id\":\"https:\/\/alfa-net.pl\/software-development-our-products\/#breadcrumb\"},\"inLanguage\":\"en-GB\",\"potentialAction\":[{\"@type\":\"ReadAction\",\"target\":[\"https:\/\/alfa-net.pl\/software-development-our-products\/\"]}]},{\"@type\":\"BreadcrumbList\",\"@id\":\"https:\/\/alfa-net.pl\/software-development-our-products\/#breadcrumb\",\"itemListElement\":[{\"@type\":\"ListItem\",\"position\":1,\"name\":\"Strona g\u0142\u00f3wna\",\"item\":\"https:\/\/alfa-net.pl\/\"},{\"@type\":\"ListItem\",\"position\":2,\"name\":\"Nasze projekty\"}]},{\"@type\":\"WebSite\",\"@id\":\"https:\/\/alfa-net.pl\/#website\",\"url\":\"https:\/\/alfa-net.pl\/\",\"name\":\"Alfa-Net - Software Development\",\"description\":\"Software Development\",\"publisher\":{\"@id\":\"https:\/\/alfa-net.pl\/#organization\"},\"potentialAction\":[{\"@type\":\"SearchAction\",\"target\":{\"@type\":\"EntryPoint\",\"urlTemplate\":\"https:\/\/alfa-net.pl\/?s={search_term_string}\"},\"query-input\":{\"@type\":\"PropertyValueSpecification\",\"valueRequired\":true,\"valueName\":\"search_term_string\"}}],\"inLanguage\":\"en-GB\"},{\"@type\":\"Organization\",\"@id\":\"https:\/\/alfa-net.pl\/#organization\",\"name\":\"Alfa-Net\",\"url\":\"https:\/\/alfa-net.pl\/\",\"logo\":{\"@type\":\"ImageObject\",\"inLanguage\":\"en-GB\",\"@id\":\"https:\/\/alfa-net.pl\/#\/schema\/logo\/image\/\",\"url\":\"https:\/\/alfa-net.pl\/wp-content\/uploads\/2020\/03\/logoGreyFont_withPadding-2.png\",\"contentUrl\":\"https:\/\/alfa-net.pl\/wp-content\/uploads\/2020\/03\/logoGreyFont_withPadding-2.png\",\"width\":767,\"height\":767,\"caption\":\"Alfa-Net\"},\"image\":{\"@id\":\"https:\/\/alfa-net.pl\/#\/schema\/logo\/image\/\"},\"sameAs\":[\"https:\/\/www.facebook.com\/alfanet.spk\"]}]}<\/script>\n<!-- \/ Yoast SEO plugin. -->","yoast_head_json":{"title":"Software Development | Alfa-Net Software Development","description":"Sprawd\u017a nasze projekty, Software Development. Przemys\u0142 4.0. Transformacja cyfrowa dla twojego biznesu. Monitorowanie stanu maszyn.","robots":{"index":"index","follow":"follow","max-snippet":"max-snippet:-1","max-image-preview":"max-image-preview:large","max-video-preview":"max-video-preview:-1"},"canonical":"https:\/\/alfa-net.pl\/en\/software-development-our-products\/","og_locale":"en_GB","og_type":"article","og_title":"Software Development | Alfa-Net Software Development","og_description":"Sprawd\u017a nasze projekty, Software Development. Przemys\u0142 4.0. Transformacja cyfrowa dla twojego biznesu. Monitorowanie stanu maszyn.","og_url":"https:\/\/alfa-net.pl\/en\/software-development-our-products\/","og_site_name":"Alfa-Net - Software Development","article_publisher":"https:\/\/www.facebook.com\/alfanet.spk","article_modified_time":"2024-03-11T14:17:20+00:00","twitter_card":"summary_large_image","twitter_misc":{"Estimated reading time":"2 minutes"},"schema":{"@context":"https:\/\/schema.org","@graph":[{"@type":"WebPage","@id":"https:\/\/alfa-net.pl\/software-development-our-products\/","url":"https:\/\/alfa-net.pl\/software-development-our-products\/","name":"Software Development | Alfa-Net Software Development","isPartOf":{"@id":"https:\/\/alfa-net.pl\/#website"},"datePublished":"2017-03-11T04:39:46+00:00","dateModified":"2024-03-11T14:17:20+00:00","description":"Sprawd\u017a nasze projekty, Software Development. Przemys\u0142 4.0. Transformacja cyfrowa dla twojego biznesu. Monitorowanie stanu maszyn.","breadcrumb":{"@id":"https:\/\/alfa-net.pl\/software-development-our-products\/#breadcrumb"},"inLanguage":"en-GB","potentialAction":[{"@type":"ReadAction","target":["https:\/\/alfa-net.pl\/software-development-our-products\/"]}]},{"@type":"BreadcrumbList","@id":"https:\/\/alfa-net.pl\/software-development-our-products\/#breadcrumb","itemListElement":[{"@type":"ListItem","position":1,"name":"Strona g\u0142\u00f3wna","item":"https:\/\/alfa-net.pl\/"},{"@type":"ListItem","position":2,"name":"Nasze projekty"}]},{"@type":"WebSite","@id":"https:\/\/alfa-net.pl\/#website","url":"https:\/\/alfa-net.pl\/","name":"Alfa-Net - Software Development","description":"Software Development","publisher":{"@id":"https:\/\/alfa-net.pl\/#organization"},"potentialAction":[{"@type":"SearchAction","target":{"@type":"EntryPoint","urlTemplate":"https:\/\/alfa-net.pl\/?s={search_term_string}"},"query-input":{"@type":"PropertyValueSpecification","valueRequired":true,"valueName":"search_term_string"}}],"inLanguage":"en-GB"},{"@type":"Organization","@id":"https:\/\/alfa-net.pl\/#organization","name":"Alfa-Net","url":"https:\/\/alfa-net.pl\/","logo":{"@type":"ImageObject","inLanguage":"en-GB","@id":"https:\/\/alfa-net.pl\/#\/schema\/logo\/image\/","url":"https:\/\/alfa-net.pl\/wp-content\/uploads\/2020\/03\/logoGreyFont_withPadding-2.png","contentUrl":"https:\/\/alfa-net.pl\/wp-content\/uploads\/2020\/03\/logoGreyFont_withPadding-2.png","width":767,"height":767,"caption":"Alfa-Net"},"image":{"@id":"https:\/\/alfa-net.pl\/#\/schema\/logo\/image\/"},"sameAs":["https:\/\/www.facebook.com\/alfanet.spk"]}]}},"_links":{"self":[{"href":"https:\/\/alfa-net.pl\/en\/wp-json\/wp\/v2\/pages\/1258","targetHints":{"allow":["GET"]}}],"collection":[{"href":"https:\/\/alfa-net.pl\/en\/wp-json\/wp\/v2\/pages"}],"about":[{"href":"https:\/\/alfa-net.pl\/en\/wp-json\/wp\/v2\/types\/page"}],"author":[{"embeddable":true,"href":"https:\/\/alfa-net.pl\/en\/wp-json\/wp\/v2\/users\/2"}],"replies":[{"embeddable":true,"href":"https:\/\/alfa-net.pl\/en\/wp-json\/wp\/v2\/comments?post=1258"}],"version-history":[{"count":40,"href":"https:\/\/alfa-net.pl\/en\/wp-json\/wp\/v2\/pages\/1258\/revisions"}],"predecessor-version":[{"id":6106,"href":"https:\/\/alfa-net.pl\/en\/wp-json\/wp\/v2\/pages\/1258\/revisions\/6106"}],"wp:attachment":[{"href":"https:\/\/alfa-net.pl\/en\/wp-json\/wp\/v2\/media?parent=1258"}],"curies":[{"name":"wp","href":"https:\/\/api.w.org\/{rel}","templated":true}]}}