{"id":1329,"date":"2017-03-13T07:30:33","date_gmt":"2017-03-13T07:30:33","guid":{"rendered":"https:\/\/alfa-net.pl\/contact-1\/"},"modified":"2023-10-20T13:12:39","modified_gmt":"2023-10-20T11:12:39","slug":"contact","status":"publish","type":"page","link":"https:\/\/alfa-net.pl\/en\/contact\/","title":{"rendered":"Contact"},"content":{"rendered":"<div class=\"wpb-content-wrapper\"><div id=\"tm-row-69e4a09018779\" data-vc-full-width=\"true\" data-vc-full-width-init=\"false\" class=\"vc_row vc_row-outer vc_row-fluid vc_row-o-content-middle vc_row-flex\"><div id=\"tm-column-69e4a09018e81\" class=\"wpb_column vc_column_container vc_col-sm-12\"><div class=\"vc_column-inner\"><div class=\"wpb_wrapper\">\n<div class=\"tm-heading left  tm-animation move-right\" id=\"tm-heading-69e4a0901911e\">\n\t<h1 class=\"heading\" style=\"\">Contact us!<\/h1><\/div>\n\n<div class=\"vc_empty_space\"   style=\"height: 28px\"><span class=\"vc_empty_space_inner\"><\/span><\/div><\/div><\/div><\/div><div id=\"tm-column-69e4a090193e0\" class=\"wpb_column vc_column_container vc_col-sm-12\"><div class=\"vc_column-inner\"><div class=\"wpb_wrapper\"><div id=\"tm-row-inner-69e4a0901957a\" class=\"vc_row vc_inner vc_row-fluid\"><div id=\"tm-column-inner-69e4a0901973c\" class=\"wpb_column vc_column_container vc_col-sm-6\"><div class=\"vc_column-inner\"><div class=\"wpb_wrapper\">\n<div class=\"tm-heading vc_custom_1693914621499 left  tm-animation move-right\" id=\"tm-heading-69e4a090198e4\">\n\t<h1 class=\"heading secondary-color\" style=\"\">MEET US HERE:<\/h1><\/div>\n\n\n<div class=\"tm-heading left  tm-animation move-right\" id=\"tm-heading-69e4a09019a8c\">\n\t<h2 class=\"heading primary-color\" style=\"\">Soba\u0144scy Alfa-Net Sp. K.<br \/>\nUl. Skarbowc\u00f3w 23a,<br \/>\n53-025 Wroc\u0142aw, Polska<\/h2><\/div>\n\n<\/div><\/div><\/div><div id=\"tm-column-inner-69e4a09019bef\" class=\"wpb_column vc_column_container vc_col-sm-6\"><div class=\"vc_column-inner\"><div class=\"wpb_wrapper\">\n<div class=\"tm-heading vc_custom_1693914625814 left  tm-animation move-right\" id=\"tm-heading-69e4a09019ddf\">\n\t<h1 class=\"heading secondary-color\" style=\"\">OR SEND US A MESSAGE:<\/h1><\/div>\n\n\n\t<div class=\"wpb_text_column wpb_content_element\" >\n\t\t<div class=\"wpb_wrapper\">\n\t\t\t<h2><a href=\"mailto:office@alfa-net.pl\">office@alfa-net.pl <\/a><br \/>\n<a href=\"tel:+48717142975\">(+48) 71 714 29 75<\/a><\/h2>\n\n\t\t<\/div>\n\t<\/div>\n<\/div><\/div><\/div><\/div><div id=\"tm-row-inner-69e4a0901a0f8\" class=\"vc_row vc_inner vc_row-fluid\"><div id=\"tm-column-inner-69e4a0901a20a\" class=\"wpb_column vc_column_container vc_col-sm-12\"><div class=\"vc_column-inner\"><div class=\"wpb_wrapper\"><div class=\"vc_empty_space\"   style=\"height: 43px\"><span class=\"vc_empty_space_inner\"><\/span><\/div><div class=\"tm-contact-form-7\" id=\"tm-contact-form-69e4a0901a386\">\n\t\n<div class=\"wpcf7 no-js\" id=\"wpcf7-f464-o1\" lang=\"en-US\" dir=\"ltr\" data-wpcf7-id=\"464\">\n<div class=\"screen-reader-response\"><p role=\"status\" aria-live=\"polite\" aria-atomic=\"true\"><\/p> <ul><\/ul><\/div>\n<form action=\"\/en\/wp-json\/wp\/v2\/pages\/1329#wpcf7-f464-o1\" method=\"post\" class=\"wpcf7-form init\" aria-label=\"Contact form\" novalidate=\"novalidate\" data-status=\"init\" data-trp-original-action=\"\/en\/wp-json\/wp\/v2\/pages\/1329#wpcf7-f464-o1\">\n<fieldset class=\"hidden-fields-container\"><input type=\"hidden\" name=\"_wpcf7\" value=\"464\" \/><input type=\"hidden\" name=\"_wpcf7_version\" value=\"6.1.5\" \/><input type=\"hidden\" name=\"_wpcf7_locale\" value=\"en_US\" \/><input type=\"hidden\" name=\"_wpcf7_unit_tag\" value=\"wpcf7-f464-o1\" \/><input type=\"hidden\" name=\"_wpcf7_container_post\" value=\"0\" \/><input type=\"hidden\" name=\"_wpcf7_posted_data_hash\" value=\"\" \/><input type=\"hidden\" name=\"_wpcf7_recaptcha_response\" value=\"\" \/>\n<\/fieldset>\n<div class=\"row\">\n\t<div class=\"col-md-4\">\n\t\t<p><label><span class=\"wpcf7-form-control-wrap\" data-name=\"your-name\"><input size=\"40\" maxlength=\"400\" class=\"wpcf7-form-control wpcf7-text wpcf7-validates-as-required\" aria-required=\"true\" aria-invalid=\"false\" placeholder=\"Name\" value=\"\" type=\"text\" name=\"your-name\" \/><\/span> <\/label>\n\t\t<\/p>\n\t<\/div>\n\t<div class=\"col-md-4\">\n\t\t<p><label><span class=\"wpcf7-form-control-wrap\" data-name=\"your-email\"><input size=\"40\" maxlength=\"400\" class=\"wpcf7-form-control wpcf7-email wpcf7-validates-as-required wpcf7-text wpcf7-validates-as-email\" aria-required=\"true\" aria-invalid=\"false\" placeholder=\"email\" value=\"\" type=\"email\" name=\"your-email\" \/><\/span> <\/label>\n\t\t<\/p>\n\t<\/div>\n\t<div class=\"col-md-4\">\n\t\t<p><label><span class=\"wpcf7-form-control-wrap\" data-name=\"your-phone\"><input size=\"40\" maxlength=\"400\" class=\"wpcf7-form-control wpcf7-text\" aria-invalid=\"false\" placeholder=\"Contact numer\" value=\"\" type=\"text\" name=\"your-phone\" \/><\/span> <\/label>\n\t\t<\/p>\n\t<\/div>\n<\/div>\n<div class=\"row\">\n\t<div class=\"col-lg-12\">\n\t\t<p><label><span class=\"wpcf7-form-control-wrap\" data-name=\"your-message\"><textarea cols=\"40\" rows=\"10\" maxlength=\"2000\" class=\"wpcf7-form-control wpcf7-textarea wpcf7-validates-as-required\" aria-required=\"true\" aria-invalid=\"false\" placeholder=\"Message\" name=\"your-message\"><\/textarea><\/span> <\/label>\n\t\t<\/p>\n\t<\/div>\n<\/div>\n<div class=\"row\">\n\t<div class=\"col-lg-10\">\n\t\t<p><label class='wpcf7-quiz-label wpcf7-text' ><span class=\"wpcf7-form-control-wrap\" data-name=\"quiz-spam\"><label><span class=\"wpcf7-quiz-label\">What is the result of 2 + 4?<\/span> <input size=\"40\" class=\"wpcf7-form-control wpcf7-quiz\" autocomplete=\"off\" aria-required=\"true\" aria-invalid=\"false\" type=\"text\" name=\"quiz-spam\" \/><\/label><input type=\"hidden\" name=\"_wpcf7_quiz_answer_quiz-spam\" value=\"14c2754100459712020cd7290ffd6bbb\" \/><\/span><\/label>\n\t\t<\/p>\n\t<\/div>\n\t<div style=\"padding:30px\" class=\"col-lg-2\" >\n\t\t<p><button id='submit' class='wpcf7-form-control wpcf7-submit tm-button style-2 tm-button-secondary'>SEND<\/button>\n\t\t<\/p>\n\t<\/div>\n<\/div>\n<div class=\"row\">\n\t<div class=\"col-lg-10\">\n\t\t<p><span class=\"wpcf7-form-control-wrap\" data-name=\"acceptance-242\"><span class=\"wpcf7-form-control wpcf7-acceptance\"><span class=\"wpcf7-list-item\"><label><input type=\"checkbox\" name=\"acceptance-242\" value=\"1\" aria-invalid=\"false\" \/><span class=\"wpcf7-list-item-label\">I agree to the Privacy Policy<\/span><\/label><\/span><\/span><\/span>\n\t\t<\/p>\n\t<\/div>\n<\/div>\n<p><span id=\"wpcf7-69e4a0901ddd1-wrapper\" class=\"wpcf7-form-control-wrap email-ext-wrap\" ><label for=\"wpcf7-69e4a0901ddd1-field\" class=\"hp-message\">Please leave this field empty.<\/label><input id=\"wpcf7-69e4a0901ddd1-field\"  class=\"wpcf7-form-control wpcf7-text\" type=\"text\" name=\"email-ext\" value=\"\" size=\"40\" tabindex=\"-1\" autocomplete=\"new-password\" \/><\/span><br \/>\n<span id=\"wpcf7-69e4a0901de6d-wrapper\" class=\"wpcf7-form-control-wrap email-wrap\" ><label for=\"wpcf7-69e4a0901de6d-field\" class=\"hp-message\">Please leave this field empty.<\/label><input id=\"wpcf7-69e4a0901de6d-field\"  class=\"wpcf7-form-control wpcf7-text\" type=\"text\" name=\"email\" value=\"\" size=\"40\" tabindex=\"-1\" autocomplete=\"new-password\" \/><\/span><br \/>\n<span id=\"wpcf7-69e4a0901ded4-wrapper\" class=\"wpcf7-form-control-wrap number-wrap\" ><label for=\"wpcf7-69e4a0901ded4-field\" class=\"hp-message\">Please leave this field empty.<\/label><input id=\"wpcf7-69e4a0901ded4-field\"  class=\"wpcf7-form-control wpcf7-text\" type=\"text\" name=\"number\" value=\"\" size=\"40\" tabindex=\"-1\" autocomplete=\"new-password\" \/><\/span>\n<\/p><div class=\"wpcf7-response-output\" aria-hidden=\"true\"><\/div>\n<input type=\"hidden\" name=\"trp-form-language\" value=\"en\"\/><\/form>\n<\/div>\n<\/div>\n<\/div><\/div><\/div><\/div><\/div><\/div><\/div><\/div><div class=\"vc_row-full-width vc_clearfix\"><\/div><div id=\"tm-row-69e4a0901fd64\" class=\"vc_row vc_row-outer vc_row-fluid\"><div id=\"tm-column-69e4a0902004a\" class=\"wpb_column vc_column_container vc_col-sm-12\"><div class=\"vc_column-inner\"><div class=\"wpb_wrapper\"><div class=\"wpb_gmaps_widget wpb_content_element vc_map_responsive\"><div class=\"wpb_wrapper\"><div class=\"wpb_map_wraper\"><iframe loading=\"lazy\" src=\"https:\/\/www.google.com\/maps\/embed?pb=!1m18!1m12!1m3!1d2506.674344790824!2d16.99357031612297!3d51.07756134985987!2m3!1f0!2f0!3f0!3m2!1i1024!2i768!4f13.1!3m3!1m2!1s0x470fc233af07371d%3A0x955a1933eda670a8!2sAlfa-Net%20sp.%20z%20o.o.%20sp%C3%B3%C5%82ka%20komandytowa!5e0!3m2!1spl!2spl!4v1582537774561!5m2!1spl!2spl\" width=\"800\" height=\"600\" frameborder=\"0\" style=\"border:0;\" allowfullscreen=\"\"><\/iframe><\/div><\/div><\/div><\/div><\/div><\/div><\/div>\n<\/div>","protected":false},"excerpt":{"rendered":"Skontaktuj si\u0119 z nami SPOTKAJ SI\u0118 Z NAMI TUTAJ: Soba\u0144scy Alfa-Net Sp. K. Ul. Skarbowc\u00f3w 23a, 53-025 Wroc\u0142aw, Polska LUB NAPISZ DO NAS: office@alfa-net.pl (+48) 71 714 29 75 Ile wynosi wynik dzia\u0142ania 2 + 4? WY\u015aLIJ Zapozna\u0142em\/am si\u0119 i akceptuj\u0119 polityk\u0119 prywatno\u015bci Please leave this field empty. Please leave this field empty. Please leave this field empty.","protected":false},"author":2,"featured_media":0,"parent":0,"menu_order":0,"comment_status":"closed","ping_status":"closed","template":"","meta":{"footnotes":""},"class_list":["post-1329","page","type-page","status-publish","hentry"],"yoast_head":"<!-- This site is optimized with the Yoast SEO plugin v27.2 - https:\/\/yoast.com\/product\/yoast-seo-wordpress\/ -->\n<title>Cyfrowa transformacja- kontakt | Alfa-Net Software Development<\/title>\n<meta name=\"robots\" content=\"index, follow, max-snippet:-1, max-image-preview:large, max-video-preview:-1\" \/>\n<link rel=\"canonical\" href=\"https:\/\/alfa-net.pl\/en\/contact\/\" \/>\n<meta property=\"og:locale\" content=\"en_GB\" \/>\n<meta property=\"og:type\" content=\"article\" \/>\n<meta property=\"og:title\" content=\"Cyfrowa transformacja- kontakt | Alfa-Net Software Development\" \/>\n<meta property=\"og:url\" content=\"https:\/\/alfa-net.pl\/en\/contact\/\" \/>\n<meta property=\"og:site_name\" content=\"Alfa-Net - Software Development\" \/>\n<meta property=\"article:publisher\" content=\"https:\/\/www.facebook.com\/alfanet.spk\" \/>\n<meta property=\"article:modified_time\" content=\"2023-10-20T11:12:39+00:00\" \/>\n<meta name=\"twitter:card\" content=\"summary_large_image\" \/>\n<meta name=\"twitter:label1\" content=\"Estimated reading time\" \/>\n\t<meta name=\"twitter:data1\" content=\"1 minute\" \/>\n<script type=\"application\/ld+json\" class=\"yoast-schema-graph\">{\"@context\":\"https:\/\/schema.org\",\"@graph\":[{\"@type\":\"WebPage\",\"@id\":\"https:\/\/alfa-net.pl\/contact\/\",\"url\":\"https:\/\/alfa-net.pl\/contact\/\",\"name\":\"Cyfrowa transformacja- kontakt | Alfa-Net Software Development\",\"isPartOf\":{\"@id\":\"https:\/\/alfa-net.pl\/#website\"},\"datePublished\":\"2017-03-13T07:30:33+00:00\",\"dateModified\":\"2023-10-20T11:12:39+00:00\",\"breadcrumb\":{\"@id\":\"https:\/\/alfa-net.pl\/contact\/#breadcrumb\"},\"inLanguage\":\"en-GB\",\"potentialAction\":[{\"@type\":\"ReadAction\",\"target\":[\"https:\/\/alfa-net.pl\/contact\/\"]}]},{\"@type\":\"BreadcrumbList\",\"@id\":\"https:\/\/alfa-net.pl\/contact\/#breadcrumb\",\"itemListElement\":[{\"@type\":\"ListItem\",\"position\":1,\"name\":\"Strona g\u0142\u00f3wna\",\"item\":\"https:\/\/alfa-net.pl\/\"},{\"@type\":\"ListItem\",\"position\":2,\"name\":\"Kontakt\"}]},{\"@type\":\"WebSite\",\"@id\":\"https:\/\/alfa-net.pl\/#website\",\"url\":\"https:\/\/alfa-net.pl\/\",\"name\":\"Alfa-Net - Software Development\",\"description\":\"Software Development\",\"publisher\":{\"@id\":\"https:\/\/alfa-net.pl\/#organization\"},\"potentialAction\":[{\"@type\":\"SearchAction\",\"target\":{\"@type\":\"EntryPoint\",\"urlTemplate\":\"https:\/\/alfa-net.pl\/?s={search_term_string}\"},\"query-input\":{\"@type\":\"PropertyValueSpecification\",\"valueRequired\":true,\"valueName\":\"search_term_string\"}}],\"inLanguage\":\"en-GB\"},{\"@type\":\"Organization\",\"@id\":\"https:\/\/alfa-net.pl\/#organization\",\"name\":\"Alfa-Net\",\"url\":\"https:\/\/alfa-net.pl\/\",\"logo\":{\"@type\":\"ImageObject\",\"inLanguage\":\"en-GB\",\"@id\":\"https:\/\/alfa-net.pl\/#\/schema\/logo\/image\/\",\"url\":\"https:\/\/alfa-net.pl\/wp-content\/uploads\/2020\/03\/logoGreyFont_withPadding-2.png\",\"contentUrl\":\"https:\/\/alfa-net.pl\/wp-content\/uploads\/2020\/03\/logoGreyFont_withPadding-2.png\",\"width\":767,\"height\":767,\"caption\":\"Alfa-Net\"},\"image\":{\"@id\":\"https:\/\/alfa-net.pl\/#\/schema\/logo\/image\/\"},\"sameAs\":[\"https:\/\/www.facebook.com\/alfanet.spk\"]}]}<\/script>\n<!-- \/ Yoast SEO plugin. -->","yoast_head_json":{"title":"Cyfrowa transformacja- kontakt | Alfa-Net Software Development","robots":{"index":"index","follow":"follow","max-snippet":"max-snippet:-1","max-image-preview":"max-image-preview:large","max-video-preview":"max-video-preview:-1"},"canonical":"https:\/\/alfa-net.pl\/en\/contact\/","og_locale":"en_GB","og_type":"article","og_title":"Cyfrowa transformacja- kontakt | Alfa-Net Software Development","og_url":"https:\/\/alfa-net.pl\/en\/contact\/","og_site_name":"Alfa-Net - Software Development","article_publisher":"https:\/\/www.facebook.com\/alfanet.spk","article_modified_time":"2023-10-20T11:12:39+00:00","twitter_card":"summary_large_image","twitter_misc":{"Estimated reading time":"1 minute"},"schema":{"@context":"https:\/\/schema.org","@graph":[{"@type":"WebPage","@id":"https:\/\/alfa-net.pl\/contact\/","url":"https:\/\/alfa-net.pl\/contact\/","name":"Cyfrowa transformacja- kontakt | Alfa-Net Software Development","isPartOf":{"@id":"https:\/\/alfa-net.pl\/#website"},"datePublished":"2017-03-13T07:30:33+00:00","dateModified":"2023-10-20T11:12:39+00:00","breadcrumb":{"@id":"https:\/\/alfa-net.pl\/contact\/#breadcrumb"},"inLanguage":"en-GB","potentialAction":[{"@type":"ReadAction","target":["https:\/\/alfa-net.pl\/contact\/"]}]},{"@type":"BreadcrumbList","@id":"https:\/\/alfa-net.pl\/contact\/#breadcrumb","itemListElement":[{"@type":"ListItem","position":1,"name":"Strona g\u0142\u00f3wna","item":"https:\/\/alfa-net.pl\/"},{"@type":"ListItem","position":2,"name":"Kontakt"}]},{"@type":"WebSite","@id":"https:\/\/alfa-net.pl\/#website","url":"https:\/\/alfa-net.pl\/","name":"Alfa-Net - Software Development","description":"Software Development","publisher":{"@id":"https:\/\/alfa-net.pl\/#organization"},"potentialAction":[{"@type":"SearchAction","target":{"@type":"EntryPoint","urlTemplate":"https:\/\/alfa-net.pl\/?s={search_term_string}"},"query-input":{"@type":"PropertyValueSpecification","valueRequired":true,"valueName":"search_term_string"}}],"inLanguage":"en-GB"},{"@type":"Organization","@id":"https:\/\/alfa-net.pl\/#organization","name":"Alfa-Net","url":"https:\/\/alfa-net.pl\/","logo":{"@type":"ImageObject","inLanguage":"en-GB","@id":"https:\/\/alfa-net.pl\/#\/schema\/logo\/image\/","url":"https:\/\/alfa-net.pl\/wp-content\/uploads\/2020\/03\/logoGreyFont_withPadding-2.png","contentUrl":"https:\/\/alfa-net.pl\/wp-content\/uploads\/2020\/03\/logoGreyFont_withPadding-2.png","width":767,"height":767,"caption":"Alfa-Net"},"image":{"@id":"https:\/\/alfa-net.pl\/#\/schema\/logo\/image\/"},"sameAs":["https:\/\/www.facebook.com\/alfanet.spk"]}]}},"_links":{"self":[{"href":"https:\/\/alfa-net.pl\/en\/wp-json\/wp\/v2\/pages\/1329","targetHints":{"allow":["GET"]}}],"collection":[{"href":"https:\/\/alfa-net.pl\/en\/wp-json\/wp\/v2\/pages"}],"about":[{"href":"https:\/\/alfa-net.pl\/en\/wp-json\/wp\/v2\/types\/page"}],"author":[{"embeddable":true,"href":"https:\/\/alfa-net.pl\/en\/wp-json\/wp\/v2\/users\/2"}],"replies":[{"embeddable":true,"href":"https:\/\/alfa-net.pl\/en\/wp-json\/wp\/v2\/comments?post=1329"}],"version-history":[{"count":23,"href":"https:\/\/alfa-net.pl\/en\/wp-json\/wp\/v2\/pages\/1329\/revisions"}],"predecessor-version":[{"id":4829,"href":"https:\/\/alfa-net.pl\/en\/wp-json\/wp\/v2\/pages\/1329\/revisions\/4829"}],"wp:attachment":[{"href":"https:\/\/alfa-net.pl\/en\/wp-json\/wp\/v2\/media?parent=1329"}],"curies":[{"name":"wp","href":"https:\/\/api.w.org\/{rel}","templated":true}]}}