{"id":193,"date":"2017-02-21T03:00:28","date_gmt":"2017-02-21T03:00:28","guid":{"rendered":"https:\/\/alfa-net.pl\/portfolio-classic\/"},"modified":"2023-10-19T16:57:36","modified_gmt":"2023-10-19T14:57:36","slug":"portfolio-ane","status":"publish","type":"page","link":"https:\/\/alfa-net.pl\/en\/portfolio-ane\/","title":{"rendered":"Portfolio Alfa-Net"},"content":{"rendered":"<div class=\"wpb-content-wrapper\"><div id=\"tm-row-6a03204ed160b\" data-vc-full-width=\"true\" data-vc-full-width-init=\"false\" data-vc-stretch-content=\"true\" class=\"vc_row vc_row-outer vc_row-fluid rmbg-md-down\"><div id=\"tm-column-6a03204ed37d2\" class=\"wpb_column vc_column_container vc_col-sm-2\"><div class=\"vc_column-inner\"><div class=\"wpb_wrapper\"><\/div><\/div><\/div><div id=\"tm-column-6a03204ed39ec\" class=\"wpb_column vc_column_container vc_col-sm-5\"><div class=\"vc_column-inner\"><div class=\"wpb_wrapper\"><div class=\"vc_empty_space\"   style=\"height: 7rem\"><span class=\"vc_empty_space_inner\"><\/span><\/div>\n<div class=\"tm-heading left highlight-text tm-animation move-right\" id=\"tm-heading-6a03204ed3cd2\">\n\t<h1 class=\"heading\" style=\"\"><b>Portfolio<\/b><\/h1><\/div>\n\n<div class=\"vc_separator wpb_content_element vc_separator_align_center vc_sep_width_100 vc_sep_border_width_4 vc_sep_pos_align_left vc_separator_no_text wpb_content_element\" ><span class=\"vc_sep_holder vc_sep_holder_l\"><span style=\"border-color:#ffa408;\" class=\"vc_sep_line\"><\/span><\/span><span class=\"vc_sep_holder vc_sep_holder_r\"><span style=\"border-color:#ffa408;\" class=\"vc_sep_line\"><\/span><\/span>\n<\/div>\n\t<div class=\"wpb_text_column wpb_content_element\" >\n\t\t<div class=\"wpb_wrapper\">\n\t\t\t<p><span style=\"color: #000000;\">Cooperation with clients brings us immense satisfaction every day. <a style=\"color: #000000;\" href=\"https:\/\/alfa-net.pl\/en\/software-development-our-products\/\">The diverse range of projects in our portfolio proves that each one is always an interesting challenge for us.<\/a> Lately, our attention has been mainly <a style=\"color: #000000;\" href=\"https:\/\/pl.wikipedia.org\/wiki\/Czwarta_rewolucja_przemys\u0142owa\">focused on projects for Industry 4.0<\/a>.<\/span><\/p>\n\n\t\t<\/div>\n\t<\/div>\n<div class=\"vc_empty_space\"   style=\"height: 7rem\"><span class=\"vc_empty_space_inner\"><\/span><\/div><\/div><\/div><\/div><div id=\"tm-column-6a03204ed42fa\" class=\"wpb_column vc_column_container vc_col-sm-4\"><div class=\"vc_column-inner\"><div class=\"wpb_wrapper\"><\/div><\/div><\/div><\/div><div class=\"vc_row-full-width vc_clearfix\"><\/div><div id=\"tm-row-6a03204ed4499\" data-vc-full-width=\"true\" data-vc-full-width-init=\"false\" class=\"vc_row vc_row-outer vc_row-fluid\"><div id=\"tm-column-6a03204ed46b2\" class=\"wpb_column vc_column_container vc_col-sm-12\"><div class=\"vc_column-inner\"><div class=\"wpb_wrapper\">\n<div class=\"tm-heading center  tm-animation move-right\" id=\"tm-heading-6a03204ed4882\">\n\t<h2 class=\"heading\" style=\"color: #ffffff;\"><b>Here are some projects<br \/>\nwhich our team has recently been working on<\/b><\/h2><\/div>\n\n<\/div><\/div><\/div><\/div><div class=\"vc_row-full-width vc_clearfix\"><\/div><div id=\"tm-row-6a03204ed4aa7\" class=\"vc_row vc_row-outer vc_row-fluid\"><div id=\"tm-column-6a03204ed4ca9\" class=\"wpb_column vc_column_container vc_col-sm-12\"><div class=\"vc_column-inner\"><div class=\"wpb_wrapper\"><div class=\"vc_empty_space\"   style=\"height: 7rem\"><span class=\"vc_empty_space_inner\"><\/span><\/div><\/div><\/div><\/div><\/div><div id=\"tm-row-6a03204ed4ec0\" class=\"vc_row vc_row-outer vc_row-fluid\"><div id=\"tm-column-6a03204ed513e\" class=\"wpb_column vc_column_container vc_col-sm-12\"><div class=\"vc_column-inner\"><div class=\"wpb_wrapper\"><div class=\"vc_empty_space\"   style=\"height: 7px\"><span class=\"vc_empty_space_inner\"><\/span><\/div><div id=\"tm-row-inner-6a03204ed5383\" class=\"vc_row vc_inner vc_row-fluid\"><div id=\"tm-column-inner-6a03204ed54fe\" class=\"wpb_column vc_column_container vc_col-sm-4\"><div class=\"vc_column-inner\"><div class=\"wpb_wrapper\">\n\t<div class=\"wpb_single_image wpb_content_element vc_align_center\">\n\t\t\n\t\t<figure class=\"wpb_wrapper vc_figure\">\n\t\t\t<a href=\"https:\/\/alfa-net.pl\/en\/intralogistics-hub\/\" target=\"_self\" class=\"vc_single_image-wrapper   vc_box_border_grey\"><img loading=\"lazy\" decoding=\"async\" width=\"300\" height=\"300\" src=\"https:\/\/alfa-net.pl\/wp-content\/uploads\/2023\/08\/intralogistics_800px-300x300.png\" class=\"vc_single_image-img attachment-medium\" alt=\"intralogistics\" title=\"intralogistics_800px\" srcset=\"https:\/\/alfa-net.pl\/wp-content\/uploads\/2023\/08\/intralogistics_800px-300x300.png 300w, https:\/\/alfa-net.pl\/wp-content\/uploads\/2023\/08\/intralogistics_800px-150x150.png 150w, https:\/\/alfa-net.pl\/wp-content\/uploads\/2023\/08\/intralogistics_800px-768x768.png 768w, https:\/\/alfa-net.pl\/wp-content\/uploads\/2023\/08\/intralogistics_800px-12x12.png 12w, https:\/\/alfa-net.pl\/wp-content\/uploads\/2023\/08\/intralogistics_800px-600x600.png 600w, https:\/\/alfa-net.pl\/wp-content\/uploads\/2023\/08\/intralogistics_800px-500x500.png 500w, https:\/\/alfa-net.pl\/wp-content\/uploads\/2023\/08\/intralogistics_800px-480x480.png 480w, https:\/\/alfa-net.pl\/wp-content\/uploads\/2023\/08\/intralogistics_800px.png 800w\" sizes=\"auto, (max-width: 300px) 100vw, 300px\" \/><\/a>\n\t\t<\/figure>\n\t<\/div>\n\n<div class=\"tm-heading center  tm-animation move-right\" id=\"tm-heading-6a03204ed5ed1\">\n\t<h2 class=\"heading\" style=\"\"><b>Intralogistics<\/b><\/h2><\/div>\n\n<\/div><\/div><\/div><div id=\"tm-column-inner-6a03204ed6081\" class=\"wpb_column vc_column_container vc_col-sm-4\"><div class=\"vc_column-inner\"><div class=\"wpb_wrapper\">\n\t<div class=\"wpb_single_image wpb_content_element vc_align_center\">\n\t\t\n\t\t<figure class=\"wpb_wrapper vc_figure\">\n\t\t\t<a href=\"https:\/\/alfa-net.pl\/en\/asset-health-maintenance\/\" target=\"_self\" class=\"vc_single_image-wrapper   vc_box_border_grey\"><img loading=\"lazy\" decoding=\"async\" width=\"300\" height=\"300\" src=\"https:\/\/alfa-net.pl\/wp-content\/uploads\/2023\/08\/health_and_maintenance_1200px-300x300.png\" class=\"vc_single_image-img attachment-medium\" alt=\"asset health &amp; maintenance\" title=\"health_and_maintenance_1200px\" srcset=\"https:\/\/alfa-net.pl\/wp-content\/uploads\/2023\/08\/health_and_maintenance_1200px-300x300.png 300w, https:\/\/alfa-net.pl\/wp-content\/uploads\/2023\/08\/health_and_maintenance_1200px-1024x1024.png 1024w, https:\/\/alfa-net.pl\/wp-content\/uploads\/2023\/08\/health_and_maintenance_1200px-150x150.png 150w, https:\/\/alfa-net.pl\/wp-content\/uploads\/2023\/08\/health_and_maintenance_1200px-768x768.png 768w, https:\/\/alfa-net.pl\/wp-content\/uploads\/2023\/08\/health_and_maintenance_1200px-12x12.png 12w, https:\/\/alfa-net.pl\/wp-content\/uploads\/2023\/08\/health_and_maintenance_1200px-600x600.png 600w, https:\/\/alfa-net.pl\/wp-content\/uploads\/2023\/08\/health_and_maintenance_1200px-500x500.png 500w, https:\/\/alfa-net.pl\/wp-content\/uploads\/2023\/08\/health_and_maintenance_1200px-480x480.png 480w, https:\/\/alfa-net.pl\/wp-content\/uploads\/2023\/08\/health_and_maintenance_1200px-960x960.png 960w, https:\/\/alfa-net.pl\/wp-content\/uploads\/2023\/08\/health_and_maintenance_1200px.png 1200w\" sizes=\"auto, (max-width: 300px) 100vw, 300px\" \/><\/a>\n\t\t<\/figure>\n\t<\/div>\n\n<div class=\"tm-heading center  tm-animation move-right\" id=\"tm-heading-6a03204ed6999\">\n\t<h2 class=\"heading\" style=\"\"><b>Asset Health &amp; Maintenance<\/b><\/h2><\/div>\n\n<\/div><\/div><\/div><div id=\"tm-column-inner-6a03204ed6b08\" class=\"wpb_column vc_column_container vc_col-sm-4\"><div class=\"vc_column-inner\"><div class=\"wpb_wrapper\">\n\t<div class=\"wpb_single_image wpb_content_element vc_align_center\">\n\t\t\n\t\t<figure class=\"wpb_wrapper vc_figure\">\n\t\t\t<a href=\"https:\/\/alfa-net.pl\/en\/iot-4-air\/\" target=\"_self\" class=\"vc_single_image-wrapper   vc_box_border_grey\"><img loading=\"lazy\" decoding=\"async\" width=\"300\" height=\"300\" src=\"https:\/\/alfa-net.pl\/wp-content\/uploads\/2022\/11\/iot4air-Current-View-1-300x300.png\" class=\"vc_single_image-img attachment-medium\" alt=\"iot4air\" title=\"iot4air-Current View 1\" srcset=\"https:\/\/alfa-net.pl\/wp-content\/uploads\/2022\/11\/iot4air-Current-View-1-300x300.png 300w, https:\/\/alfa-net.pl\/wp-content\/uploads\/2022\/11\/iot4air-Current-View-1-150x150.png 150w, https:\/\/alfa-net.pl\/wp-content\/uploads\/2022\/11\/iot4air-Current-View-1-12x12.png 12w, https:\/\/alfa-net.pl\/wp-content\/uploads\/2022\/11\/iot4air-Current-View-1.png 330w\" sizes=\"auto, (max-width: 300px) 100vw, 300px\" \/><\/a>\n\t\t<\/figure>\n\t<\/div>\n\n<div class=\"tm-heading center  tm-animation move-right\" id=\"tm-heading-6a03204ed73ac\">\n\t<h2 class=\"heading\" style=\"\"><b>IoT 4 Air<\/b><\/h2><\/div>\n\n<\/div><\/div><\/div><\/div><div id=\"tm-row-inner-6a03204ed7550\" class=\"vc_row vc_inner vc_row-fluid\"><div id=\"tm-column-inner-6a03204ed7675\" class=\"wpb_column vc_column_container vc_col-sm-4\"><div class=\"vc_column-inner\"><div class=\"wpb_wrapper\">\n\t<div class=\"wpb_single_image wpb_content_element vc_align_center\">\n\t\t\n\t\t<figure class=\"wpb_wrapper vc_figure\">\n\t\t\t<a href=\"https:\/\/alfa-net.pl\/en\/analizator\/\" target=\"_self\" class=\"vc_single_image-wrapper   vc_box_border_grey\"><img loading=\"lazy\" decoding=\"async\" width=\"300\" height=\"300\" src=\"https:\/\/alfa-net.pl\/wp-content\/uploads\/2022\/11\/analizator-Current-View-1-300x300.png\" class=\"vc_single_image-img attachment-medium\" alt=\"analizator\" title=\"analizator-Current View 1\" srcset=\"https:\/\/alfa-net.pl\/wp-content\/uploads\/2022\/11\/analizator-Current-View-1-300x300.png 300w, https:\/\/alfa-net.pl\/wp-content\/uploads\/2022\/11\/analizator-Current-View-1-150x150.png 150w, https:\/\/alfa-net.pl\/wp-content\/uploads\/2022\/11\/analizator-Current-View-1-12x12.png 12w, https:\/\/alfa-net.pl\/wp-content\/uploads\/2022\/11\/analizator-Current-View-1.png 330w\" sizes=\"auto, (max-width: 300px) 100vw, 300px\" \/><\/a>\n\t\t<\/figure>\n\t<\/div>\n\n<div class=\"tm-heading center  tm-animation move-right\" id=\"tm-heading-6a03204ed7e9a\">\n\t<h2 class=\"heading\" style=\"\"><b>Analizator<\/b><\/h2><\/div>\n\n<\/div><\/div><\/div><div id=\"tm-column-inner-6a03204ed8032\" class=\"wpb_column vc_column_container vc_col-sm-4\"><div class=\"vc_column-inner\"><div class=\"wpb_wrapper\">\n\t<div class=\"wpb_single_image wpb_content_element vc_align_center\">\n\t\t\n\t\t<figure class=\"wpb_wrapper vc_figure\">\n\t\t\t<a href=\"https:\/\/alfa-net.pl\/en\/maxima\/\" target=\"_self\" class=\"vc_single_image-wrapper   vc_box_border_grey\"><img loading=\"lazy\" decoding=\"async\" width=\"300\" height=\"300\" src=\"https:\/\/alfa-net.pl\/wp-content\/uploads\/2022\/11\/maxima-Current-View-1-300x300.png\" class=\"vc_single_image-img attachment-medium\" alt=\"maxima\" title=\"maxima-Current View 1\" srcset=\"https:\/\/alfa-net.pl\/wp-content\/uploads\/2022\/11\/maxima-Current-View-1-300x300.png 300w, https:\/\/alfa-net.pl\/wp-content\/uploads\/2022\/11\/maxima-Current-View-1-150x150.png 150w, https:\/\/alfa-net.pl\/wp-content\/uploads\/2022\/11\/maxima-Current-View-1-12x12.png 12w, https:\/\/alfa-net.pl\/wp-content\/uploads\/2022\/11\/maxima-Current-View-1.png 330w\" sizes=\"auto, (max-width: 300px) 100vw, 300px\" \/><\/a>\n\t\t<\/figure>\n\t<\/div>\n\n<div class=\"tm-heading center  tm-animation move-right\" id=\"tm-heading-6a03204ed88a4\">\n\t<h2 class=\"heading\" style=\"\"><b>Maxima<\/b><\/h2><\/div>\n\n<\/div><\/div><\/div><div id=\"tm-column-inner-6a03204ed8a29\" class=\"wpb_column vc_column_container vc_col-sm-4\"><div class=\"vc_column-inner\"><div class=\"wpb_wrapper\">\n\t<div class=\"wpb_single_image wpb_content_element vc_align_center\">\n\t\t\n\t\t<figure class=\"wpb_wrapper vc_figure\">\n\t\t\t<a href=\"https:\/\/alfa-net.pl\/en\/spedit\/\" target=\"_self\" class=\"vc_single_image-wrapper   vc_box_border_grey\"><img loading=\"lazy\" decoding=\"async\" width=\"300\" height=\"300\" src=\"https:\/\/alfa-net.pl\/wp-content\/uploads\/2022\/11\/spedit-Current-View-1-300x300.png\" class=\"vc_single_image-img attachment-medium\" alt=\"spedit\" title=\"spedit-Current View 1\" srcset=\"https:\/\/alfa-net.pl\/wp-content\/uploads\/2022\/11\/spedit-Current-View-1-300x300.png 300w, https:\/\/alfa-net.pl\/wp-content\/uploads\/2022\/11\/spedit-Current-View-1-150x150.png 150w, https:\/\/alfa-net.pl\/wp-content\/uploads\/2022\/11\/spedit-Current-View-1-12x12.png 12w, https:\/\/alfa-net.pl\/wp-content\/uploads\/2022\/11\/spedit-Current-View-1.png 330w\" sizes=\"auto, (max-width: 300px) 100vw, 300px\" \/><\/a>\n\t\t<\/figure>\n\t<\/div>\n\n<div class=\"tm-heading center  tm-animation move-right\" id=\"tm-heading-6a03204ed92f0\">\n\t<h2 class=\"heading\" style=\"\"><b>Spedit<\/b><\/h2><\/div>\n\n<\/div><\/div><\/div><\/div><div class=\"vc_empty_space\"   style=\"height: 7rem\"><span class=\"vc_empty_space_inner\"><\/span><\/div><\/div><\/div><\/div><\/div><div id=\"tm-row-6a03204ed9699\" class=\"vc_row vc_row-outer vc_row-fluid\"><div id=\"tm-column-6a03204ed98c4\" class=\"wpb_column vc_column_container vc_col-sm-4\"><div class=\"vc_column-inner\"><div class=\"wpb_wrapper\">\n\t<div class=\"wpb_single_image wpb_content_element vc_align_center\">\n\t\t\n\t\t<figure class=\"wpb_wrapper vc_figure\">\n\t\t\t<a href=\"https:\/\/alfa-net.pl\/en\/3d-cutter\/\" target=\"_self\" class=\"vc_single_image-wrapper   vc_box_border_grey\"><img loading=\"lazy\" decoding=\"async\" width=\"300\" height=\"300\" src=\"https:\/\/alfa-net.pl\/wp-content\/uploads\/2022\/11\/3dcutter-Current-View-1-300x300.png\" class=\"vc_single_image-img attachment-medium\" alt=\"3d cutter\" title=\"3dcutter-Current View 1\" srcset=\"https:\/\/alfa-net.pl\/wp-content\/uploads\/2022\/11\/3dcutter-Current-View-1-300x300.png 300w, https:\/\/alfa-net.pl\/wp-content\/uploads\/2022\/11\/3dcutter-Current-View-1-150x150.png 150w, https:\/\/alfa-net.pl\/wp-content\/uploads\/2022\/11\/3dcutter-Current-View-1-12x12.png 12w, https:\/\/alfa-net.pl\/wp-content\/uploads\/2022\/11\/3dcutter-Current-View-1.png 330w\" sizes=\"auto, (max-width: 300px) 100vw, 300px\" \/><\/a>\n\t\t<\/figure>\n\t<\/div>\n\n<div class=\"tm-heading center  tm-animation move-right\" id=\"tm-heading-6a03204eda178\">\n\t<h2 class=\"heading\" style=\"\"><b>3D Cutter<\/b><\/h2><\/div>\n\n<div class=\"vc_empty_space\"   style=\"height: 7rem\"><span class=\"vc_empty_space_inner\"><\/span><\/div><\/div><\/div><\/div><div id=\"tm-column-6a03204eda36f\" class=\"wpb_column vc_column_container vc_col-sm-4\"><div class=\"vc_column-inner\"><div class=\"wpb_wrapper\"><\/div><\/div><\/div><div id=\"tm-column-6a03204eda486\" class=\"wpb_column vc_column_container vc_col-sm-4\"><div class=\"vc_column-inner\"><div class=\"wpb_wrapper\"><\/div><\/div><\/div><\/div><div id=\"tm-row-6a03204eda601\" data-vc-full-width=\"true\" data-vc-full-width-init=\"false\" data-vc-stretch-content=\"true\" class=\"vc_row vc_row-outer vc_row-fluid\"><div id=\"tm-column-6a03204eda7ca\" class=\"wpb_column vc_column_container vc_col-sm-6\"><div class=\"vc_column-inner\"><div class=\"wpb_wrapper\">\n<div class=\"tm-heading center  tm-animation move-right\" id=\"tm-heading-6a03204eda97d\">\n\t<h2 class=\"heading\" style=\"color: #ffffff;\"><b>Do you want to start a new project?<\/b><\/h2><\/div>\n\n<\/div><\/div><\/div><div id=\"tm-column-6a03204edaae6\" class=\"wpb_column vc_column_container vc_col-sm-6\"><div class=\"vc_column-inner\"><div class=\"wpb_wrapper\"><div class=\"tm-button-wrapper  vertical-align-center tm-animation scale-up\" id=\"tm-button-6a03204edac34\">\n\t\t<a class=\"tm-button style-2 tm-button-lg tm-button-white\" href=\"https:\/\/alfa-net.pl\/en\/contact\/\"\n\t\ttarget=\"_blank\"\t>\n\t\t<span>\n\t\t\t\t\t\tSEND US A MESSAGE!\t\t\t\t\t<\/span>\n\t<\/a>\n<\/div>\n<\/div><\/div><\/div><\/div><div class=\"vc_row-full-width vc_clearfix\"><\/div>\n<\/div>","protected":false},"excerpt":{"rendered":"Portfolio Wsp\u00f3\u0142praca z Klientami przynosi nam ka\u017cdego dnia ogrom satysfakcji.\u00a0R\u00f3\u017cnorodna tematyka projekt\u00f3w w naszym portfolio, dowodzi \u017ce ka\u017cdy z nich zawsze stanowi dla nas ciekawe wyzwanie. Ostatnio naszwa uwaga skupia si\u0119 g\u0142\u00f3wnie na projektach dla Przemys\u0142u 4.0. Oto kilka projekt\u00f3w nad kt\u00f3rymi nasz zesp\u00f3\u0142 pracowa\u0142 w ostatnim czasie Intralogistics Asset Health &amp; Maintenance IoT 4 Air Analizator Maxima Spedit 3D Cutter Chcesz rozpocz\u0105\u0107 nowy projekt? NAPISZ DO NAS!","protected":false},"author":2,"featured_media":0,"parent":0,"menu_order":0,"comment_status":"closed","ping_status":"closed","template":"","meta":{"footnotes":""},"class_list":["post-193","page","type-page","status-publish","hentry"],"yoast_head":"<!-- This site is optimized with the Yoast SEO plugin v27.5 - https:\/\/yoast.com\/product\/yoast-seo-wordpress\/ -->\n<title>Portfolio | Alfa-Net Software Development<\/title>\n<meta name=\"description\" content=\"Portfolio Alfa-Net. Poznaj nas od strony wykonanych projekt\u00f3w, zadowolonych klient\u00f3w i autorskich rozwi\u0105za\u0144.\" \/>\n<meta name=\"robots\" content=\"index, follow, max-snippet:-1, max-image-preview:large, max-video-preview:-1\" \/>\n<link rel=\"canonical\" href=\"https:\/\/alfa-net.pl\/en\/portfolio-ane\/\" \/>\n<meta property=\"og:locale\" content=\"en_GB\" \/>\n<meta property=\"og:type\" content=\"article\" \/>\n<meta property=\"og:title\" content=\"Portfolio | Alfa-Net Software Development\" \/>\n<meta property=\"og:description\" content=\"Portfolio Alfa-Net. Poznaj nas od strony wykonanych projekt\u00f3w, zadowolonych klient\u00f3w i autorskich rozwi\u0105za\u0144.\" \/>\n<meta property=\"og:url\" content=\"https:\/\/alfa-net.pl\/en\/portfolio-ane\/\" \/>\n<meta property=\"og:site_name\" content=\"Alfa-Net - Software Development\" \/>\n<meta property=\"article:publisher\" content=\"https:\/\/www.facebook.com\/alfanet.spk\" \/>\n<meta property=\"article:modified_time\" content=\"2023-10-19T14:57:36+00:00\" \/>\n<meta name=\"twitter:card\" content=\"summary_large_image\" \/>\n<meta name=\"twitter:label1\" content=\"Estimated reading time\" \/>\n\t<meta name=\"twitter:data1\" content=\"2 minutes\" \/>\n<script type=\"application\/ld+json\" class=\"yoast-schema-graph\">{\"@context\":\"https:\\\/\\\/schema.org\",\"@graph\":[{\"@type\":\"WebPage\",\"@id\":\"https:\\\/\\\/alfa-net.pl\\\/portfolio-ane\\\/\",\"url\":\"https:\\\/\\\/alfa-net.pl\\\/portfolio-ane\\\/\",\"name\":\"Portfolio | Alfa-Net Software Development\",\"isPartOf\":{\"@id\":\"https:\\\/\\\/alfa-net.pl\\\/#website\"},\"datePublished\":\"2017-02-21T03:00:28+00:00\",\"dateModified\":\"2023-10-19T14:57:36+00:00\",\"description\":\"Portfolio Alfa-Net. Poznaj nas od strony wykonanych projekt\u00f3w, zadowolonych klient\u00f3w i autorskich rozwi\u0105za\u0144.\",\"breadcrumb\":{\"@id\":\"https:\\\/\\\/alfa-net.pl\\\/portfolio-ane\\\/#breadcrumb\"},\"inLanguage\":\"en-GB\",\"potentialAction\":[{\"@type\":\"ReadAction\",\"target\":[\"https:\\\/\\\/alfa-net.pl\\\/portfolio-ane\\\/\"]}]},{\"@type\":\"BreadcrumbList\",\"@id\":\"https:\\\/\\\/alfa-net.pl\\\/portfolio-ane\\\/#breadcrumb\",\"itemListElement\":[{\"@type\":\"ListItem\",\"position\":1,\"name\":\"Strona g\u0142\u00f3wna\",\"item\":\"https:\\\/\\\/alfa-net.pl\\\/\"},{\"@type\":\"ListItem\",\"position\":2,\"name\":\"Portfolio Alfa-Net\"}]},{\"@type\":\"WebSite\",\"@id\":\"https:\\\/\\\/alfa-net.pl\\\/#website\",\"url\":\"https:\\\/\\\/alfa-net.pl\\\/\",\"name\":\"Alfa-Net - Software Development\",\"description\":\"Software Development\",\"publisher\":{\"@id\":\"https:\\\/\\\/alfa-net.pl\\\/#organization\"},\"potentialAction\":[{\"@type\":\"SearchAction\",\"target\":{\"@type\":\"EntryPoint\",\"urlTemplate\":\"https:\\\/\\\/alfa-net.pl\\\/?s={search_term_string}\"},\"query-input\":{\"@type\":\"PropertyValueSpecification\",\"valueRequired\":true,\"valueName\":\"search_term_string\"}}],\"inLanguage\":\"en-GB\"},{\"@type\":\"Organization\",\"@id\":\"https:\\\/\\\/alfa-net.pl\\\/#organization\",\"name\":\"Alfa-Net\",\"url\":\"https:\\\/\\\/alfa-net.pl\\\/\",\"logo\":{\"@type\":\"ImageObject\",\"inLanguage\":\"en-GB\",\"@id\":\"https:\\\/\\\/alfa-net.pl\\\/#\\\/schema\\\/logo\\\/image\\\/\",\"url\":\"https:\\\/\\\/alfa-net.pl\\\/wp-content\\\/uploads\\\/2020\\\/03\\\/logoGreyFont_withPadding-2.png\",\"contentUrl\":\"https:\\\/\\\/alfa-net.pl\\\/wp-content\\\/uploads\\\/2020\\\/03\\\/logoGreyFont_withPadding-2.png\",\"width\":767,\"height\":767,\"caption\":\"Alfa-Net\"},\"image\":{\"@id\":\"https:\\\/\\\/alfa-net.pl\\\/#\\\/schema\\\/logo\\\/image\\\/\"},\"sameAs\":[\"https:\\\/\\\/www.facebook.com\\\/alfanet.spk\"]}]}<\/script>\n<!-- \/ Yoast SEO plugin. -->","yoast_head_json":{"title":"Portfolio | Alfa-Net Software Development","description":"Portfolio Alfa-Net. Poznaj nas od strony wykonanych projekt\u00f3w, zadowolonych klient\u00f3w i autorskich rozwi\u0105za\u0144.","robots":{"index":"index","follow":"follow","max-snippet":"max-snippet:-1","max-image-preview":"max-image-preview:large","max-video-preview":"max-video-preview:-1"},"canonical":"https:\/\/alfa-net.pl\/en\/portfolio-ane\/","og_locale":"en_GB","og_type":"article","og_title":"Portfolio | Alfa-Net Software Development","og_description":"Portfolio Alfa-Net. Poznaj nas od strony wykonanych projekt\u00f3w, zadowolonych klient\u00f3w i autorskich rozwi\u0105za\u0144.","og_url":"https:\/\/alfa-net.pl\/en\/portfolio-ane\/","og_site_name":"Alfa-Net - Software Development","article_publisher":"https:\/\/www.facebook.com\/alfanet.spk","article_modified_time":"2023-10-19T14:57:36+00:00","twitter_card":"summary_large_image","twitter_misc":{"Estimated reading time":"2 minutes"},"schema":{"@context":"https:\/\/schema.org","@graph":[{"@type":"WebPage","@id":"https:\/\/alfa-net.pl\/portfolio-ane\/","url":"https:\/\/alfa-net.pl\/portfolio-ane\/","name":"Portfolio | Alfa-Net Software Development","isPartOf":{"@id":"https:\/\/alfa-net.pl\/#website"},"datePublished":"2017-02-21T03:00:28+00:00","dateModified":"2023-10-19T14:57:36+00:00","description":"Portfolio Alfa-Net. Poznaj nas od strony wykonanych projekt\u00f3w, zadowolonych klient\u00f3w i autorskich rozwi\u0105za\u0144.","breadcrumb":{"@id":"https:\/\/alfa-net.pl\/portfolio-ane\/#breadcrumb"},"inLanguage":"en-GB","potentialAction":[{"@type":"ReadAction","target":["https:\/\/alfa-net.pl\/portfolio-ane\/"]}]},{"@type":"BreadcrumbList","@id":"https:\/\/alfa-net.pl\/portfolio-ane\/#breadcrumb","itemListElement":[{"@type":"ListItem","position":1,"name":"Strona g\u0142\u00f3wna","item":"https:\/\/alfa-net.pl\/"},{"@type":"ListItem","position":2,"name":"Portfolio Alfa-Net"}]},{"@type":"WebSite","@id":"https:\/\/alfa-net.pl\/#website","url":"https:\/\/alfa-net.pl\/","name":"Alfa-Net - Software Development","description":"Software Development","publisher":{"@id":"https:\/\/alfa-net.pl\/#organization"},"potentialAction":[{"@type":"SearchAction","target":{"@type":"EntryPoint","urlTemplate":"https:\/\/alfa-net.pl\/?s={search_term_string}"},"query-input":{"@type":"PropertyValueSpecification","valueRequired":true,"valueName":"search_term_string"}}],"inLanguage":"en-GB"},{"@type":"Organization","@id":"https:\/\/alfa-net.pl\/#organization","name":"Alfa-Net","url":"https:\/\/alfa-net.pl\/","logo":{"@type":"ImageObject","inLanguage":"en-GB","@id":"https:\/\/alfa-net.pl\/#\/schema\/logo\/image\/","url":"https:\/\/alfa-net.pl\/wp-content\/uploads\/2020\/03\/logoGreyFont_withPadding-2.png","contentUrl":"https:\/\/alfa-net.pl\/wp-content\/uploads\/2020\/03\/logoGreyFont_withPadding-2.png","width":767,"height":767,"caption":"Alfa-Net"},"image":{"@id":"https:\/\/alfa-net.pl\/#\/schema\/logo\/image\/"},"sameAs":["https:\/\/www.facebook.com\/alfanet.spk"]}]}},"_links":{"self":[{"href":"https:\/\/alfa-net.pl\/en\/wp-json\/wp\/v2\/pages\/193","targetHints":{"allow":["GET"]}}],"collection":[{"href":"https:\/\/alfa-net.pl\/en\/wp-json\/wp\/v2\/pages"}],"about":[{"href":"https:\/\/alfa-net.pl\/en\/wp-json\/wp\/v2\/types\/page"}],"author":[{"embeddable":true,"href":"https:\/\/alfa-net.pl\/en\/wp-json\/wp\/v2\/users\/2"}],"replies":[{"embeddable":true,"href":"https:\/\/alfa-net.pl\/en\/wp-json\/wp\/v2\/comments?post=193"}],"version-history":[{"count":45,"href":"https:\/\/alfa-net.pl\/en\/wp-json\/wp\/v2\/pages\/193\/revisions"}],"predecessor-version":[{"id":6084,"href":"https:\/\/alfa-net.pl\/en\/wp-json\/wp\/v2\/pages\/193\/revisions\/6084"}],"wp:attachment":[{"href":"https:\/\/alfa-net.pl\/en\/wp-json\/wp\/v2\/media?parent=193"}],"curies":[{"name":"wp","href":"https:\/\/api.w.org\/{rel}","templated":true}]}}