{"id":4782,"date":"2020-10-12T11:37:52","date_gmt":"2020-10-12T09:37:52","guid":{"rendered":"https:\/\/alfa-net.pl\/?page_id=4782"},"modified":"2023-10-19T19:13:06","modified_gmt":"2023-10-19T17:13:06","slug":"career","status":"publish","type":"page","link":"https:\/\/alfa-net.pl\/en\/career\/","title":{"rendered":"Career"},"content":{"rendered":"<div class=\"wpb-content-wrapper\"><div id=\"tm-row-69d1d6d702af8\" class=\"vc_row vc_row-outer vc_row-fluid\"><div id=\"tm-column-69d1d6d70316b\" class=\"wpb_column vc_column_container vc_col-sm-12\"><div class=\"vc_column-inner\"><div class=\"wpb_wrapper\"><div id=\"tm-row-inner-69d1d6d7032b5\" class=\"vc_row vc_inner vc_row-fluid\"><div id=\"tm-column-inner-69d1d6d7033d6\" class=\"wpb_column vc_column_container vc_col-sm-12\"><div class=\"vc_column-inner\"><div class=\"wpb_wrapper\">\n<div class=\"tm-heading left  tm-animation move-right\" id=\"tm-heading-69d1d6d703589\">\n\t<h1 class=\"heading secondary-color\" style=\"\">Join our team!<\/h1><\/div>\n\n<\/div><\/div><\/div><\/div><div id=\"tm-row-inner-69d1d6d70388a\" class=\"vc_row vc_inner vc_row-fluid vc_column-gap-2\"><div id=\"tm-column-inner-69d1d6d70396d\" class=\"wpb_column vc_column_container vc_col-sm-4\"><div class=\"vc_column-inner\"><div class=\"wpb_wrapper\">\n<div class=\"tm-heading left  tm-animation move-right\" id=\"tm-heading-69d1d6d703a66\">\n\t<h2 class=\"heading primary-color\" style=\"\">Start your career at Alfa-Net!<\/h2><\/div>\n\n<\/div><\/div><\/div><div id=\"tm-column-inner-69d1d6d703b3b\" class=\"wpb_column vc_column_container vc_col-sm-8\"><div class=\"vc_column-inner\"><div class=\"wpb_wrapper\">\n<div class=\"tm-heading left  tm-animation move-right\" id=\"tm-heading-69d1d6d703c4a\">\n\t<p class=\"heading\" style=\"\">We invite IT students to do student internships in our company.<br \/>\nBecome a part of our team. For a while\u2026 or maybe longer \ud83d\ude42<\/p>\n<p>Please send your application to the HR department by e-mail <b>office@alfa-net.pl<\/b><\/p><\/div>\n\n<\/div><\/div><\/div><\/div><\/div><\/div><\/div><div id=\"tm-column-69d1d6d703d84\" class=\"wpb_column vc_column_container vc_col-sm-12\"><div class=\"vc_column-inner\"><div class=\"wpb_wrapper\">\n<div class=\"tm-heading left  tm-animation move-right\" id=\"tm-heading-69d1d6d703e79\">\n\t<p class=\"heading primary-color\" style=\"\">Please add the following clause: \"I consent to the processing of my personal data for the Please add the following clause: \"purposes of the recruitment process (in accordance with the Act of May 10, 2018 on the protection of personal data (Journal of Laws of 2018, item 1000) and in accordance with the Regulation (EU) 2016\/679 of the European Parliament and of the Council of 27 April 2016 on the protection of individuals with regard to the processing of personal data and on the free movement of such data, and repealing Directive 95\/46 \/ EC (GDPR)\"<\/p><\/div>\n\n<\/div><\/div><\/div><\/div><div id=\"tm-row-69d1d6d703fac\" class=\"vc_row vc_row-outer vc_row-fluid\"><div id=\"tm-column-69d1d6d70416f\" class=\"wpb_column vc_column_container vc_col-sm-12\"><div class=\"vc_column-inner\"><div class=\"wpb_wrapper\">\n<div class=\"tm-heading left  tm-animation move-right\" id=\"tm-heading-69d1d6d704276\">\n\t<h2 class=\"heading secondary-color\" style=\"\">What can you expect?<\/h2><\/div>\n\n<\/div><\/div><\/div><div id=\"tm-column-69d1d6d704372\" class=\"wpb_column vc_column_container vc_col-sm-4\"><div class=\"vc_column-inner\"><div class=\"wpb_wrapper\"><div class=\"tm-box-icon-wrap style-2\">\n\t<div class=\"tm-box-icon  style-2 tm-animation scale-up\" id=\"tm-heading-69d1d6d7044a5\">\n\t\t\t\t<div class=\"content-wrap\">\n\t\t\t\t\t\t\t\t\t\t\t\t<div class=\"icon\">\n\t\t\t\t\t\t<i class=\"icon-arrows-plus secondary-color-important secondary-border-color-important\"><\/i>\n\t\t\t\t\t<\/div>\n\t\t\t\t\t\t\t\t\t\t<div class=\"content\">\n\t\t\t\t\t\t\t\t\t<h4 class=\"heading primary-color-important\">\n\t\t\t\t\t\t\n\t\t\t\t\t\t\tChallenging projects\n\t\t\t\t\t\t\t\n\t\t\t\t\t<\/h4>\n\t\t\t\t\t\t\t\t\t\t\t\t\t<div class=\"text\">\n\t\t\t\t\t\tWorking with advanced technologies will help you grow and extend your skills.\t\t\t\t\t<\/div>\n\t\t\t\t\n\t\t\t\t\t\t\t<\/div>\n\t\t<\/div>\n\t<\/div>\n<\/div>\n<\/div><\/div><\/div><div id=\"tm-column-69d1d6d704578\" class=\"wpb_column vc_column_container vc_col-sm-4\"><div class=\"vc_column-inner\"><div class=\"wpb_wrapper\"><div class=\"tm-box-icon-wrap style-2\">\n\t<div class=\"tm-box-icon  style-2 tm-animation scale-up\" id=\"tm-heading-69d1d6d70463a\">\n\t\t\t\t<div class=\"content-wrap\">\n\t\t\t\t\t\t\t\t\t\t\t\t<div class=\"icon\">\n\t\t\t\t\t\t<i class=\"icon-arrows-plus secondary-color-important secondary-border-color-important\"><\/i>\n\t\t\t\t\t<\/div>\n\t\t\t\t\t\t\t\t\t\t<div class=\"content\">\n\t\t\t\t\t\t\t\t\t<h4 class=\"heading\">\n\t\t\t\t\t\t\n\t\t\t\t\t\t\tImpact on the project\n\t\t\t\t\t\t\t\n\t\t\t\t\t<\/h4>\n\t\t\t\t\t\t\t\t\t\t\t\t\t<div class=\"text\">\n\t\t\t\t\t\tYou will have a real influence to make business decisions.\t\t\t\t\t<\/div>\n\t\t\t\t\n\t\t\t\t\t\t\t<\/div>\n\t\t<\/div>\n\t<\/div>\n<\/div>\n<\/div><\/div><\/div><div id=\"tm-column-69d1d6d7046dc\" class=\"wpb_column vc_column_container vc_col-sm-4\"><div class=\"vc_column-inner\"><div class=\"wpb_wrapper\"><div class=\"tm-box-icon-wrap style-2\">\n\t<div class=\"tm-box-icon  style-2 tm-animation scale-up\" id=\"tm-heading-69d1d6d704796\">\n\t\t\t\t<div class=\"content-wrap\">\n\t\t\t\t\t\t\t\t\t\t\t\t<div class=\"icon\">\n\t\t\t\t\t\t<i class=\"icon-arrows-plus secondary-color-important secondary-border-color-important\"><\/i>\n\t\t\t\t\t<\/div>\n\t\t\t\t\t\t\t\t\t\t<div class=\"content\">\n\t\t\t\t\t\t\t\t\t<h4 class=\"heading\">\n\t\t\t\t\t\t\n\t\t\t\t\t\t\tGreat team\n\t\t\t\t\t\t\t\n\t\t\t\t\t<\/h4>\n\t\t\t\t\t\t\t\t\t\t\t\t\t<div class=\"text\">\n\t\t\t\t\t\tWe make a strong team. We love to spend time together and have fun.\t\t\t\t\t<\/div>\n\t\t\t\t\n\t\t\t\t\t\t\t<\/div>\n\t\t<\/div>\n\t<\/div>\n<\/div>\n<\/div><\/div><\/div><\/div>\n<\/div>","protected":false},"excerpt":{"rendered":"Do\u0142\u0105cz do nas! Rozpocznij karier\u0119 w Alfa-Net! Zapraszamy student\u00f3w informatyki do odbycia praktyk studenckich w naszej firmie. Zosta\u0144 cz\u0119\u015bci\u0105 naszego zespo\u0142u. Na chwil\u0119\u2026 a mo\u017ce na d\u0142u\u017cej Aplikacje prosimy przesy\u0142a\u0107 na adres: office@alfa-net.pl Prosimy o dopisanie nast\u0119puj\u0105cej klauzuli: \u201eWyra\u017cam zgod\u0119 na przetwarzanie moich danych osobowych dla potrzeb niezb\u0119dnych do realizacji procesu rekrutacji (zgodnie z ustaw\u0105 z dnia 10 maja 2018 roku o ochronie danych osobowych (Dz. Ustaw z 2018, poz. 1000) oraz zgodnie z Rozporz\u0105dzeniem Parlamentu Europejskiego i Rady (UE) 2016\/679 z dnia 27 kwietnia 2016 r. w sprawie ochrony os\u00f3b fizycznych w zwi\u0105zku z przetwarzaniem danych osobowych i w sprawie swobodnego przep\u0142ywu takich danych oraz uchylenia dyrektywy 95\/46\/WE (RODO) Czego mo\u017cesz od nas oczekiwa\u0107? Ambitne projekty Praca przy u\u017cyciu zaawansowanych technologii pomo\u017ce Ci si\u0119 rozwija\u0107 i rozszerza\u0107 zakres swoich umiej\u0119tno\u015bci. Wp\u0142yw na projekt B\u0119dziesz mie\u0107 realny wp\u0142yw w podejmowaniu decyzji biznesowych. \u015awietny zesp\u00f3\u0142 Tworzymy silny zgrany zesp\u00f3\u0142. Uwielbiamy sp\u0119dza\u0107 razem czas i dobrze si\u0119 bawi\u0107.","protected":false},"author":2,"featured_media":0,"parent":0,"menu_order":0,"comment_status":"closed","ping_status":"closed","template":"","meta":{"footnotes":""},"class_list":["post-4782","page","type-page","status-publish","hentry"],"yoast_head":"<!-- This site is optimized with the Yoast SEO plugin v27.2 - https:\/\/yoast.com\/product\/yoast-seo-wordpress\/ -->\n<title>Stanowisko programisty - kariera | Alfa-Net Software Development<\/title>\n<meta name=\"description\" content=\"stanowisko programisty\" \/>\n<meta name=\"robots\" content=\"index, follow, max-snippet:-1, max-image-preview:large, max-video-preview:-1\" \/>\n<link rel=\"canonical\" href=\"https:\/\/alfa-net.pl\/en\/career\/\" \/>\n<meta property=\"og:locale\" content=\"en_GB\" \/>\n<meta property=\"og:type\" content=\"article\" \/>\n<meta property=\"og:title\" content=\"Stanowisko programisty - kariera | Alfa-Net Software Development\" \/>\n<meta property=\"og:description\" content=\"stanowisko programisty\" \/>\n<meta property=\"og:url\" content=\"https:\/\/alfa-net.pl\/en\/career\/\" \/>\n<meta property=\"og:site_name\" content=\"Alfa-Net - Software Development\" \/>\n<meta property=\"article:publisher\" content=\"https:\/\/www.facebook.com\/alfanet.spk\" \/>\n<meta property=\"article:modified_time\" content=\"2023-10-19T17:13:06+00:00\" \/>\n<meta name=\"twitter:card\" content=\"summary_large_image\" \/>\n<meta name=\"twitter:label1\" content=\"Estimated reading time\" \/>\n\t<meta name=\"twitter:data1\" content=\"2 minutes\" \/>\n<script type=\"application\/ld+json\" class=\"yoast-schema-graph\">{\"@context\":\"https:\/\/schema.org\",\"@graph\":[{\"@type\":\"WebPage\",\"@id\":\"https:\/\/alfa-net.pl\/career\/\",\"url\":\"https:\/\/alfa-net.pl\/career\/\",\"name\":\"Stanowisko programisty - kariera | Alfa-Net Software Development\",\"isPartOf\":{\"@id\":\"https:\/\/alfa-net.pl\/#website\"},\"datePublished\":\"2020-10-12T09:37:52+00:00\",\"dateModified\":\"2023-10-19T17:13:06+00:00\",\"description\":\"stanowisko programisty\",\"breadcrumb\":{\"@id\":\"https:\/\/alfa-net.pl\/career\/#breadcrumb\"},\"inLanguage\":\"en-GB\",\"potentialAction\":[{\"@type\":\"ReadAction\",\"target\":[\"https:\/\/alfa-net.pl\/career\/\"]}]},{\"@type\":\"BreadcrumbList\",\"@id\":\"https:\/\/alfa-net.pl\/career\/#breadcrumb\",\"itemListElement\":[{\"@type\":\"ListItem\",\"position\":1,\"name\":\"Strona g\u0142\u00f3wna\",\"item\":\"https:\/\/alfa-net.pl\/\"},{\"@type\":\"ListItem\",\"position\":2,\"name\":\"Kariera\"}]},{\"@type\":\"WebSite\",\"@id\":\"https:\/\/alfa-net.pl\/#website\",\"url\":\"https:\/\/alfa-net.pl\/\",\"name\":\"Alfa-Net - Software Development\",\"description\":\"Software Development\",\"publisher\":{\"@id\":\"https:\/\/alfa-net.pl\/#organization\"},\"potentialAction\":[{\"@type\":\"SearchAction\",\"target\":{\"@type\":\"EntryPoint\",\"urlTemplate\":\"https:\/\/alfa-net.pl\/?s={search_term_string}\"},\"query-input\":{\"@type\":\"PropertyValueSpecification\",\"valueRequired\":true,\"valueName\":\"search_term_string\"}}],\"inLanguage\":\"en-GB\"},{\"@type\":\"Organization\",\"@id\":\"https:\/\/alfa-net.pl\/#organization\",\"name\":\"Alfa-Net\",\"url\":\"https:\/\/alfa-net.pl\/\",\"logo\":{\"@type\":\"ImageObject\",\"inLanguage\":\"en-GB\",\"@id\":\"https:\/\/alfa-net.pl\/#\/schema\/logo\/image\/\",\"url\":\"https:\/\/alfa-net.pl\/wp-content\/uploads\/2020\/03\/logoGreyFont_withPadding-2.png\",\"contentUrl\":\"https:\/\/alfa-net.pl\/wp-content\/uploads\/2020\/03\/logoGreyFont_withPadding-2.png\",\"width\":767,\"height\":767,\"caption\":\"Alfa-Net\"},\"image\":{\"@id\":\"https:\/\/alfa-net.pl\/#\/schema\/logo\/image\/\"},\"sameAs\":[\"https:\/\/www.facebook.com\/alfanet.spk\"]}]}<\/script>\n<!-- \/ Yoast SEO plugin. -->","yoast_head_json":{"title":"Stanowisko programisty - kariera | Alfa-Net Software Development","description":"stanowisko programisty","robots":{"index":"index","follow":"follow","max-snippet":"max-snippet:-1","max-image-preview":"max-image-preview:large","max-video-preview":"max-video-preview:-1"},"canonical":"https:\/\/alfa-net.pl\/en\/career\/","og_locale":"en_GB","og_type":"article","og_title":"Stanowisko programisty - kariera | Alfa-Net Software Development","og_description":"stanowisko programisty","og_url":"https:\/\/alfa-net.pl\/en\/career\/","og_site_name":"Alfa-Net - Software Development","article_publisher":"https:\/\/www.facebook.com\/alfanet.spk","article_modified_time":"2023-10-19T17:13:06+00:00","twitter_card":"summary_large_image","twitter_misc":{"Estimated reading time":"2 minutes"},"schema":{"@context":"https:\/\/schema.org","@graph":[{"@type":"WebPage","@id":"https:\/\/alfa-net.pl\/career\/","url":"https:\/\/alfa-net.pl\/career\/","name":"Stanowisko programisty - kariera | Alfa-Net Software Development","isPartOf":{"@id":"https:\/\/alfa-net.pl\/#website"},"datePublished":"2020-10-12T09:37:52+00:00","dateModified":"2023-10-19T17:13:06+00:00","description":"stanowisko programisty","breadcrumb":{"@id":"https:\/\/alfa-net.pl\/career\/#breadcrumb"},"inLanguage":"en-GB","potentialAction":[{"@type":"ReadAction","target":["https:\/\/alfa-net.pl\/career\/"]}]},{"@type":"BreadcrumbList","@id":"https:\/\/alfa-net.pl\/career\/#breadcrumb","itemListElement":[{"@type":"ListItem","position":1,"name":"Strona g\u0142\u00f3wna","item":"https:\/\/alfa-net.pl\/"},{"@type":"ListItem","position":2,"name":"Kariera"}]},{"@type":"WebSite","@id":"https:\/\/alfa-net.pl\/#website","url":"https:\/\/alfa-net.pl\/","name":"Alfa-Net - Software Development","description":"Software Development","publisher":{"@id":"https:\/\/alfa-net.pl\/#organization"},"potentialAction":[{"@type":"SearchAction","target":{"@type":"EntryPoint","urlTemplate":"https:\/\/alfa-net.pl\/?s={search_term_string}"},"query-input":{"@type":"PropertyValueSpecification","valueRequired":true,"valueName":"search_term_string"}}],"inLanguage":"en-GB"},{"@type":"Organization","@id":"https:\/\/alfa-net.pl\/#organization","name":"Alfa-Net","url":"https:\/\/alfa-net.pl\/","logo":{"@type":"ImageObject","inLanguage":"en-GB","@id":"https:\/\/alfa-net.pl\/#\/schema\/logo\/image\/","url":"https:\/\/alfa-net.pl\/wp-content\/uploads\/2020\/03\/logoGreyFont_withPadding-2.png","contentUrl":"https:\/\/alfa-net.pl\/wp-content\/uploads\/2020\/03\/logoGreyFont_withPadding-2.png","width":767,"height":767,"caption":"Alfa-Net"},"image":{"@id":"https:\/\/alfa-net.pl\/#\/schema\/logo\/image\/"},"sameAs":["https:\/\/www.facebook.com\/alfanet.spk"]}]}},"_links":{"self":[{"href":"https:\/\/alfa-net.pl\/en\/wp-json\/wp\/v2\/pages\/4782","targetHints":{"allow":["GET"]}}],"collection":[{"href":"https:\/\/alfa-net.pl\/en\/wp-json\/wp\/v2\/pages"}],"about":[{"href":"https:\/\/alfa-net.pl\/en\/wp-json\/wp\/v2\/types\/page"}],"author":[{"embeddable":true,"href":"https:\/\/alfa-net.pl\/en\/wp-json\/wp\/v2\/users\/2"}],"replies":[{"embeddable":true,"href":"https:\/\/alfa-net.pl\/en\/wp-json\/wp\/v2\/comments?post=4782"}],"version-history":[{"count":29,"href":"https:\/\/alfa-net.pl\/en\/wp-json\/wp\/v2\/pages\/4782\/revisions"}],"predecessor-version":[{"id":6030,"href":"https:\/\/alfa-net.pl\/en\/wp-json\/wp\/v2\/pages\/4782\/revisions\/6030"}],"wp:attachment":[{"href":"https:\/\/alfa-net.pl\/en\/wp-json\/wp\/v2\/media?parent=4782"}],"curies":[{"name":"wp","href":"https:\/\/api.w.org\/{rel}","templated":true}]}}