{"id":4824,"date":"2020-10-19T12:20:55","date_gmt":"2020-10-19T10:20:55","guid":{"rendered":"https:\/\/alfa-net.pl\/?page_id=4824"},"modified":"2023-10-20T12:49:59","modified_gmt":"2023-10-20T10:49:59","slug":"zarzadzanie-bhp-ozon-demo","status":"publish","type":"page","link":"https:\/\/alfa-net.pl\/en\/zarzadzanie-bhp-ozon-demo\/","title":{"rendered":"Ozon demo"},"content":{"rendered":"<div class=\"wpb-content-wrapper\"><div id=\"tm-row-69f2292795155\" class=\"vc_row vc_row-outer vc_row-fluid\"><div id=\"tm-column-69f2292795636\" class=\"wpb_column vc_column_container vc_col-sm-12\"><div class=\"vc_column-inner\"><div class=\"wpb_wrapper\">\n\t<div class=\"wpb_text_column wpb_content_element\" >\n\t\t<div class=\"wpb_wrapper\">\n\t\t\t<p><span style=\"color: #000000;\"><\/span><\/p>\n<p><span style=\"color: #000000;\">Using a health and safety <a style=\"color: #000000;\" href=\"https:\/\/pl.wikipedia.org\/wiki\/Bezpiecze\u0144stwo_i_higiena_pracy\">management system<\/a> become easier with <a style=\"color: #000000;\" href=\"https:\/\/alfa-net.pl\/en\/ozon\/\">OZON<\/a>. Leave your contact information below and we will contact you.<\/span><\/p>\n\n\t\t<\/div>\n\t<\/div>\n\n<div class=\"tm-heading left  tm-animation move-right\" id=\"tm-heading-69f22927958b3\">\n\t<h1 class=\"heading\" style=\"\">ORDER A DEMO<\/h1><\/div>\n\n<div class=\"vc_empty_space\"   style=\"height: 28px\"><span class=\"vc_empty_space_inner\"><\/span><\/div><\/div><\/div><\/div><\/div><div id=\"tm-row-69f2292795a7d\" class=\"vc_row vc_row-outer vc_row-fluid\"><div id=\"tm-column-69f2292795bc4\" class=\"wpb_column vc_column_container vc_col-sm-12\"><div class=\"vc_column-inner\"><div class=\"wpb_wrapper\"><div class=\"vc_empty_space\"   style=\"height: 43px\"><span class=\"vc_empty_space_inner\"><\/span><\/div><div class=\"tm-contact-form-7\" id=\"tm-contact-form-69f2292795cb3\">\n\t\n<div class=\"wpcf7 no-js\" id=\"wpcf7-f4826-o1\" lang=\"pl-PL\" dir=\"ltr\" data-wpcf7-id=\"4826\">\n<div class=\"screen-reader-response\"><p role=\"status\" aria-live=\"polite\" aria-atomic=\"true\"><\/p> <ul><\/ul><\/div>\n<form action=\"\/en\/wp-json\/wp\/v2\/pages\/4824#wpcf7-f4826-o1\" method=\"post\" class=\"wpcf7-form init\" aria-label=\"Formularz kontaktowy\" novalidate=\"novalidate\" data-status=\"init\" data-trp-original-action=\"\/en\/wp-json\/wp\/v2\/pages\/4824#wpcf7-f4826-o1\">\n<fieldset class=\"hidden-fields-container\"><input type=\"hidden\" name=\"_wpcf7\" value=\"4826\" \/><input type=\"hidden\" name=\"_wpcf7_version\" value=\"6.1.5\" \/><input type=\"hidden\" name=\"_wpcf7_locale\" value=\"pl_PL\" \/><input type=\"hidden\" name=\"_wpcf7_unit_tag\" value=\"wpcf7-f4826-o1\" \/><input type=\"hidden\" name=\"_wpcf7_container_post\" value=\"0\" \/><input type=\"hidden\" name=\"_wpcf7_posted_data_hash\" value=\"\" \/><input type=\"hidden\" name=\"_wpcf7_recaptcha_response\" value=\"\" \/>\n<\/fieldset>\n<div class=\"row\">\n\t<div class=\"col-md-4\">\n\t\t<p><label><span class=\"wpcf7-form-control-wrap\" data-name=\"your-name\"><input size=\"40\" maxlength=\"400\" class=\"wpcf7-form-control wpcf7-text wpcf7-validates-as-required\" aria-required=\"true\" aria-invalid=\"false\" placeholder=\"Name\" value=\"\" type=\"text\" name=\"your-name\" \/><\/span> <\/label>\n\t\t<\/p>\n\t<\/div>\n\t<div class=\"col-md-4\">\n\t\t<p><label><span class=\"wpcf7-form-control-wrap\" data-name=\"your-email\"><input size=\"40\" maxlength=\"400\" class=\"wpcf7-form-control wpcf7-email wpcf7-validates-as-required wpcf7-text wpcf7-validates-as-email\" aria-required=\"true\" aria-invalid=\"false\" placeholder=\"email\" value=\"\" type=\"email\" name=\"your-email\" \/><\/span> <\/label>\n\t\t<\/p>\n\t<\/div>\n\t<div class=\"col-md-4\">\n\t\t<p><label><span class=\"wpcf7-form-control-wrap\" data-name=\"your-phone\"><input size=\"40\" maxlength=\"400\" class=\"wpcf7-form-control wpcf7-text\" aria-invalid=\"false\" placeholder=\"Contact numer\" value=\"\" type=\"text\" name=\"your-phone\" \/><\/span> <\/label>\n\t\t<\/p>\n\t<\/div>\n<\/div>\n<div class=\"row\">\n\t<div class=\"col-md-6\">\n\t\t<p><label><span class=\"wpcf7-form-control-wrap\" data-name=\"your-company\"><input size=\"40\" maxlength=\"400\" class=\"wpcf7-form-control wpcf7-text wpcf7-validates-as-required\" aria-required=\"true\" aria-invalid=\"false\" placeholder=\"Enterprise name\" value=\"\" type=\"text\" name=\"your-company\" \/><\/span> <\/label>\n\t\t<\/p>\n\t<\/div>\n\t<div class=\"col-md-6\">\n\t\t<p><label><span class=\"wpcf7-form-control-wrap\" data-name=\"your-industry\"><input size=\"40\" maxlength=\"400\" class=\"wpcf7-form-control wpcf7-text\" aria-invalid=\"false\" placeholder=\"Industry\" value=\"\" type=\"text\" name=\"your-industry\" \/><\/span> <\/label>\n\t\t<\/p>\n\t<\/div>\n<\/div>\n<div class=\"row\">\n\t<div class=\"col-lg-12\">\n\t\t<p><label><span class=\"wpcf7-form-control-wrap\" data-name=\"your-message\"><textarea cols=\"40\" rows=\"10\" maxlength=\"2000\" class=\"wpcf7-form-control wpcf7-textarea wpcf7-validates-as-required\" aria-required=\"true\" aria-invalid=\"false\" placeholder=\"Message\" name=\"your-message\"><\/textarea><\/span> <\/label>\n\t\t<\/p>\n\t<\/div>\n<\/div>\n<div class=\"row\">\n\t<div class=\"col-lg-10\">\n\t\t<p><label class='wpcf7-quiz-label wpcf7-text' ><span class=\"wpcf7-form-control-wrap\" data-name=\"quiz-spam\"><label><span class=\"wpcf7-quiz-label\">What is the result of 2 + 4?<\/span> <input size=\"40\" class=\"wpcf7-form-control wpcf7-quiz\" autocomplete=\"off\" aria-required=\"true\" aria-invalid=\"false\" type=\"text\" name=\"quiz-spam\" \/><\/label><input type=\"hidden\" name=\"_wpcf7_quiz_answer_quiz-spam\" value=\"14c2754100459712020cd7290ffd6bbb\" \/><\/span><\/label>\n\t\t<\/p>\n\t<\/div>\n\t<div style=\"padding:30px\" class=\"col-lg-2\" >\n\t\t<p><button id='submit' class='wpcf7-form-control wpcf7-submit tm-button style-2 tm-button-secondary'>SEND<\/button>\n\t\t<\/p>\n\t<\/div>\n<\/div>\n<div class=\"row\">\n\t<div class=\"col-lg-10\">\n\t\t<p><span class=\"wpcf7-form-control-wrap\" data-name=\"acceptance-242\"><span class=\"wpcf7-form-control wpcf7-acceptance\"><span class=\"wpcf7-list-item\"><label><input type=\"checkbox\" name=\"acceptance-242\" value=\"1\" aria-invalid=\"false\" \/><span class=\"wpcf7-list-item-label\">I agree to the Privacy Policy<\/span><\/label><\/span><\/span><\/span>\n\t\t<\/p>\n\t<\/div>\n<\/div>\n<p><span id=\"wpcf7-69f2292797f65-wrapper\" class=\"wpcf7-form-control-wrap email-ext-wrap\" ><label for=\"wpcf7-69f2292797f65-field\" class=\"hp-message\">Please leave this field empty.<\/label><input id=\"wpcf7-69f2292797f65-field\"  class=\"wpcf7-form-control wpcf7-text\" type=\"text\" name=\"email-ext\" value=\"\" size=\"40\" tabindex=\"-1\" autocomplete=\"new-password\" \/><\/span><br \/>\n<span id=\"wpcf7-69f2292797fba-wrapper\" class=\"wpcf7-form-control-wrap email-wrap\" ><label for=\"wpcf7-69f2292797fba-field\" class=\"hp-message\">Please leave this field empty.<\/label><input id=\"wpcf7-69f2292797fba-field\"  class=\"wpcf7-form-control wpcf7-text\" type=\"text\" name=\"email\" value=\"\" size=\"40\" tabindex=\"-1\" autocomplete=\"new-password\" \/><\/span><br \/>\n<span id=\"wpcf7-69f2292798011-wrapper\" class=\"wpcf7-form-control-wrap number-wrap\" ><label for=\"wpcf7-69f2292798011-field\" class=\"hp-message\">Please leave this field empty.<\/label><input id=\"wpcf7-69f2292798011-field\"  class=\"wpcf7-form-control wpcf7-text\" type=\"text\" name=\"number\" value=\"\" size=\"40\" tabindex=\"-1\" autocomplete=\"new-password\" \/><\/span>\n<\/p><div class=\"wpcf7-response-output\" aria-hidden=\"true\"><\/div>\n<input type=\"hidden\" name=\"trp-form-language\" value=\"en\"\/><\/form>\n<\/div>\n<\/div>\n<\/div><\/div><\/div><\/div><div id=\"tm-row-69f2292798e2f\" class=\"vc_row vc_row-outer vc_row-fluid\"><div id=\"tm-column-69f229279902b\" class=\"wpb_column vc_column_container vc_col-sm-12\"><div class=\"vc_column-inner\"><div class=\"wpb_wrapper\">\n\t<div class=\"wpb_text_column wpb_content_element\" >\n\t\t<div class=\"wpb_wrapper\">\n\t\t\t\n\t\t<\/div>\n\t<\/div>\n<\/div><\/div><\/div><\/div><\/div>","protected":false},"excerpt":{"rendered":"Zarz\u0105dzanie BHP sta\u0142o si\u0119 \u0142atwiejsze z systemem Ozon. Zostaw poni\u017cej swoje dane a skontaktujemy si\u0119 z Tob\u0105. Zam\u00f3w demo Ile wynosi wynik dzia\u0142ania 2 + 4? WY\u015aLIJ Zapozna\u0142em\/am si\u0119 i akceptuj\u0119 polityk\u0119 prywatno\u015bci Please leave this field empty. Please leave this field empty. Please leave this field empty.","protected":false},"author":2,"featured_media":0,"parent":0,"menu_order":0,"comment_status":"closed","ping_status":"closed","template":"","meta":{"footnotes":""},"class_list":["post-4824","page","type-page","status-publish","hentry"],"yoast_head":"<!-- This site is optimized with the Yoast SEO plugin v27.4 - https:\/\/yoast.com\/product\/yoast-seo-wordpress\/ -->\n<title>Zarz\u0105dzanie BHP - Ozon | Alfa-Net Software Development<\/title>\n<meta name=\"description\" content=\"Zarz\u0105dzanie BHP staje si\u0119 \u0142atwiejsze przy u\u017cyciu systemu Ozon. Kontrole obrotu, bramki wej\u015bciowo\/wyj\u015bciowe i raporty w jednym miejscu.\" \/>\n<meta name=\"robots\" content=\"index, follow, max-snippet:-1, max-image-preview:large, max-video-preview:-1\" \/>\n<link rel=\"canonical\" href=\"https:\/\/alfa-net.pl\/en\/zarzadzanie-bhp-ozon-demo\/\" \/>\n<meta property=\"og:locale\" content=\"en_GB\" \/>\n<meta property=\"og:type\" content=\"article\" \/>\n<meta property=\"og:title\" content=\"Zarz\u0105dzanie BHP - Ozon | Alfa-Net Software Development\" \/>\n<meta property=\"og:description\" content=\"Zarz\u0105dzanie BHP staje si\u0119 \u0142atwiejsze przy u\u017cyciu systemu Ozon. Kontrole obrotu, bramki wej\u015bciowo\/wyj\u015bciowe i raporty w jednym miejscu.\" \/>\n<meta property=\"og:url\" content=\"https:\/\/alfa-net.pl\/en\/zarzadzanie-bhp-ozon-demo\/\" \/>\n<meta property=\"og:site_name\" content=\"Alfa-Net - Software Development\" \/>\n<meta property=\"article:publisher\" content=\"https:\/\/www.facebook.com\/alfanet.spk\" \/>\n<meta property=\"article:modified_time\" content=\"2023-10-20T10:49:59+00:00\" \/>\n<meta name=\"twitter:card\" content=\"summary_large_image\" \/>\n<meta name=\"twitter:label1\" content=\"Estimated reading time\" \/>\n\t<meta name=\"twitter:data1\" content=\"1 minute\" \/>\n<script type=\"application\/ld+json\" class=\"yoast-schema-graph\">{\"@context\":\"https:\\\/\\\/schema.org\",\"@graph\":[{\"@type\":\"WebPage\",\"@id\":\"https:\\\/\\\/alfa-net.pl\\\/zarzadzanie-bhp-ozon-demo\\\/\",\"url\":\"https:\\\/\\\/alfa-net.pl\\\/zarzadzanie-bhp-ozon-demo\\\/\",\"name\":\"Zarz\u0105dzanie BHP - Ozon | Alfa-Net Software Development\",\"isPartOf\":{\"@id\":\"https:\\\/\\\/alfa-net.pl\\\/#website\"},\"datePublished\":\"2020-10-19T10:20:55+00:00\",\"dateModified\":\"2023-10-20T10:49:59+00:00\",\"description\":\"Zarz\u0105dzanie BHP staje si\u0119 \u0142atwiejsze przy u\u017cyciu systemu Ozon. Kontrole obrotu, bramki wej\u015bciowo\\\/wyj\u015bciowe i raporty w jednym miejscu.\",\"breadcrumb\":{\"@id\":\"https:\\\/\\\/alfa-net.pl\\\/zarzadzanie-bhp-ozon-demo\\\/#breadcrumb\"},\"inLanguage\":\"en-GB\",\"potentialAction\":[{\"@type\":\"ReadAction\",\"target\":[\"https:\\\/\\\/alfa-net.pl\\\/zarzadzanie-bhp-ozon-demo\\\/\"]}]},{\"@type\":\"BreadcrumbList\",\"@id\":\"https:\\\/\\\/alfa-net.pl\\\/zarzadzanie-bhp-ozon-demo\\\/#breadcrumb\",\"itemListElement\":[{\"@type\":\"ListItem\",\"position\":1,\"name\":\"Strona g\u0142\u00f3wna\",\"item\":\"https:\\\/\\\/alfa-net.pl\\\/\"},{\"@type\":\"ListItem\",\"position\":2,\"name\":\"Ozon demo\"}]},{\"@type\":\"WebSite\",\"@id\":\"https:\\\/\\\/alfa-net.pl\\\/#website\",\"url\":\"https:\\\/\\\/alfa-net.pl\\\/\",\"name\":\"Alfa-Net - Software Development\",\"description\":\"Software Development\",\"publisher\":{\"@id\":\"https:\\\/\\\/alfa-net.pl\\\/#organization\"},\"potentialAction\":[{\"@type\":\"SearchAction\",\"target\":{\"@type\":\"EntryPoint\",\"urlTemplate\":\"https:\\\/\\\/alfa-net.pl\\\/?s={search_term_string}\"},\"query-input\":{\"@type\":\"PropertyValueSpecification\",\"valueRequired\":true,\"valueName\":\"search_term_string\"}}],\"inLanguage\":\"en-GB\"},{\"@type\":\"Organization\",\"@id\":\"https:\\\/\\\/alfa-net.pl\\\/#organization\",\"name\":\"Alfa-Net\",\"url\":\"https:\\\/\\\/alfa-net.pl\\\/\",\"logo\":{\"@type\":\"ImageObject\",\"inLanguage\":\"en-GB\",\"@id\":\"https:\\\/\\\/alfa-net.pl\\\/#\\\/schema\\\/logo\\\/image\\\/\",\"url\":\"https:\\\/\\\/alfa-net.pl\\\/wp-content\\\/uploads\\\/2020\\\/03\\\/logoGreyFont_withPadding-2.png\",\"contentUrl\":\"https:\\\/\\\/alfa-net.pl\\\/wp-content\\\/uploads\\\/2020\\\/03\\\/logoGreyFont_withPadding-2.png\",\"width\":767,\"height\":767,\"caption\":\"Alfa-Net\"},\"image\":{\"@id\":\"https:\\\/\\\/alfa-net.pl\\\/#\\\/schema\\\/logo\\\/image\\\/\"},\"sameAs\":[\"https:\\\/\\\/www.facebook.com\\\/alfanet.spk\"]}]}<\/script>\n<!-- \/ Yoast SEO plugin. -->","yoast_head_json":{"title":"Zarz\u0105dzanie BHP - Ozon | Alfa-Net Software Development","description":"Zarz\u0105dzanie BHP staje si\u0119 \u0142atwiejsze przy u\u017cyciu systemu Ozon. Kontrole obrotu, bramki wej\u015bciowo\/wyj\u015bciowe i raporty w jednym miejscu.","robots":{"index":"index","follow":"follow","max-snippet":"max-snippet:-1","max-image-preview":"max-image-preview:large","max-video-preview":"max-video-preview:-1"},"canonical":"https:\/\/alfa-net.pl\/en\/zarzadzanie-bhp-ozon-demo\/","og_locale":"en_GB","og_type":"article","og_title":"Zarz\u0105dzanie BHP - Ozon | Alfa-Net Software Development","og_description":"Zarz\u0105dzanie BHP staje si\u0119 \u0142atwiejsze przy u\u017cyciu systemu Ozon. Kontrole obrotu, bramki wej\u015bciowo\/wyj\u015bciowe i raporty w jednym miejscu.","og_url":"https:\/\/alfa-net.pl\/en\/zarzadzanie-bhp-ozon-demo\/","og_site_name":"Alfa-Net - Software Development","article_publisher":"https:\/\/www.facebook.com\/alfanet.spk","article_modified_time":"2023-10-20T10:49:59+00:00","twitter_card":"summary_large_image","twitter_misc":{"Estimated reading time":"1 minute"},"schema":{"@context":"https:\/\/schema.org","@graph":[{"@type":"WebPage","@id":"https:\/\/alfa-net.pl\/zarzadzanie-bhp-ozon-demo\/","url":"https:\/\/alfa-net.pl\/zarzadzanie-bhp-ozon-demo\/","name":"Zarz\u0105dzanie BHP - Ozon | Alfa-Net Software Development","isPartOf":{"@id":"https:\/\/alfa-net.pl\/#website"},"datePublished":"2020-10-19T10:20:55+00:00","dateModified":"2023-10-20T10:49:59+00:00","description":"Zarz\u0105dzanie BHP staje si\u0119 \u0142atwiejsze przy u\u017cyciu systemu Ozon. Kontrole obrotu, bramki wej\u015bciowo\/wyj\u015bciowe i raporty w jednym miejscu.","breadcrumb":{"@id":"https:\/\/alfa-net.pl\/zarzadzanie-bhp-ozon-demo\/#breadcrumb"},"inLanguage":"en-GB","potentialAction":[{"@type":"ReadAction","target":["https:\/\/alfa-net.pl\/zarzadzanie-bhp-ozon-demo\/"]}]},{"@type":"BreadcrumbList","@id":"https:\/\/alfa-net.pl\/zarzadzanie-bhp-ozon-demo\/#breadcrumb","itemListElement":[{"@type":"ListItem","position":1,"name":"Strona g\u0142\u00f3wna","item":"https:\/\/alfa-net.pl\/"},{"@type":"ListItem","position":2,"name":"Ozon demo"}]},{"@type":"WebSite","@id":"https:\/\/alfa-net.pl\/#website","url":"https:\/\/alfa-net.pl\/","name":"Alfa-Net - Software Development","description":"Software Development","publisher":{"@id":"https:\/\/alfa-net.pl\/#organization"},"potentialAction":[{"@type":"SearchAction","target":{"@type":"EntryPoint","urlTemplate":"https:\/\/alfa-net.pl\/?s={search_term_string}"},"query-input":{"@type":"PropertyValueSpecification","valueRequired":true,"valueName":"search_term_string"}}],"inLanguage":"en-GB"},{"@type":"Organization","@id":"https:\/\/alfa-net.pl\/#organization","name":"Alfa-Net","url":"https:\/\/alfa-net.pl\/","logo":{"@type":"ImageObject","inLanguage":"en-GB","@id":"https:\/\/alfa-net.pl\/#\/schema\/logo\/image\/","url":"https:\/\/alfa-net.pl\/wp-content\/uploads\/2020\/03\/logoGreyFont_withPadding-2.png","contentUrl":"https:\/\/alfa-net.pl\/wp-content\/uploads\/2020\/03\/logoGreyFont_withPadding-2.png","width":767,"height":767,"caption":"Alfa-Net"},"image":{"@id":"https:\/\/alfa-net.pl\/#\/schema\/logo\/image\/"},"sameAs":["https:\/\/www.facebook.com\/alfanet.spk"]}]}},"_links":{"self":[{"href":"https:\/\/alfa-net.pl\/en\/wp-json\/wp\/v2\/pages\/4824","targetHints":{"allow":["GET"]}}],"collection":[{"href":"https:\/\/alfa-net.pl\/en\/wp-json\/wp\/v2\/pages"}],"about":[{"href":"https:\/\/alfa-net.pl\/en\/wp-json\/wp\/v2\/types\/page"}],"author":[{"embeddable":true,"href":"https:\/\/alfa-net.pl\/en\/wp-json\/wp\/v2\/users\/2"}],"replies":[{"embeddable":true,"href":"https:\/\/alfa-net.pl\/en\/wp-json\/wp\/v2\/comments?post=4824"}],"version-history":[{"count":11,"href":"https:\/\/alfa-net.pl\/en\/wp-json\/wp\/v2\/pages\/4824\/revisions"}],"predecessor-version":[{"id":6098,"href":"https:\/\/alfa-net.pl\/en\/wp-json\/wp\/v2\/pages\/4824\/revisions\/6098"}],"wp:attachment":[{"href":"https:\/\/alfa-net.pl\/en\/wp-json\/wp\/v2\/media?parent=4824"}],"curies":[{"name":"wp","href":"https:\/\/api.w.org\/{rel}","templated":true}]}}