{"id":5029,"date":"2022-02-03T10:01:42","date_gmt":"2022-02-03T09:01:42","guid":{"rendered":"https:\/\/alfa-net.pl\/?page_id=5029"},"modified":"2023-10-19T19:14:09","modified_gmt":"2023-10-19T17:14:09","slug":"polityka-jakosci-alfa-net","status":"publish","type":"page","link":"https:\/\/alfa-net.pl\/en\/polityka-jakosci-alfa-net\/","title":{"rendered":"Quality Policy"},"content":{"rendered":"<div class=\"wpb-content-wrapper\"><div id=\"tm-row-69e49f58edef1\" class=\"vc_row vc_row-outer vc_row-fluid\"><div id=\"tm-column-69e49f58ee44e\" class=\"wpb_column vc_column_container vc_col-sm-12\"><div class=\"vc_column-inner\"><div class=\"wpb_wrapper\">\n\t<div class=\"wpb_text_column wpb_content_element\" >\n\t\t<div class=\"wpb_wrapper\">\n\t\t\t<p><span style=\"color: #000000;\"><strong>Cyfrowa transformacja dla twojego biznesu<\/strong><\/span><\/p>\n<p><span style=\"color: #000000;\">Stosuj\u0105c <a style=\"color: #000000;\" href=\"https:\/\/pl.wikipedia.org\/wiki\/Programowanie_zwinne\">zwinne metody zarz\u0105dzania projektami<\/a> tworzymy oprogramowanie dopasowane do wymaga\u0144 innowacyjnych przedsi\u0119biorstw produkcyjnych.<\/span><\/p>\n<p><span style=\"color: #000000;\"><strong>Our approach to quality<\/strong><\/span><\/p>\n<p><span style=\"color: #000000;\">Our Quality Policy is based on a few cornerstones:<\/span><\/p>\n<ul>\n<li class=\"translation-block\">We <strong>intently listen<\/strong> to what our Clients need and surgically <strong>adjust offered solutions<\/strong>;<\/li>\n<li class=\"translation-block\">We create <strong>intuitive<\/strong> software that <strong>streamlines<\/strong> work;<\/li>\n<li class=\"translation-block\">All our projects are defined by <strong>ethics<\/strong>.<\/li>\n<li class=\"translation-block\">We are focused on outcomes that ensure <strong>mutual benefits<\/strong>.<\/li>\n<\/ul>\n<p><span style=\"color: #000000;\"><strong>Our strengths include:<\/strong>:<\/span><\/p>\n<ul>\n<li><span style=\"color: #000000;\">Experience<\/span><\/li>\n<li><span style=\"color: #000000;\"><a style=\"color: #000000;\" href=\"https:\/\/alfa-net.pl\/en\/software-development-our-products\/\">Effective solutions<\/a><\/span><\/li>\n<li><span style=\"color: #000000;\">Flexibility<\/span><\/li>\n<li><span style=\"color: #000000;\">Innovativeness<\/span><\/li>\n<li><span style=\"color: #000000;\">Competitive prices<\/span><\/li>\n<li><span style=\"color: #000000;\">Expertise and know-how<\/span><\/li>\n<\/ul>\n<p><span style=\"color: #000000;\"><strong>Our approach to our clients and stakeholders<\/strong><\/span><\/p>\n<p><span style=\"color: #000000;\">We apply the following principles in relationships with all stakeholders:<\/span><\/p>\n<ul>\n<li><span style=\"color: #000000;\">ensuring due care and standards compliance in providing services;<\/span><\/li>\n<li><span style=\"color: #000000;\">ensuring confidentiality of any information provided while providing services;<\/span><\/li>\n<li><span style=\"color: #000000;\">ensuring qualified personnel;<\/span><\/li>\n<li><span style=\"color: #000000;\">carrying out R&amp;D projects connected with innovative technologies;<\/span><\/li>\n<li><span style=\"color: #000000;\">ensuring constant professional development;<\/span><\/li>\n<li><span style=\"color: #000000;\">compliance with ISO 9001:2015 and meeting client\u2019s requirements;<\/span><\/li>\n<li><span style=\"color: #000000;\">promoting proactive approach and encouraging staff to master work organisation by management.<\/span><\/li>\n<\/ul>\n<p><span style=\"color: #000000;\">We are committed to constant improvement of the Quality Management System and compliance with applicable requirements.<\/span><\/p>\n<p style=\"text-align: left;\"><span style=\"color: #000000;\">Wroc\u0142aw, 8 June 2018<\/span><\/p>\n<p style=\"text-align: left;\"><span style=\"color: #000000;\">Andrzej Soba\u0144ski<\/span><\/p>\n\n\t\t<\/div>\n\t<\/div>\n<\/div><\/div><\/div><\/div>\n<\/div>","protected":false},"excerpt":{"rendered":"Cyfrowa transformacja dla twojego biznesu Stosuj\u0105c zwinne metody zarz\u0105dzania projektami tworzymy oprogramowanie dopasowane do wymaga\u0144 innowacyjnych przedsi\u0119biorstw produkcyjnych. Nasze podej\u015bcie do jako\u015bci Nasza Polityka Jako\u015bci jest oparta na kilku podstawowych zasadach: Ws\u0142uchujemy si\u0119 w potrzeby dotycz\u0105ce potrzeb naszych Klient\u00f3w i precyzyjne dopasowujemy rozwi\u0105zania, Tworzymy intuicyjne i usprawniaj\u0105ce prac\u0119 oprogramowanie, Kierujemy si\u0119 etyk\u0105 w ka\u017cdym projekcie, nad kt\u00f3rym pracujemy. Skupiamy si\u0119 na wynikach, kt\u00f3re przynios\u0105 korzy\u015bci dla obu stron. Nasze mocne strony to: Do\u015bwiadczenie Efektywne rozwi\u0105zania Elastyczno\u015b\u0107 Innowacyjno\u015b\u0107 Konkurencyjne ceny Kwalifikacje i wiedza Nasze podej\u015bcie do klient\u00f3w i stron zainteresowanych W odniesieniu do wszystkich stron zainteresowanych przestrzegamy nast\u0119puj\u0105cych zasad: \u015bwiadczenie us\u0142ug z nale\u017cyt\u0105 staranno\u015bci\u0105 i zgodnie z opracowanymi standardami; zapewnienie poufno\u015b\u0107 informacji uzyskanych w zwi\u0105zku ze \u015bwiadczeniem us\u0142ug; zapewnienie realizacji us\u0142ug wy\u0142\u0105cznie przez wykwalifikowany personel; realizacja projekt\u00f3w badawczo-rozwojowych zwi\u0105zanych z innowacyjnymi technologiami d\u0105\u017cenie do sta\u0142ego podwy\u017cszania w\u0142asnych kwalifikacji; spe\u0142nianie wymaga\u0144 normy ISO 9001:2015 i wymaga\u0144 klienta; zaanga\u017cowanie kierownictwa w wyzwalanie aktywno\u015bci i zach\u0119canie pracownik\u00f3w do poszukiwania metod doskonalenia organizacji pracy. Zobowi\u0105zujemy si\u0119 do ci\u0105g\u0142ego doskonalenia Systemu Zarz\u0105dzania Jako\u015bci\u0105 oraz spe\u0142niania maj\u0105cych zastosowanie wymaga\u0144. Wroc\u0142aw, 08 czerwca 2018 Andrzej Soba\u0144ski","protected":false},"author":2,"featured_media":0,"parent":0,"menu_order":0,"comment_status":"closed","ping_status":"closed","template":"","meta":{"footnotes":""},"class_list":["post-5029","page","type-page","status-publish","hentry"],"yoast_head":"<!-- This site is optimized with the Yoast SEO plugin v27.2 - https:\/\/yoast.com\/product\/yoast-seo-wordpress\/ -->\n<title>Cyfrowa transformacja | Alfa-Net Software Development<\/title>\n<meta name=\"description\" content=\"Cyfrowa transformacja dla twojego biznesu z Alfa-Net. Kompleksowe rozwi\u0105zania z zakresu oprogramowania dla przemys\u0142u.\" \/>\n<meta name=\"robots\" content=\"index, follow, max-snippet:-1, max-image-preview:large, max-video-preview:-1\" \/>\n<link rel=\"canonical\" href=\"https:\/\/alfa-net.pl\/en\/polityka-jakosci-alfa-net\/\" \/>\n<meta property=\"og:locale\" content=\"en_GB\" \/>\n<meta property=\"og:type\" content=\"article\" \/>\n<meta property=\"og:title\" content=\"Cyfrowa transformacja | Alfa-Net Software Development\" \/>\n<meta property=\"og:description\" content=\"Cyfrowa transformacja dla twojego biznesu z Alfa-Net. Kompleksowe rozwi\u0105zania z zakresu oprogramowania dla przemys\u0142u.\" \/>\n<meta property=\"og:url\" content=\"https:\/\/alfa-net.pl\/en\/polityka-jakosci-alfa-net\/\" \/>\n<meta property=\"og:site_name\" content=\"Alfa-Net - Software Development\" \/>\n<meta property=\"article:publisher\" content=\"https:\/\/www.facebook.com\/alfanet.spk\" \/>\n<meta property=\"article:modified_time\" content=\"2023-10-19T17:14:09+00:00\" \/>\n<meta name=\"twitter:card\" content=\"summary_large_image\" \/>\n<meta name=\"twitter:label1\" content=\"Estimated reading time\" \/>\n\t<meta name=\"twitter:data1\" content=\"2 minutes\" \/>\n<script type=\"application\/ld+json\" class=\"yoast-schema-graph\">{\"@context\":\"https:\/\/schema.org\",\"@graph\":[{\"@type\":\"WebPage\",\"@id\":\"https:\/\/alfa-net.pl\/polityka-jakosci-alfa-net\/\",\"url\":\"https:\/\/alfa-net.pl\/polityka-jakosci-alfa-net\/\",\"name\":\"Cyfrowa transformacja | Alfa-Net Software Development\",\"isPartOf\":{\"@id\":\"https:\/\/alfa-net.pl\/#website\"},\"datePublished\":\"2022-02-03T09:01:42+00:00\",\"dateModified\":\"2023-10-19T17:14:09+00:00\",\"description\":\"Cyfrowa transformacja dla twojego biznesu z Alfa-Net. Kompleksowe rozwi\u0105zania z zakresu oprogramowania dla przemys\u0142u.\",\"breadcrumb\":{\"@id\":\"https:\/\/alfa-net.pl\/polityka-jakosci-alfa-net\/#breadcrumb\"},\"inLanguage\":\"en-GB\",\"potentialAction\":[{\"@type\":\"ReadAction\",\"target\":[\"https:\/\/alfa-net.pl\/polityka-jakosci-alfa-net\/\"]}]},{\"@type\":\"BreadcrumbList\",\"@id\":\"https:\/\/alfa-net.pl\/polityka-jakosci-alfa-net\/#breadcrumb\",\"itemListElement\":[{\"@type\":\"ListItem\",\"position\":1,\"name\":\"Strona g\u0142\u00f3wna\",\"item\":\"https:\/\/alfa-net.pl\/\"},{\"@type\":\"ListItem\",\"position\":2,\"name\":\"Polityka jako\u015bci\"}]},{\"@type\":\"WebSite\",\"@id\":\"https:\/\/alfa-net.pl\/#website\",\"url\":\"https:\/\/alfa-net.pl\/\",\"name\":\"Alfa-Net - Software Development\",\"description\":\"Software Development\",\"publisher\":{\"@id\":\"https:\/\/alfa-net.pl\/#organization\"},\"potentialAction\":[{\"@type\":\"SearchAction\",\"target\":{\"@type\":\"EntryPoint\",\"urlTemplate\":\"https:\/\/alfa-net.pl\/?s={search_term_string}\"},\"query-input\":{\"@type\":\"PropertyValueSpecification\",\"valueRequired\":true,\"valueName\":\"search_term_string\"}}],\"inLanguage\":\"en-GB\"},{\"@type\":\"Organization\",\"@id\":\"https:\/\/alfa-net.pl\/#organization\",\"name\":\"Alfa-Net\",\"url\":\"https:\/\/alfa-net.pl\/\",\"logo\":{\"@type\":\"ImageObject\",\"inLanguage\":\"en-GB\",\"@id\":\"https:\/\/alfa-net.pl\/#\/schema\/logo\/image\/\",\"url\":\"https:\/\/alfa-net.pl\/wp-content\/uploads\/2020\/03\/logoGreyFont_withPadding-2.png\",\"contentUrl\":\"https:\/\/alfa-net.pl\/wp-content\/uploads\/2020\/03\/logoGreyFont_withPadding-2.png\",\"width\":767,\"height\":767,\"caption\":\"Alfa-Net\"},\"image\":{\"@id\":\"https:\/\/alfa-net.pl\/#\/schema\/logo\/image\/\"},\"sameAs\":[\"https:\/\/www.facebook.com\/alfanet.spk\"]}]}<\/script>\n<!-- \/ Yoast SEO plugin. -->","yoast_head_json":{"title":"Cyfrowa transformacja | Alfa-Net Software Development","description":"Cyfrowa transformacja dla twojego biznesu z Alfa-Net. Kompleksowe rozwi\u0105zania z zakresu oprogramowania dla przemys\u0142u.","robots":{"index":"index","follow":"follow","max-snippet":"max-snippet:-1","max-image-preview":"max-image-preview:large","max-video-preview":"max-video-preview:-1"},"canonical":"https:\/\/alfa-net.pl\/en\/polityka-jakosci-alfa-net\/","og_locale":"en_GB","og_type":"article","og_title":"Cyfrowa transformacja | Alfa-Net Software Development","og_description":"Cyfrowa transformacja dla twojego biznesu z Alfa-Net. Kompleksowe rozwi\u0105zania z zakresu oprogramowania dla przemys\u0142u.","og_url":"https:\/\/alfa-net.pl\/en\/polityka-jakosci-alfa-net\/","og_site_name":"Alfa-Net - Software Development","article_publisher":"https:\/\/www.facebook.com\/alfanet.spk","article_modified_time":"2023-10-19T17:14:09+00:00","twitter_card":"summary_large_image","twitter_misc":{"Estimated reading time":"2 minutes"},"schema":{"@context":"https:\/\/schema.org","@graph":[{"@type":"WebPage","@id":"https:\/\/alfa-net.pl\/polityka-jakosci-alfa-net\/","url":"https:\/\/alfa-net.pl\/polityka-jakosci-alfa-net\/","name":"Cyfrowa transformacja | Alfa-Net Software Development","isPartOf":{"@id":"https:\/\/alfa-net.pl\/#website"},"datePublished":"2022-02-03T09:01:42+00:00","dateModified":"2023-10-19T17:14:09+00:00","description":"Cyfrowa transformacja dla twojego biznesu z Alfa-Net. Kompleksowe rozwi\u0105zania z zakresu oprogramowania dla przemys\u0142u.","breadcrumb":{"@id":"https:\/\/alfa-net.pl\/polityka-jakosci-alfa-net\/#breadcrumb"},"inLanguage":"en-GB","potentialAction":[{"@type":"ReadAction","target":["https:\/\/alfa-net.pl\/polityka-jakosci-alfa-net\/"]}]},{"@type":"BreadcrumbList","@id":"https:\/\/alfa-net.pl\/polityka-jakosci-alfa-net\/#breadcrumb","itemListElement":[{"@type":"ListItem","position":1,"name":"Strona g\u0142\u00f3wna","item":"https:\/\/alfa-net.pl\/"},{"@type":"ListItem","position":2,"name":"Polityka jako\u015bci"}]},{"@type":"WebSite","@id":"https:\/\/alfa-net.pl\/#website","url":"https:\/\/alfa-net.pl\/","name":"Alfa-Net - Software Development","description":"Software Development","publisher":{"@id":"https:\/\/alfa-net.pl\/#organization"},"potentialAction":[{"@type":"SearchAction","target":{"@type":"EntryPoint","urlTemplate":"https:\/\/alfa-net.pl\/?s={search_term_string}"},"query-input":{"@type":"PropertyValueSpecification","valueRequired":true,"valueName":"search_term_string"}}],"inLanguage":"en-GB"},{"@type":"Organization","@id":"https:\/\/alfa-net.pl\/#organization","name":"Alfa-Net","url":"https:\/\/alfa-net.pl\/","logo":{"@type":"ImageObject","inLanguage":"en-GB","@id":"https:\/\/alfa-net.pl\/#\/schema\/logo\/image\/","url":"https:\/\/alfa-net.pl\/wp-content\/uploads\/2020\/03\/logoGreyFont_withPadding-2.png","contentUrl":"https:\/\/alfa-net.pl\/wp-content\/uploads\/2020\/03\/logoGreyFont_withPadding-2.png","width":767,"height":767,"caption":"Alfa-Net"},"image":{"@id":"https:\/\/alfa-net.pl\/#\/schema\/logo\/image\/"},"sameAs":["https:\/\/www.facebook.com\/alfanet.spk"]}]}},"_links":{"self":[{"href":"https:\/\/alfa-net.pl\/en\/wp-json\/wp\/v2\/pages\/5029","targetHints":{"allow":["GET"]}}],"collection":[{"href":"https:\/\/alfa-net.pl\/en\/wp-json\/wp\/v2\/pages"}],"about":[{"href":"https:\/\/alfa-net.pl\/en\/wp-json\/wp\/v2\/types\/page"}],"author":[{"embeddable":true,"href":"https:\/\/alfa-net.pl\/en\/wp-json\/wp\/v2\/users\/2"}],"replies":[{"embeddable":true,"href":"https:\/\/alfa-net.pl\/en\/wp-json\/wp\/v2\/comments?post=5029"}],"version-history":[{"count":12,"href":"https:\/\/alfa-net.pl\/en\/wp-json\/wp\/v2\/pages\/5029\/revisions"}],"predecessor-version":[{"id":6096,"href":"https:\/\/alfa-net.pl\/en\/wp-json\/wp\/v2\/pages\/5029\/revisions\/6096"}],"wp:attachment":[{"href":"https:\/\/alfa-net.pl\/en\/wp-json\/wp\/v2\/media?parent=5029"}],"curies":[{"name":"wp","href":"https:\/\/api.w.org\/{rel}","templated":true}]}}