{"id":5759,"date":"2022-11-29T10:24:49","date_gmt":"2022-11-29T09:24:49","guid":{"rendered":"https:\/\/alfa-net.pl\/?page_id=5759"},"modified":"2023-10-19T17:18:24","modified_gmt":"2023-10-19T15:18:24","slug":"iot-4-air-zagubiony-bagaz","status":"publish","type":"page","link":"https:\/\/alfa-net.pl\/en\/iot-4-air-zagubiony-bagaz\/","title":{"rendered":"IoT 4 Air"},"content":{"rendered":"<div class=\"wpb-content-wrapper\"><div id=\"tm-row-69e4e6ab0cb0d\" data-vc-full-width=\"true\" data-vc-full-width-init=\"false\" data-vc-stretch-content=\"true\" class=\"vc_row vc_row-outer vc_row-fluid rmbg-md-down\"><div id=\"tm-column-69e4e6ab0d369\" class=\"wpb_column vc_column_container vc_col-sm-2\/5\"><div class=\"vc_column-inner \"><div class=\"wpb_wrapper\">\n<div class=\"tm-heading vc_custom_1693914128583 right highlight-text tm-animation move-right\" id=\"tm-heading-69e4e6ab0d52d\">\n\t<h1 class=\"heading\" style=\"\"><b>IoT 4 Air<\/b><\/h1><\/div>\n\n<div class=\"vc_separator wpb_content_element vc_separator_align_center vc_sep_width_30 vc_sep_border_width_4 vc_sep_pos_align_right vc_separator_no_text wpb_content_element\" ><span class=\"vc_sep_holder vc_sep_holder_l\"><span style=\"border-color:#ffa408;\" class=\"vc_sep_line\"><\/span><\/span><span class=\"vc_sep_holder vc_sep_holder_r\"><span style=\"border-color:#ffa408;\" class=\"vc_sep_line\"><\/span><\/span>\n<\/div><\/div><\/div><\/div><div id=\"tm-column-69e4e6ab0d79b\" class=\"wpb_column vc_column_container vc_col-sm-3\/5\"><div class=\"vc_column-inner \"><div class=\"wpb_wrapper\">\n\t<div class=\"wpb_single_image wpb_content_element vc_align_left\">\n\t\t\n\t\t<figure class=\"wpb_wrapper vc_figure\">\n\t\t\t<div class=\"vc_single_image-wrapper   vc_box_border_grey\"><img loading=\"lazy\" decoding=\"async\" width=\"330\" height=\"330\" src=\"https:\/\/alfa-net.pl\/wp-content\/uploads\/2022\/11\/iot4air-Current-View-1.png\" class=\"vc_single_image-img attachment-large\" alt=\"iot4air\" title=\"iot4air-Current View 1\" srcset=\"https:\/\/alfa-net.pl\/wp-content\/uploads\/2022\/11\/iot4air-Current-View-1.png 330w, https:\/\/alfa-net.pl\/wp-content\/uploads\/2022\/11\/iot4air-Current-View-1-300x300.png 300w, https:\/\/alfa-net.pl\/wp-content\/uploads\/2022\/11\/iot4air-Current-View-1-150x150.png 150w, https:\/\/alfa-net.pl\/wp-content\/uploads\/2022\/11\/iot4air-Current-View-1-12x12.png 12w\" sizes=\"auto, (max-width: 330px) 100vw, 330px\" \/><\/div>\n\t\t<\/figure>\n\t<\/div>\n<\/div><\/div><\/div><\/div><div class=\"vc_row-full-width vc_clearfix\"><\/div><div id=\"tm-row-69e4e6ab0dd58\" data-vc-full-width=\"true\" data-vc-full-width-init=\"false\" class=\"vc_row vc_row-outer vc_row-fluid\"><div id=\"tm-column-69e4e6ab0defe\" class=\"wpb_column vc_column_container vc_col-sm-12\"><div class=\"vc_column-inner \"><div class=\"wpb_wrapper\">\n<div class=\"tm-heading vc_custom_1693914133190 center  tm-animation move-right\" id=\"tm-heading-69e4e6ab0e02e\">\n\t<h1 class=\"heading\" style=\"color: #ffffff;\"><b>System monitorowania baga\u017cu<\/b><\/h1><\/div>\n\n<\/div><\/div><\/div><\/div><div class=\"vc_row-full-width vc_clearfix\"><\/div><div id=\"tm-row-69e4e6ab0e174\" class=\"vc_row vc_row-outer vc_row-fluid\"><div id=\"tm-column-69e4e6ab0e2d9\" class=\"wpb_column vc_column_container vc_col-sm-12\"><div class=\"vc_column-inner \"><div class=\"wpb_wrapper\"><div class=\"vc_empty_space\"   style=\"height: 32px\"><span class=\"vc_empty_space_inner\"><\/span><\/div><\/div><\/div><\/div><\/div><div id=\"tm-row-69e4e6ab0e464\" class=\"vc_row vc_row-outer vc_row-fluid\"><div id=\"tm-column-69e4e6ab0e5df\" class=\"wpb_column vc_column_container vc_col-sm-6\"><div class=\"vc_column-inner \"><div class=\"wpb_wrapper\">\n\t<div class=\"wpb_text_column wpb_content_element\" >\n\t\t<div class=\"wpb_wrapper\">\n\t\t\t<p><span style=\"color: #000000;\">Zagubiony baga\u017c jest zmor\u0105 ka\u017cdego podr\u00f3\u017cnika, dzi\u0119ki projektowi IoT4Air przejdzie do historii.<\/span><\/p>\n<p>Aplikacja rejestruje pozycj\u0119 ka\u017cdego baga\u017cu na <a style=\"color: #000000;\" href=\"https:\/\/en.wikipedia.org\/wiki\/Heathrow_Airport\">lotnisku<\/a> od momentu nadania do przekazania go przewo\u017anikowi.<\/p>\n<p><span style=\"color: #000000;\">Zapobiega zagubieniu baga\u017cu dzi\u0119ki ci\u0105g\u0142emu \u015bledzeniu jego pozycji przy u\u017cyciu:<\/span><\/p>\n\n\t\t<\/div>\n\t<\/div>\n\n<ul class=\"tm-list  tm-list--v-flow tm-list--icon tm-list--horizontal\" id=\"tm-list-69e4e6ab0e7df\">\n\t\t\t<li class=\"tm-list__item tm-animation scale-up\">\n\n\t\t\t<div class=\"tm-list__marker\">\n\n\t\t\t\t\n\t\t\t\t\t\t\t\t\t\t\t\t\t\t<i class=\"tm-list__icon fas fa-circle\"><\/i>\n\t\t\t\t\t\t\t\t\n\t\t\t\t\n\t\t\t<\/div>\n\n\t\t\t<div class=\"tm-list__body\">\n\n\t\t\t\t\t\t\t\t\t<div class=\"tm-list__title\">\n\t\t\t\t\t\t\t\t\t\t\t\t\tsieci anten,\t\t\t\t\t\t\t\t\t\t\t\t<\/div>\n\t\t\t\t\n\t\t\t\t\t\t\t<\/div>\n\t\t<\/li>\n\t\t\t<li class=\"tm-list__item tm-animation scale-up\">\n\n\t\t\t<div class=\"tm-list__marker\">\n\n\t\t\t\t\n\t\t\t\t\t\t\t\t\t\t\t\t\t\t<i class=\"tm-list__icon fas fa-circle\"><\/i>\n\t\t\t\t\t\t\t\t\n\t\t\t\t\n\t\t\t<\/div>\n\n\t\t\t<div class=\"tm-list__body\">\n\n\t\t\t\t\t\t\t\t\t<div class=\"tm-list__title\">\n\t\t\t\t\t\t\t\t\t\t\t\t\tzestawu czytnik\u00f3w RFID,\t\t\t\t\t\t\t\t\t\t\t\t<\/div>\n\t\t\t\t\n\t\t\t\t\t\t\t<\/div>\n\t\t<\/li>\n\t\t\t<li class=\"tm-list__item tm-animation scale-up\">\n\n\t\t\t<div class=\"tm-list__marker\">\n\n\t\t\t\t\n\t\t\t\t\t\t\t\t\t\t\t\t\t\t<i class=\"tm-list__icon fas fa-circle\"><\/i>\n\t\t\t\t\t\t\t\t\n\t\t\t\t\n\t\t\t<\/div>\n\n\t\t\t<div class=\"tm-list__body\">\n\n\t\t\t\t\t\t\t\t\t<div class=\"tm-list__title\">\n\t\t\t\t\t\t\t\t\t\t\t\t\tczytnik\u00f3w kod\u00f3w kreskowych.\t\t\t\t\t\t\t\t\t\t\t\t<\/div>\n\t\t\t\t\n\t\t\t\t\t\t\t<\/div>\n\t\t<\/li>\n\t<\/ul>\n\n\t<div class=\"wpb_text_column wpb_content_element\" >\n\t\t<div class=\"wpb_wrapper\">\n\t\t\t<p>IoT4Air to skuteczny <span style=\"color: #000000;\"><a style=\"color: #000000;\" href=\"https:\/\/alfa-net.pl\/asset-health-maintenance\/\">system monitorowania<\/a><\/span> eliminuj\u0105cy przypadki zagubienia baga\u017cu.<\/p>\n\n\t\t<\/div>\n\t<\/div>\n<\/div><\/div><\/div><div id=\"tm-column-69e4e6ab0e908\" class=\"wpb_column vc_column_container vc_col-sm-6\"><div class=\"vc_column-inner \"><div class=\"wpb_wrapper\">\n\t<div class=\"wpb_single_image wpb_content_element vc_align_center\">\n\t\t\n\t\t<figure class=\"wpb_wrapper vc_figure\">\n\t\t\t<div class=\"vc_single_image-wrapper   vc_box_border_grey\"><img loading=\"lazy\" decoding=\"async\" width=\"640\" height=\"478\" src=\"https:\/\/alfa-net.pl\/wp-content\/uploads\/2017\/06\/ozon_portfolio.png\" class=\"vc_single_image-img attachment-large\" alt=\"ekrany iot\" title=\"iot_portfolio\" srcset=\"https:\/\/alfa-net.pl\/wp-content\/uploads\/2017\/06\/ozon_portfolio.png 904w, https:\/\/alfa-net.pl\/wp-content\/uploads\/2017\/06\/ozon_portfolio-300x224.png 300w, https:\/\/alfa-net.pl\/wp-content\/uploads\/2017\/06\/ozon_portfolio-768x573.png 768w, https:\/\/alfa-net.pl\/wp-content\/uploads\/2017\/06\/ozon_portfolio-500x373.png 500w\" sizes=\"auto, (max-width: 640px) 100vw, 640px\" \/><\/div>\n\t\t<\/figure>\n\t<\/div>\n<\/div><\/div><\/div><\/div><div id=\"tm-row-69e4e6ab0eef2\" class=\"vc_row vc_row-outer vc_row-fluid\"><div id=\"tm-column-69e4e6ab0f0ab\" class=\"wpb_column vc_column_container vc_col-sm-12\"><div class=\"vc_column-inner \"><div class=\"wpb_wrapper\"><div class=\"wpb_gallery wpb_content_element vc_clearfix wpb_content_element\" ><div class=\"wpb_wrapper\"><div class=\"wpb_gallery_slides wpb_flexslider flexslider_fade flexslider\" data-interval=\"3\" data-flex_fx=\"fade\"><ul class=\"slides\"><li><a class=\"\" href=\"https:\/\/alfa-net.pl\/wp-content\/uploads\/2017\/06\/selectZone-1024x640.png\" data-lightbox=\"lightbox[rel-5759-3619325583]\"><img loading=\"lazy\" decoding=\"async\" width=\"1500\" height=\"938\" src=\"https:\/\/alfa-net.pl\/wp-content\/uploads\/2017\/06\/selectZone.png\" class=\"attachment-full\" alt=\"\" title=\"selectZone\" srcset=\"https:\/\/alfa-net.pl\/wp-content\/uploads\/2017\/06\/selectZone.png 1500w, https:\/\/alfa-net.pl\/wp-content\/uploads\/2017\/06\/selectZone-300x188.png 300w, https:\/\/alfa-net.pl\/wp-content\/uploads\/2017\/06\/selectZone-1024x640.png 1024w, https:\/\/alfa-net.pl\/wp-content\/uploads\/2017\/06\/selectZone-768x480.png 768w, https:\/\/alfa-net.pl\/wp-content\/uploads\/2017\/06\/selectZone-500x313.png 500w\" sizes=\"auto, (max-width: 1500px) 100vw, 1500px\" \/><\/a><\/li><li><a class=\"\" href=\"https:\/\/alfa-net.pl\/wp-content\/uploads\/2017\/06\/drawZone-1024x640.png\" data-lightbox=\"lightbox[rel-5759-3619325583]\"><img loading=\"lazy\" decoding=\"async\" width=\"1500\" height=\"938\" src=\"https:\/\/alfa-net.pl\/wp-content\/uploads\/2017\/06\/drawZone.png\" class=\"attachment-full\" alt=\"\" title=\"drawZone\" srcset=\"https:\/\/alfa-net.pl\/wp-content\/uploads\/2017\/06\/drawZone.png 1500w, https:\/\/alfa-net.pl\/wp-content\/uploads\/2017\/06\/drawZone-300x188.png 300w, https:\/\/alfa-net.pl\/wp-content\/uploads\/2017\/06\/drawZone-1024x640.png 1024w, https:\/\/alfa-net.pl\/wp-content\/uploads\/2017\/06\/drawZone-768x480.png 768w, https:\/\/alfa-net.pl\/wp-content\/uploads\/2017\/06\/drawZone-500x313.png 500w\" sizes=\"auto, (max-width: 1500px) 100vw, 1500px\" \/><\/a><\/li><li><a class=\"\" href=\"https:\/\/alfa-net.pl\/wp-content\/uploads\/2017\/06\/createStartZone-1024x640.png\" data-lightbox=\"lightbox[rel-5759-3619325583]\"><img loading=\"lazy\" decoding=\"async\" width=\"1500\" height=\"938\" src=\"https:\/\/alfa-net.pl\/wp-content\/uploads\/2017\/06\/createStartZone.png\" class=\"attachment-full\" alt=\"ekran tworzenia strefy\" title=\"createStartZone\" srcset=\"https:\/\/alfa-net.pl\/wp-content\/uploads\/2017\/06\/createStartZone.png 1500w, https:\/\/alfa-net.pl\/wp-content\/uploads\/2017\/06\/createStartZone-300x188.png 300w, https:\/\/alfa-net.pl\/wp-content\/uploads\/2017\/06\/createStartZone-1024x640.png 1024w, https:\/\/alfa-net.pl\/wp-content\/uploads\/2017\/06\/createStartZone-768x480.png 768w, https:\/\/alfa-net.pl\/wp-content\/uploads\/2017\/06\/createStartZone-500x313.png 500w\" sizes=\"auto, (max-width: 1500px) 100vw, 1500px\" \/><\/a><\/li><li><a class=\"\" href=\"https:\/\/alfa-net.pl\/wp-content\/uploads\/2017\/06\/airportService-1024x640.png\" data-lightbox=\"lightbox[rel-5759-3619325583]\"><img loading=\"lazy\" decoding=\"async\" width=\"1500\" height=\"938\" src=\"https:\/\/alfa-net.pl\/wp-content\/uploads\/2017\/06\/airportService.png\" class=\"attachment-full\" alt=\"widoku serwisu\" title=\"airportService\" srcset=\"https:\/\/alfa-net.pl\/wp-content\/uploads\/2017\/06\/airportService.png 1500w, https:\/\/alfa-net.pl\/wp-content\/uploads\/2017\/06\/airportService-300x188.png 300w, https:\/\/alfa-net.pl\/wp-content\/uploads\/2017\/06\/airportService-1024x640.png 1024w, https:\/\/alfa-net.pl\/wp-content\/uploads\/2017\/06\/airportService-768x480.png 768w, https:\/\/alfa-net.pl\/wp-content\/uploads\/2017\/06\/airportService-500x313.png 500w\" sizes=\"auto, (max-width: 1500px) 100vw, 1500px\" \/><\/a><\/li><li><a class=\"\" href=\"https:\/\/alfa-net.pl\/wp-content\/uploads\/2017\/06\/fileSelection-2-1024x640.png\" data-lightbox=\"lightbox[rel-5759-3619325583]\"><img loading=\"lazy\" decoding=\"async\" width=\"1999\" height=\"1250\" src=\"https:\/\/alfa-net.pl\/wp-content\/uploads\/2017\/06\/fileSelection-2.png\" class=\"attachment-full\" alt=\"ekran wyboru plik\u00f3w\" title=\"fileSelection\" srcset=\"https:\/\/alfa-net.pl\/wp-content\/uploads\/2017\/06\/fileSelection-2.png 1999w, https:\/\/alfa-net.pl\/wp-content\/uploads\/2017\/06\/fileSelection-2-300x188.png 300w, https:\/\/alfa-net.pl\/wp-content\/uploads\/2017\/06\/fileSelection-2-1024x640.png 1024w, https:\/\/alfa-net.pl\/wp-content\/uploads\/2017\/06\/fileSelection-2-768x480.png 768w, https:\/\/alfa-net.pl\/wp-content\/uploads\/2017\/06\/fileSelection-2-1536x960.png 1536w, https:\/\/alfa-net.pl\/wp-content\/uploads\/2017\/06\/fileSelection-2-500x313.png 500w\" sizes=\"auto, (max-width: 1999px) 100vw, 1999px\" \/><\/a><\/li><\/ul><\/div><\/div><\/div><\/div><\/div><\/div><\/div><div id=\"tm-row-69e4e6ab1070b\" data-vc-full-width=\"true\" data-vc-full-width-init=\"false\" data-vc-stretch-content=\"true\" class=\"vc_row vc_row-outer vc_row-fluid\"><div id=\"tm-column-69e4e6ab108c0\" class=\"wpb_column vc_column_container vc_col-sm-6\"><div class=\"vc_column-inner \"><div class=\"wpb_wrapper\">\n<div class=\"tm-heading vc_custom_1693914138496 center  tm-animation move-right\" id=\"tm-heading-69e4e6ab109c9\">\n\t<h2 class=\"heading\" style=\"color: #ffffff;\"><b>Chcesz rozpocz\u0105\u0107 nowy projekt?<\/b><\/h2><\/div>\n\n<\/div><\/div><\/div><div id=\"tm-column-69e4e6ab10abd\" class=\"wpb_column vc_column_container vc_col-sm-6\"><div class=\"vc_column-inner \"><div class=\"wpb_wrapper\"><div class=\"tm-button-wrapper  vertical-align-center tm-animation scale-up\" id=\"tm-button-69e4e6ab110b5\">\n\t\t<a class=\"tm-button style-2 tm-button-lg tm-button-white\" href=\"https:\/\/alfa-net.pl\/contact\/\"\n\t\ttarget=\"_blank\"\t>\n\t\t<span>\n\t\t\t\t\t\tNAPISZ DO NAS!\t\t\t\t\t<\/span>\n\t<\/a>\n<\/div>\n<\/div><\/div><\/div><\/div><div class=\"vc_row-full-width vc_clearfix\"><\/div>\n<\/div>","protected":false},"excerpt":{"rendered":"IoT 4 Air System monitorowania baga\u017cu Zagubiony baga\u017c jest zmor\u0105 ka\u017cdego podr\u00f3\u017cnika, dzi\u0119ki projektowi IoT4Air przejdzie do historii. Aplikacja rejestruje pozycj\u0119 ka\u017cdego baga\u017cu na lotnisku od momentu nadania do przekazania go przewo\u017anikowi. Zapobiega zagubieniu baga\u017cu dzi\u0119ki ci\u0105g\u0142emu \u015bledzeniu jego pozycji przy u\u017cyciu: sieci anten, zestawu czytnik\u00f3w RFID, czytnik\u00f3w kod\u00f3w kreskowych. IoT4Air to skuteczny system monitorowania eliminuj\u0105cy przypadki zagubienia baga\u017cu. Chcesz rozpocz\u0105\u0107 nowy projekt? NAPISZ DO NAS!","protected":false},"author":1,"featured_media":0,"parent":0,"menu_order":0,"comment_status":"closed","ping_status":"closed","template":"","meta":{"footnotes":""},"class_list":["post-5759","page","type-page","status-publish","hentry"],"yoast_head":"<!-- This site is optimized with the Yoast SEO plugin v27.2 - https:\/\/yoast.com\/product\/yoast-seo-wordpress\/ -->\n<title>Zagubiony baga\u017c - IoT4Air | Alfa-Net Software Development<\/title>\n<meta name=\"description\" content=\"Zagubiony baga\u017c przechodzi do historii -System monitorowania baga\u017cu blockchain do implementacji na lotniskach.\" \/>\n<meta name=\"robots\" content=\"index, follow, max-snippet:-1, max-image-preview:large, max-video-preview:-1\" \/>\n<link rel=\"canonical\" href=\"https:\/\/alfa-net.pl\/en\/iot-4-air-zagubiony-bagaz\/\" \/>\n<meta property=\"og:locale\" content=\"en_GB\" \/>\n<meta property=\"og:type\" content=\"article\" \/>\n<meta property=\"og:title\" content=\"Zagubiony baga\u017c - IoT4Air | Alfa-Net Software Development\" \/>\n<meta property=\"og:description\" content=\"Zagubiony baga\u017c przechodzi do historii -System monitorowania baga\u017cu blockchain do implementacji na lotniskach.\" \/>\n<meta property=\"og:url\" content=\"https:\/\/alfa-net.pl\/en\/iot-4-air-zagubiony-bagaz\/\" \/>\n<meta property=\"og:site_name\" content=\"Alfa-Net - Software Development\" \/>\n<meta property=\"article:publisher\" content=\"https:\/\/www.facebook.com\/alfanet.spk\" \/>\n<meta property=\"article:modified_time\" content=\"2023-10-19T15:18:24+00:00\" \/>\n<meta name=\"twitter:card\" content=\"summary_large_image\" \/>\n<meta name=\"twitter:label1\" content=\"Estimated reading time\" \/>\n\t<meta name=\"twitter:data1\" content=\"1 minute\" \/>\n<script type=\"application\/ld+json\" class=\"yoast-schema-graph\">{\"@context\":\"https:\/\/schema.org\",\"@graph\":[{\"@type\":\"WebPage\",\"@id\":\"https:\/\/alfa-net.pl\/iot-4-air-zagubiony-bagaz\/\",\"url\":\"https:\/\/alfa-net.pl\/iot-4-air-zagubiony-bagaz\/\",\"name\":\"Zagubiony baga\u017c - IoT4Air | Alfa-Net Software Development\",\"isPartOf\":{\"@id\":\"https:\/\/alfa-net.pl\/#website\"},\"datePublished\":\"2022-11-29T09:24:49+00:00\",\"dateModified\":\"2023-10-19T15:18:24+00:00\",\"description\":\"Zagubiony baga\u017c przechodzi do historii -System monitorowania baga\u017cu blockchain do implementacji na lotniskach.\",\"breadcrumb\":{\"@id\":\"https:\/\/alfa-net.pl\/iot-4-air-zagubiony-bagaz\/#breadcrumb\"},\"inLanguage\":\"en-GB\",\"potentialAction\":[{\"@type\":\"ReadAction\",\"target\":[\"https:\/\/alfa-net.pl\/iot-4-air-zagubiony-bagaz\/\"]}]},{\"@type\":\"BreadcrumbList\",\"@id\":\"https:\/\/alfa-net.pl\/iot-4-air-zagubiony-bagaz\/#breadcrumb\",\"itemListElement\":[{\"@type\":\"ListItem\",\"position\":1,\"name\":\"Strona g\u0142\u00f3wna\",\"item\":\"https:\/\/alfa-net.pl\/\"},{\"@type\":\"ListItem\",\"position\":2,\"name\":\"IoT 4 Air\"}]},{\"@type\":\"WebSite\",\"@id\":\"https:\/\/alfa-net.pl\/#website\",\"url\":\"https:\/\/alfa-net.pl\/\",\"name\":\"Alfa-Net - Software Development\",\"description\":\"Software Development\",\"publisher\":{\"@id\":\"https:\/\/alfa-net.pl\/#organization\"},\"potentialAction\":[{\"@type\":\"SearchAction\",\"target\":{\"@type\":\"EntryPoint\",\"urlTemplate\":\"https:\/\/alfa-net.pl\/?s={search_term_string}\"},\"query-input\":{\"@type\":\"PropertyValueSpecification\",\"valueRequired\":true,\"valueName\":\"search_term_string\"}}],\"inLanguage\":\"en-GB\"},{\"@type\":\"Organization\",\"@id\":\"https:\/\/alfa-net.pl\/#organization\",\"name\":\"Alfa-Net\",\"url\":\"https:\/\/alfa-net.pl\/\",\"logo\":{\"@type\":\"ImageObject\",\"inLanguage\":\"en-GB\",\"@id\":\"https:\/\/alfa-net.pl\/#\/schema\/logo\/image\/\",\"url\":\"https:\/\/alfa-net.pl\/wp-content\/uploads\/2020\/03\/logoGreyFont_withPadding-2.png\",\"contentUrl\":\"https:\/\/alfa-net.pl\/wp-content\/uploads\/2020\/03\/logoGreyFont_withPadding-2.png\",\"width\":767,\"height\":767,\"caption\":\"Alfa-Net\"},\"image\":{\"@id\":\"https:\/\/alfa-net.pl\/#\/schema\/logo\/image\/\"},\"sameAs\":[\"https:\/\/www.facebook.com\/alfanet.spk\"]}]}<\/script>\n<!-- \/ Yoast SEO plugin. -->","yoast_head_json":{"title":"Zagubiony baga\u017c - IoT4Air | Alfa-Net Software Development","description":"Zagubiony baga\u017c przechodzi do historii -System monitorowania baga\u017cu blockchain do implementacji na lotniskach.","robots":{"index":"index","follow":"follow","max-snippet":"max-snippet:-1","max-image-preview":"max-image-preview:large","max-video-preview":"max-video-preview:-1"},"canonical":"https:\/\/alfa-net.pl\/en\/iot-4-air-zagubiony-bagaz\/","og_locale":"en_GB","og_type":"article","og_title":"Zagubiony baga\u017c - IoT4Air | Alfa-Net Software Development","og_description":"Zagubiony baga\u017c przechodzi do historii -System monitorowania baga\u017cu blockchain do implementacji na lotniskach.","og_url":"https:\/\/alfa-net.pl\/en\/iot-4-air-zagubiony-bagaz\/","og_site_name":"Alfa-Net - Software Development","article_publisher":"https:\/\/www.facebook.com\/alfanet.spk","article_modified_time":"2023-10-19T15:18:24+00:00","twitter_card":"summary_large_image","twitter_misc":{"Estimated reading time":"1 minute"},"schema":{"@context":"https:\/\/schema.org","@graph":[{"@type":"WebPage","@id":"https:\/\/alfa-net.pl\/iot-4-air-zagubiony-bagaz\/","url":"https:\/\/alfa-net.pl\/iot-4-air-zagubiony-bagaz\/","name":"Zagubiony baga\u017c - IoT4Air | Alfa-Net Software Development","isPartOf":{"@id":"https:\/\/alfa-net.pl\/#website"},"datePublished":"2022-11-29T09:24:49+00:00","dateModified":"2023-10-19T15:18:24+00:00","description":"Zagubiony baga\u017c przechodzi do historii -System monitorowania baga\u017cu blockchain do implementacji na lotniskach.","breadcrumb":{"@id":"https:\/\/alfa-net.pl\/iot-4-air-zagubiony-bagaz\/#breadcrumb"},"inLanguage":"en-GB","potentialAction":[{"@type":"ReadAction","target":["https:\/\/alfa-net.pl\/iot-4-air-zagubiony-bagaz\/"]}]},{"@type":"BreadcrumbList","@id":"https:\/\/alfa-net.pl\/iot-4-air-zagubiony-bagaz\/#breadcrumb","itemListElement":[{"@type":"ListItem","position":1,"name":"Strona g\u0142\u00f3wna","item":"https:\/\/alfa-net.pl\/"},{"@type":"ListItem","position":2,"name":"IoT 4 Air"}]},{"@type":"WebSite","@id":"https:\/\/alfa-net.pl\/#website","url":"https:\/\/alfa-net.pl\/","name":"Alfa-Net - Software Development","description":"Software Development","publisher":{"@id":"https:\/\/alfa-net.pl\/#organization"},"potentialAction":[{"@type":"SearchAction","target":{"@type":"EntryPoint","urlTemplate":"https:\/\/alfa-net.pl\/?s={search_term_string}"},"query-input":{"@type":"PropertyValueSpecification","valueRequired":true,"valueName":"search_term_string"}}],"inLanguage":"en-GB"},{"@type":"Organization","@id":"https:\/\/alfa-net.pl\/#organization","name":"Alfa-Net","url":"https:\/\/alfa-net.pl\/","logo":{"@type":"ImageObject","inLanguage":"en-GB","@id":"https:\/\/alfa-net.pl\/#\/schema\/logo\/image\/","url":"https:\/\/alfa-net.pl\/wp-content\/uploads\/2020\/03\/logoGreyFont_withPadding-2.png","contentUrl":"https:\/\/alfa-net.pl\/wp-content\/uploads\/2020\/03\/logoGreyFont_withPadding-2.png","width":767,"height":767,"caption":"Alfa-Net"},"image":{"@id":"https:\/\/alfa-net.pl\/#\/schema\/logo\/image\/"},"sameAs":["https:\/\/www.facebook.com\/alfanet.spk"]}]}},"_links":{"self":[{"href":"https:\/\/alfa-net.pl\/en\/wp-json\/wp\/v2\/pages\/5759","targetHints":{"allow":["GET"]}}],"collection":[{"href":"https:\/\/alfa-net.pl\/en\/wp-json\/wp\/v2\/pages"}],"about":[{"href":"https:\/\/alfa-net.pl\/en\/wp-json\/wp\/v2\/types\/page"}],"author":[{"embeddable":true,"href":"https:\/\/alfa-net.pl\/en\/wp-json\/wp\/v2\/users\/1"}],"replies":[{"embeddable":true,"href":"https:\/\/alfa-net.pl\/en\/wp-json\/wp\/v2\/comments?post=5759"}],"version-history":[{"count":61,"href":"https:\/\/alfa-net.pl\/en\/wp-json\/wp\/v2\/pages\/5759\/revisions"}],"predecessor-version":[{"id":6090,"href":"https:\/\/alfa-net.pl\/en\/wp-json\/wp\/v2\/pages\/5759\/revisions\/6090"}],"wp:attachment":[{"href":"https:\/\/alfa-net.pl\/en\/wp-json\/wp\/v2\/media?parent=5759"}],"curies":[{"name":"wp","href":"https:\/\/api.w.org\/{rel}","templated":true}]}}