{"id":5823,"date":"2022-11-29T10:31:09","date_gmt":"2022-11-29T09:31:09","guid":{"rendered":"https:\/\/alfa-net.pl\/?page_id=5823"},"modified":"2023-10-19T18:54:30","modified_gmt":"2023-10-19T16:54:30","slug":"analizator-aukcje-online","status":"publish","type":"page","link":"https:\/\/alfa-net.pl\/en\/analizator-aukcje-online\/","title":{"rendered":"Analizator"},"content":{"rendered":"<div class=\"wpb-content-wrapper\"><div id=\"tm-row-69f2eaeeaee1c\" data-vc-full-width=\"true\" data-vc-full-width-init=\"false\" data-vc-stretch-content=\"true\" class=\"vc_row vc_row-outer vc_row-fluid rmbg-md-down\"><div id=\"tm-column-69f2eaeeaf99b\" class=\"wpb_column vc_column_container vc_col-sm-2\/5\"><div class=\"vc_column-inner \"><div class=\"wpb_wrapper\">\n<div class=\"tm-heading vc_custom_1696953592776 right highlight-text tm-animation move-right\" id=\"tm-heading-69f2eaeeafc18\">\n\t<h1 class=\"heading\" style=\"\"><b>Analizator - aukcje online<\/b><\/h1><\/div>\n\n<div class=\"vc_separator wpb_content_element vc_separator_align_center vc_sep_width_30 vc_sep_border_width_4 vc_sep_pos_align_right vc_separator_no_text wpb_content_element\" ><span class=\"vc_sep_holder vc_sep_holder_l\"><span style=\"border-color:#ffa408;\" class=\"vc_sep_line\"><\/span><\/span><span class=\"vc_sep_holder vc_sep_holder_r\"><span style=\"border-color:#ffa408;\" class=\"vc_sep_line\"><\/span><\/span>\n<\/div><\/div><\/div><\/div><div id=\"tm-column-69f2eaeeafffc\" class=\"wpb_column vc_column_container vc_col-sm-3\/5\"><div class=\"vc_column-inner \"><div class=\"wpb_wrapper\">\n\t<div class=\"wpb_single_image wpb_content_element vc_align_left\">\n\t\t\n\t\t<figure class=\"wpb_wrapper vc_figure\">\n\t\t\t<div class=\"vc_single_image-wrapper   vc_box_border_grey\"><img loading=\"lazy\" decoding=\"async\" width=\"330\" height=\"330\" src=\"https:\/\/alfa-net.pl\/wp-content\/uploads\/2022\/11\/analizator-Current-View-1.png\" class=\"vc_single_image-img attachment-large\" alt=\"analizator\" title=\"analizator-Current View 1\" srcset=\"https:\/\/alfa-net.pl\/wp-content\/uploads\/2022\/11\/analizator-Current-View-1.png 330w, https:\/\/alfa-net.pl\/wp-content\/uploads\/2022\/11\/analizator-Current-View-1-300x300.png 300w, https:\/\/alfa-net.pl\/wp-content\/uploads\/2022\/11\/analizator-Current-View-1-150x150.png 150w, https:\/\/alfa-net.pl\/wp-content\/uploads\/2022\/11\/analizator-Current-View-1-12x12.png 12w\" sizes=\"auto, (max-width: 330px) 100vw, 330px\" \/><\/div>\n\t\t<\/figure>\n\t<\/div>\n<\/div><\/div><\/div><\/div><div class=\"vc_row-full-width vc_clearfix\"><\/div><div id=\"tm-row-69f2eaeeb08ff\" data-vc-full-width=\"true\" data-vc-full-width-init=\"false\" class=\"vc_row vc_row-outer vc_row-fluid\"><div id=\"tm-column-69f2eaeeb0c2e\" class=\"wpb_column vc_column_container vc_col-sm-12\"><div class=\"vc_column-inner \"><div class=\"wpb_wrapper\">\n<div class=\"tm-heading vc_custom_1693912603588 center  tm-animation move-right\" id=\"tm-heading-69f2eaeeb0dd3\">\n\t<h2 class=\"heading\" style=\"color: #ffffff;\"><b>Program wspomagaj\u0105cy firm\u0119 handluj\u0105c\u0105<br \/>\nna portalach internetowych<\/b><\/h2><\/div>\n\n<\/div><\/div><\/div><\/div><div class=\"vc_row-full-width vc_clearfix\"><\/div><div id=\"tm-row-69f2eaeeb0fe0\" class=\"vc_row vc_row-outer vc_row-fluid\"><div id=\"tm-column-69f2eaeeb127b\" class=\"wpb_column vc_column_container vc_col-sm-12\"><div class=\"vc_column-inner \"><div class=\"wpb_wrapper\"><div class=\"vc_empty_space\"   style=\"height: 32px\"><span class=\"vc_empty_space_inner\"><\/span><\/div><\/div><\/div><\/div><\/div><div id=\"tm-row-69f2eaeeb1564\" class=\"vc_row vc_row-outer vc_row-fluid\"><div id=\"tm-column-69f2eaeeb27f2\" class=\"wpb_column vc_column_container vc_col-sm-6\"><div class=\"vc_column-inner \"><div class=\"wpb_wrapper\">\n\t<div class=\"wpb_text_column wpb_content_element\" >\n\t\t<div class=\"wpb_wrapper\">\n\t\t\t<div class=\"p-rich_text_section\">\n<p><span style=\"color: #000000;\"><a style=\"color: #000000;\" href=\"https:\/\/pl.wikipedia.org\/wiki\/System_wspomagania_decyzji#:~:text=System%20wspomagania%20decyzji%20(ang.,wysokiego%20szczebla%20oraz%20analityk\u00f3w%20korporacyjnych.\">System wspieraj\u0105cy podejmowanie decyzji<\/a> poprzez analiz\u0119 zawarto\u015bci aukcji online i nadzorowanie dzia\u0142a\u0144 cenowych konkurencji. <a style=\"color: #000000;\" href=\"https:\/\/alfa-net.pl\/software-development-our-products\/\">Projekt<\/a> jest w ci\u0105g\u0142ej fazie rozwoju i regularnie zyskuje nowe funkcjonalno\u015bci.<\/span><\/p>\n<\/div>\n<div class=\"p-rich_text_section\">\n<p><span style=\"color: #000000;\">Najwa\u017cniejsze funkcje systemu:<\/span><\/p>\n<\/div>\n\n\t\t<\/div>\n\t<\/div>\n\n<ul class=\"tm-list  tm-list--v-flow tm-list--icon tm-list--horizontal\" id=\"tm-list-69f2eaeeb41d8\">\n\t\t\t<li class=\"tm-list__item tm-animation scale-up\">\n\n\t\t\t<div class=\"tm-list__marker\">\n\n\t\t\t\t\n\t\t\t\t\t\t\t\t\t\t\t\t\t\t<i class=\"tm-list__icon fas fa-circle\"><\/i>\n\t\t\t\t\t\t\t\t\n\t\t\t\t\n\t\t\t<\/div>\n\n\t\t\t<div class=\"tm-list__body\">\n\n\t\t\t\t\t\t\t\t\t<div class=\"tm-list__title\">\n\t\t\t\t\t\t\t\t\t\t\t\t\twspomaganie decyzji maksymalizuj\u0105cych zysk,\t\t\t\t\t\t\t\t\t\t\t\t<\/div>\n\t\t\t\t\n\t\t\t\t\t\t\t<\/div>\n\t\t<\/li>\n\t\t\t<li class=\"tm-list__item tm-animation scale-up\">\n\n\t\t\t<div class=\"tm-list__marker\">\n\n\t\t\t\t\n\t\t\t\t\t\t\t\t\t\t\t\t\t\t<i class=\"tm-list__icon fas fa-circle\"><\/i>\n\t\t\t\t\t\t\t\t\n\t\t\t\t\n\t\t\t<\/div>\n\n\t\t\t<div class=\"tm-list__body\">\n\n\t\t\t\t\t\t\t\t\t<div class=\"tm-list__title\">\n\t\t\t\t\t\t\t\t\t\t\t\t\tumo\u017cliwienie utrzymania optymalnych stan\u00f3w   magazynowych,\t\t\t\t\t\t\t\t\t\t\t\t<\/div>\n\t\t\t\t\n\t\t\t\t\t\t\t<\/div>\n\t\t<\/li>\n\t\t\t<li class=\"tm-list__item tm-animation scale-up\">\n\n\t\t\t<div class=\"tm-list__marker\">\n\n\t\t\t\t\n\t\t\t\t\t\t\t\t\t\t\t\t\t\t<i class=\"tm-list__icon fas fa-circle\"><\/i>\n\t\t\t\t\t\t\t\t\n\t\t\t\t\n\t\t\t<\/div>\n\n\t\t\t<div class=\"tm-list__body\">\n\n\t\t\t\t\t\t\t\t\t<div class=\"tm-list__title\">\n\t\t\t\t\t\t\t\t\t\t\t\t\tzapewnienia p\u0142ynno\u015bci sprzeda\u017cy.\t\t\t\t\t\t\t\t\t\t\t\t<\/div>\n\t\t\t\t\n\t\t\t\t\t\t\t<\/div>\n\t\t<\/li>\n\t<\/ul>\n<\/div><\/div><\/div><div id=\"tm-column-69f2eaeeb435a\" class=\"wpb_column vc_column_container vc_col-sm-6\"><div class=\"vc_column-inner \"><div class=\"wpb_wrapper\">\n\t<div class=\"wpb_single_image wpb_content_element vc_align_center\">\n\t\t\n\t\t<figure class=\"wpb_wrapper vc_figure\">\n\t\t\t<div class=\"vc_single_image-wrapper   vc_box_border_grey\"><img loading=\"lazy\" decoding=\"async\" width=\"640\" height=\"488\" src=\"https:\/\/alfa-net.pl\/wp-content\/uploads\/2017\/04\/Analizator-e1602155914380.png\" class=\"vc_single_image-img attachment-large\" alt=\"grafika przedstawiaj\u0105ca monitor ze zrzutem ekranu z programu ANALIZATOR AUKCJI, na nim konfiguracja analizy aukcji\" title=\"Analizator\" srcset=\"https:\/\/alfa-net.pl\/wp-content\/uploads\/2017\/04\/Analizator-e1602155914380.png 768w, https:\/\/alfa-net.pl\/wp-content\/uploads\/2017\/04\/Analizator-e1602155914380-300x229.png 300w, https:\/\/alfa-net.pl\/wp-content\/uploads\/2017\/04\/Analizator-e1602155914380-500x381.png 500w\" sizes=\"auto, (max-width: 640px) 100vw, 640px\" \/><\/div>\n\t\t<\/figure>\n\t<\/div>\n<\/div><\/div><\/div><\/div><div id=\"tm-row-69f2eaeeb4fa1\" class=\"vc_row vc_row-outer vc_row-fluid\"><div id=\"tm-column-69f2eaeeb52e3\" class=\"wpb_column vc_column_container vc_col-sm-12\"><div class=\"vc_column-inner \"><div class=\"wpb_wrapper\"><div class=\"wpb_gallery wpb_content_element vc_clearfix wpb_content_element\" ><div class=\"wpb_wrapper\"><div class=\"wpb_gallery_slides wpb_flexslider flexslider_fade flexslider\" data-interval=\"3\" data-flex_fx=\"fade\"><ul class=\"slides\"><li><a class=\"\" href=\"https:\/\/alfa-net.pl\/wp-content\/uploads\/2017\/04\/Analizator3-1024x627.png\" data-lightbox=\"lightbox[rel-5823-662066361]\"><img loading=\"lazy\" decoding=\"async\" width=\"1390\" height=\"851\" src=\"https:\/\/alfa-net.pl\/wp-content\/uploads\/2017\/04\/Analizator3.png\" class=\"attachment-full\" alt=\"grafika przedstawiaj\u0105ca zrzut ekranu z programu ANALIZATOR AUKCJI, na nim okienko analizy aukcji\" title=\"Analizator3\" srcset=\"https:\/\/alfa-net.pl\/wp-content\/uploads\/2017\/04\/Analizator3.png 1390w, https:\/\/alfa-net.pl\/wp-content\/uploads\/2017\/04\/Analizator3-300x184.png 300w, https:\/\/alfa-net.pl\/wp-content\/uploads\/2017\/04\/Analizator3-1024x627.png 1024w, https:\/\/alfa-net.pl\/wp-content\/uploads\/2017\/04\/Analizator3-768x470.png 768w, https:\/\/alfa-net.pl\/wp-content\/uploads\/2017\/04\/Analizator3-500x306.png 500w\" sizes=\"auto, (max-width: 1390px) 100vw, 1390px\" \/><\/a><\/li><li><a class=\"\" href=\"https:\/\/alfa-net.pl\/wp-content\/uploads\/2017\/04\/Analizator1-1024x705.png\" data-lightbox=\"lightbox[rel-5823-662066361]\"><img loading=\"lazy\" decoding=\"async\" width=\"1244\" height=\"857\" src=\"https:\/\/alfa-net.pl\/wp-content\/uploads\/2017\/04\/Analizator1.png\" class=\"attachment-full\" alt=\"grafika przedstawiaj\u0105ca zrzut ekranu z programu ANALIZATOR AUKCJI, na nim okienko analiz produkt\u00f3w\" title=\"Analizator1\" srcset=\"https:\/\/alfa-net.pl\/wp-content\/uploads\/2017\/04\/Analizator1.png 1244w, https:\/\/alfa-net.pl\/wp-content\/uploads\/2017\/04\/Analizator1-300x207.png 300w, https:\/\/alfa-net.pl\/wp-content\/uploads\/2017\/04\/Analizator1-1024x705.png 1024w, https:\/\/alfa-net.pl\/wp-content\/uploads\/2017\/04\/Analizator1-768x529.png 768w, https:\/\/alfa-net.pl\/wp-content\/uploads\/2017\/04\/Analizator1-500x344.png 500w\" sizes=\"auto, (max-width: 1244px) 100vw, 1244px\" \/><\/a><\/li><\/ul><\/div><\/div><\/div><\/div><\/div><\/div><\/div><div id=\"tm-row-69f2eaeeb67c4\" data-vc-full-width=\"true\" data-vc-full-width-init=\"false\" data-vc-stretch-content=\"true\" class=\"vc_row vc_row-outer vc_row-fluid\"><div id=\"tm-column-69f2eaeeb6b6c\" class=\"wpb_column vc_column_container vc_col-sm-6\"><div class=\"vc_column-inner \"><div class=\"wpb_wrapper\">\n<div class=\"tm-heading vc_custom_1693912609414 center  tm-animation move-right\" id=\"tm-heading-69f2eaeeb6d1f\">\n\t<h2 class=\"heading\" style=\"color: #ffffff;\"><b>Chcesz rozpocz\u0105\u0107 nowy projekt?<\/b><\/h2><\/div>\n\n<\/div><\/div><\/div><div id=\"tm-column-69f2eaeeb6f5c\" class=\"wpb_column vc_column_container vc_col-sm-6\"><div class=\"vc_column-inner \"><div class=\"wpb_wrapper\"><div class=\"tm-button-wrapper  vertical-align-center tm-animation scale-up\" id=\"tm-button-69f2eaeeb7b63\">\n\t\t<a class=\"tm-button style-2 tm-button-lg tm-button-white\" href=\"https:\/\/alfa-net.pl\/contact\/\"\n\t\ttarget=\"_blank\"\t>\n\t\t<span>\n\t\t\t\t\t\tNAPISZ DO NAS!\t\t\t\t\t<\/span>\n\t<\/a>\n<\/div>\n<\/div><\/div><\/div><\/div><div class=\"vc_row-full-width vc_clearfix\"><\/div>\n<\/div>","protected":false},"excerpt":{"rendered":"Analizator - aukcje online Program wspomagaj\u0105cy firm\u0119 handluj\u0105c\u0105 na portalach internetowych System wspieraj\u0105cy podejmowanie decyzji poprzez analiz\u0119 zawarto\u015bci aukcji online i nadzorowanie dzia\u0142a\u0144 cenowych konkurencji. Projekt jest w ci\u0105g\u0142ej fazie rozwoju i regularnie zyskuje nowe funkcjonalno\u015bci. Najwa\u017cniejsze funkcje systemu: wspomaganie decyzji maksymalizuj\u0105cych zysk, umo\u017cliwienie utrzymania optymalnych stan\u00f3w magazynowych, zapewnienia p\u0142ynno\u015bci sprzeda\u017cy. Chcesz rozpocz\u0105\u0107 nowy projekt? NAPISZ DO NAS!","protected":false},"author":1,"featured_media":0,"parent":0,"menu_order":0,"comment_status":"closed","ping_status":"closed","template":"","meta":{"footnotes":""},"class_list":["post-5823","page","type-page","status-publish","hentry"],"yoast_head":"<!-- This site is optimized with the Yoast SEO plugin v27.4 - https:\/\/yoast.com\/product\/yoast-seo-wordpress\/ -->\n<title>Aukcje online - Analizator | Alfa-Net Software Development<\/title>\n<meta name=\"description\" content=\"Stworzyli\u015bmy aplikacj\u0119 analizuj\u0105c\u0105 aukcje online w celu zapewnienia najlepszej ceny w por\u00f3wnaniu do konkurencji.\" \/>\n<meta name=\"robots\" content=\"index, follow, max-snippet:-1, max-image-preview:large, max-video-preview:-1\" \/>\n<link rel=\"canonical\" href=\"https:\/\/alfa-net.pl\/en\/analizator-aukcje-online\/\" \/>\n<meta property=\"og:locale\" content=\"en_GB\" \/>\n<meta property=\"og:type\" content=\"article\" \/>\n<meta property=\"og:title\" content=\"Aukcje online - Analizator | Alfa-Net Software Development\" \/>\n<meta property=\"og:description\" content=\"Stworzyli\u015bmy aplikacj\u0119 analizuj\u0105c\u0105 aukcje online w celu zapewnienia najlepszej ceny w por\u00f3wnaniu do konkurencji.\" \/>\n<meta property=\"og:url\" content=\"https:\/\/alfa-net.pl\/en\/analizator-aukcje-online\/\" \/>\n<meta property=\"og:site_name\" content=\"Alfa-Net - Software Development\" \/>\n<meta property=\"article:publisher\" content=\"https:\/\/www.facebook.com\/alfanet.spk\" \/>\n<meta property=\"article:modified_time\" content=\"2023-10-19T16:54:30+00:00\" \/>\n<meta name=\"twitter:card\" content=\"summary_large_image\" \/>\n<meta name=\"twitter:label1\" content=\"Estimated reading time\" \/>\n\t<meta name=\"twitter:data1\" content=\"1 minute\" \/>\n<script type=\"application\/ld+json\" class=\"yoast-schema-graph\">{\"@context\":\"https:\\\/\\\/schema.org\",\"@graph\":[{\"@type\":\"WebPage\",\"@id\":\"https:\\\/\\\/alfa-net.pl\\\/analizator-aukcje-online\\\/\",\"url\":\"https:\\\/\\\/alfa-net.pl\\\/analizator-aukcje-online\\\/\",\"name\":\"Aukcje online - Analizator | Alfa-Net Software Development\",\"isPartOf\":{\"@id\":\"https:\\\/\\\/alfa-net.pl\\\/#website\"},\"datePublished\":\"2022-11-29T09:31:09+00:00\",\"dateModified\":\"2023-10-19T16:54:30+00:00\",\"description\":\"Stworzyli\u015bmy aplikacj\u0119 analizuj\u0105c\u0105 aukcje online w celu zapewnienia najlepszej ceny w por\u00f3wnaniu do konkurencji.\",\"breadcrumb\":{\"@id\":\"https:\\\/\\\/alfa-net.pl\\\/analizator-aukcje-online\\\/#breadcrumb\"},\"inLanguage\":\"en-GB\",\"potentialAction\":[{\"@type\":\"ReadAction\",\"target\":[\"https:\\\/\\\/alfa-net.pl\\\/analizator-aukcje-online\\\/\"]}]},{\"@type\":\"BreadcrumbList\",\"@id\":\"https:\\\/\\\/alfa-net.pl\\\/analizator-aukcje-online\\\/#breadcrumb\",\"itemListElement\":[{\"@type\":\"ListItem\",\"position\":1,\"name\":\"Strona g\u0142\u00f3wna\",\"item\":\"https:\\\/\\\/alfa-net.pl\\\/\"},{\"@type\":\"ListItem\",\"position\":2,\"name\":\"Analizator\"}]},{\"@type\":\"WebSite\",\"@id\":\"https:\\\/\\\/alfa-net.pl\\\/#website\",\"url\":\"https:\\\/\\\/alfa-net.pl\\\/\",\"name\":\"Alfa-Net - Software Development\",\"description\":\"Software Development\",\"publisher\":{\"@id\":\"https:\\\/\\\/alfa-net.pl\\\/#organization\"},\"potentialAction\":[{\"@type\":\"SearchAction\",\"target\":{\"@type\":\"EntryPoint\",\"urlTemplate\":\"https:\\\/\\\/alfa-net.pl\\\/?s={search_term_string}\"},\"query-input\":{\"@type\":\"PropertyValueSpecification\",\"valueRequired\":true,\"valueName\":\"search_term_string\"}}],\"inLanguage\":\"en-GB\"},{\"@type\":\"Organization\",\"@id\":\"https:\\\/\\\/alfa-net.pl\\\/#organization\",\"name\":\"Alfa-Net\",\"url\":\"https:\\\/\\\/alfa-net.pl\\\/\",\"logo\":{\"@type\":\"ImageObject\",\"inLanguage\":\"en-GB\",\"@id\":\"https:\\\/\\\/alfa-net.pl\\\/#\\\/schema\\\/logo\\\/image\\\/\",\"url\":\"https:\\\/\\\/alfa-net.pl\\\/wp-content\\\/uploads\\\/2020\\\/03\\\/logoGreyFont_withPadding-2.png\",\"contentUrl\":\"https:\\\/\\\/alfa-net.pl\\\/wp-content\\\/uploads\\\/2020\\\/03\\\/logoGreyFont_withPadding-2.png\",\"width\":767,\"height\":767,\"caption\":\"Alfa-Net\"},\"image\":{\"@id\":\"https:\\\/\\\/alfa-net.pl\\\/#\\\/schema\\\/logo\\\/image\\\/\"},\"sameAs\":[\"https:\\\/\\\/www.facebook.com\\\/alfanet.spk\"]}]}<\/script>\n<!-- \/ Yoast SEO plugin. -->","yoast_head_json":{"title":"Aukcje online - Analizator | Alfa-Net Software Development","description":"Stworzyli\u015bmy aplikacj\u0119 analizuj\u0105c\u0105 aukcje online w celu zapewnienia najlepszej ceny w por\u00f3wnaniu do konkurencji.","robots":{"index":"index","follow":"follow","max-snippet":"max-snippet:-1","max-image-preview":"max-image-preview:large","max-video-preview":"max-video-preview:-1"},"canonical":"https:\/\/alfa-net.pl\/en\/analizator-aukcje-online\/","og_locale":"en_GB","og_type":"article","og_title":"Aukcje online - Analizator | Alfa-Net Software Development","og_description":"Stworzyli\u015bmy aplikacj\u0119 analizuj\u0105c\u0105 aukcje online w celu zapewnienia najlepszej ceny w por\u00f3wnaniu do konkurencji.","og_url":"https:\/\/alfa-net.pl\/en\/analizator-aukcje-online\/","og_site_name":"Alfa-Net - Software Development","article_publisher":"https:\/\/www.facebook.com\/alfanet.spk","article_modified_time":"2023-10-19T16:54:30+00:00","twitter_card":"summary_large_image","twitter_misc":{"Estimated reading time":"1 minute"},"schema":{"@context":"https:\/\/schema.org","@graph":[{"@type":"WebPage","@id":"https:\/\/alfa-net.pl\/analizator-aukcje-online\/","url":"https:\/\/alfa-net.pl\/analizator-aukcje-online\/","name":"Aukcje online - Analizator | Alfa-Net Software Development","isPartOf":{"@id":"https:\/\/alfa-net.pl\/#website"},"datePublished":"2022-11-29T09:31:09+00:00","dateModified":"2023-10-19T16:54:30+00:00","description":"Stworzyli\u015bmy aplikacj\u0119 analizuj\u0105c\u0105 aukcje online w celu zapewnienia najlepszej ceny w por\u00f3wnaniu do konkurencji.","breadcrumb":{"@id":"https:\/\/alfa-net.pl\/analizator-aukcje-online\/#breadcrumb"},"inLanguage":"en-GB","potentialAction":[{"@type":"ReadAction","target":["https:\/\/alfa-net.pl\/analizator-aukcje-online\/"]}]},{"@type":"BreadcrumbList","@id":"https:\/\/alfa-net.pl\/analizator-aukcje-online\/#breadcrumb","itemListElement":[{"@type":"ListItem","position":1,"name":"Strona g\u0142\u00f3wna","item":"https:\/\/alfa-net.pl\/"},{"@type":"ListItem","position":2,"name":"Analizator"}]},{"@type":"WebSite","@id":"https:\/\/alfa-net.pl\/#website","url":"https:\/\/alfa-net.pl\/","name":"Alfa-Net - Software Development","description":"Software Development","publisher":{"@id":"https:\/\/alfa-net.pl\/#organization"},"potentialAction":[{"@type":"SearchAction","target":{"@type":"EntryPoint","urlTemplate":"https:\/\/alfa-net.pl\/?s={search_term_string}"},"query-input":{"@type":"PropertyValueSpecification","valueRequired":true,"valueName":"search_term_string"}}],"inLanguage":"en-GB"},{"@type":"Organization","@id":"https:\/\/alfa-net.pl\/#organization","name":"Alfa-Net","url":"https:\/\/alfa-net.pl\/","logo":{"@type":"ImageObject","inLanguage":"en-GB","@id":"https:\/\/alfa-net.pl\/#\/schema\/logo\/image\/","url":"https:\/\/alfa-net.pl\/wp-content\/uploads\/2020\/03\/logoGreyFont_withPadding-2.png","contentUrl":"https:\/\/alfa-net.pl\/wp-content\/uploads\/2020\/03\/logoGreyFont_withPadding-2.png","width":767,"height":767,"caption":"Alfa-Net"},"image":{"@id":"https:\/\/alfa-net.pl\/#\/schema\/logo\/image\/"},"sameAs":["https:\/\/www.facebook.com\/alfanet.spk"]}]}},"_links":{"self":[{"href":"https:\/\/alfa-net.pl\/en\/wp-json\/wp\/v2\/pages\/5823","targetHints":{"allow":["GET"]}}],"collection":[{"href":"https:\/\/alfa-net.pl\/en\/wp-json\/wp\/v2\/pages"}],"about":[{"href":"https:\/\/alfa-net.pl\/en\/wp-json\/wp\/v2\/types\/page"}],"author":[{"embeddable":true,"href":"https:\/\/alfa-net.pl\/en\/wp-json\/wp\/v2\/users\/1"}],"replies":[{"embeddable":true,"href":"https:\/\/alfa-net.pl\/en\/wp-json\/wp\/v2\/comments?post=5823"}],"version-history":[{"count":13,"href":"https:\/\/alfa-net.pl\/en\/wp-json\/wp\/v2\/pages\/5823\/revisions"}],"predecessor-version":[{"id":6092,"href":"https:\/\/alfa-net.pl\/en\/wp-json\/wp\/v2\/pages\/5823\/revisions\/6092"}],"wp:attachment":[{"href":"https:\/\/alfa-net.pl\/en\/wp-json\/wp\/v2\/media?parent=5823"}],"curies":[{"name":"wp","href":"https:\/\/api.w.org\/{rel}","templated":true}]}}