{"id":5830,"date":"2022-11-29T10:32:11","date_gmt":"2022-11-29T09:32:11","guid":{"rendered":"https:\/\/alfa-net.pl\/?page_id=5830"},"modified":"2023-10-19T18:59:46","modified_gmt":"2023-10-19T16:59:46","slug":"3d-cutter-techniki-wizualizacji-rozkroju-bloku-pianki-pe","status":"publish","type":"page","link":"https:\/\/alfa-net.pl\/en\/3d-cutter-techniki-wizualizacji-rozkroju-bloku-pianki-pe\/","title":{"rendered":"3D Cutter"},"content":{"rendered":"<div class=\"wpb-content-wrapper\"><div id=\"tm-row-69d27b5532155\" data-vc-full-width=\"true\" data-vc-full-width-init=\"false\" data-vc-stretch-content=\"true\" class=\"vc_row vc_row-outer vc_row-fluid rmbg-md-down\"><div id=\"tm-column-69d27b5532ae2\" class=\"wpb_column vc_column_container vc_col-sm-2\/5\"><div class=\"vc_column-inner \"><div class=\"wpb_wrapper\">\n<div class=\"tm-heading vc_custom_1693912424703 right highlight-text tm-animation move-right\" id=\"tm-heading-69d27b5532c20\">\n\t<h1 class=\"heading\" style=\"\"><b>3D Cutter<\/b><\/h1><\/div>\n\n<div class=\"vc_separator wpb_content_element vc_separator_align_center vc_sep_width_30 vc_sep_border_width_4 vc_sep_pos_align_right vc_separator_no_text wpb_content_element\" ><span class=\"vc_sep_holder vc_sep_holder_l\"><span style=\"border-color:#ffa408;\" class=\"vc_sep_line\"><\/span><\/span><span class=\"vc_sep_holder vc_sep_holder_r\"><span style=\"border-color:#ffa408;\" class=\"vc_sep_line\"><\/span><\/span>\n<\/div><\/div><\/div><\/div><div id=\"tm-column-69d27b5532e56\" class=\"wpb_column vc_column_container vc_col-sm-3\/5\"><div class=\"vc_column-inner \"><div class=\"wpb_wrapper\">\n\t<div class=\"wpb_single_image wpb_content_element vc_align_left\">\n\t\t\n\t\t<figure class=\"wpb_wrapper vc_figure\">\n\t\t\t<div class=\"vc_single_image-wrapper   vc_box_border_grey\"><img loading=\"lazy\" decoding=\"async\" width=\"330\" height=\"330\" src=\"https:\/\/alfa-net.pl\/wp-content\/uploads\/2022\/11\/3dcutter-Current-View-1.png\" class=\"vc_single_image-img attachment-large\" alt=\"3d cutter\" title=\"3dcutter-Current View 1\" srcset=\"https:\/\/alfa-net.pl\/wp-content\/uploads\/2022\/11\/3dcutter-Current-View-1.png 330w, https:\/\/alfa-net.pl\/wp-content\/uploads\/2022\/11\/3dcutter-Current-View-1-300x300.png 300w, https:\/\/alfa-net.pl\/wp-content\/uploads\/2022\/11\/3dcutter-Current-View-1-150x150.png 150w, https:\/\/alfa-net.pl\/wp-content\/uploads\/2022\/11\/3dcutter-Current-View-1-12x12.png 12w\" sizes=\"auto, (max-width: 330px) 100vw, 330px\" \/><\/div>\n\t\t<\/figure>\n\t<\/div>\n<\/div><\/div><\/div><\/div><div class=\"vc_row-full-width vc_clearfix\"><\/div><div id=\"tm-row-69d27b55333ee\" data-vc-full-width=\"true\" data-vc-full-width-init=\"false\" class=\"vc_row vc_row-outer vc_row-fluid\"><div id=\"tm-column-69d27b55334ec\" class=\"wpb_column vc_column_container vc_col-sm-12\"><div class=\"vc_column-inner \"><div class=\"wpb_wrapper\">\n<div class=\"tm-heading vc_custom_1693912429283 center  tm-animation move-right\" id=\"tm-heading-69d27b55335a1\">\n\t<h2 class=\"heading\" style=\"color: #ffffff;\"><b>System wspomagaj\u0105cy proces<br \/>\noptymalnego ci\u0119cia pianki poliuretanowej<\/b><\/h2><\/div>\n\n<\/div><\/div><\/div><\/div><div class=\"vc_row-full-width vc_clearfix\"><\/div><div id=\"tm-row-69d27b553365e\" class=\"vc_row vc_row-outer vc_row-fluid\"><div id=\"tm-column-69d27b5533731\" class=\"wpb_column vc_column_container vc_col-sm-12\"><div class=\"vc_column-inner \"><div class=\"wpb_wrapper\"><div class=\"vc_empty_space\"   style=\"height: 32px\"><span class=\"vc_empty_space_inner\"><\/span><\/div><\/div><\/div><\/div><\/div><div id=\"tm-row-69d27b5533844\" class=\"vc_row vc_row-outer vc_row-fluid\"><div id=\"tm-column-69d27b5533917\" class=\"wpb_column vc_column_container vc_col-sm-6\"><div class=\"vc_column-inner \"><div class=\"wpb_wrapper\">\n\t<div class=\"wpb_text_column wpb_content_element\" >\n\t\t<div class=\"wpb_wrapper\">\n\t\t\t<p><span style=\"color: #000000;\"><a style=\"color: #000000;\" href=\"https:\/\/alfa-net.pl\/software-development-our-products\/\">System IT<\/a> stworzony na zlecenie s\u0142owackiej firmy Molitas s.r.o. Firma zajmuje si\u0119 przetw\u00f3rstwem <a style=\"color: #000000;\" href=\"https:\/\/pl.wikipedia.org\/wiki\/Pianka_poliuretanowa\">pianek poliuretanowych<\/a> w produkcji mebli tapicerowanych, materacy oraz do innych zastosowa\u0144.<\/span><\/p>\n<p><span style=\"color: #000000;\">Oprogramowanie 3D Cutter wykorzystuj\u0105c tr\u00f3jwymiarowy technik\u0119 wizualizacji pokazuje wszystkie etapy rozkroju pianki.<\/span><\/p>\n<p><span style=\"color: #000000;\">W ten przejrzysty spos\u00f3b prezentuje operatorom kroki, jakie nale\u017cy wykona\u0107 w celu uzyskania oczekiwanych wymiar\u00f3w i kszta\u0142t\u00f3w element\u00f3w.<\/span><\/p>\n\n\t\t<\/div>\n\t<\/div>\n<\/div><\/div><\/div><div id=\"tm-column-69d27b5533a39\" class=\"wpb_column vc_column_container vc_col-sm-6\"><div class=\"vc_column-inner \"><div class=\"wpb_wrapper\">\n\t<div class=\"wpb_single_image wpb_content_element vc_align_center\">\n\t\t\n\t\t<figure class=\"wpb_wrapper vc_figure\">\n\t\t\t<div class=\"vc_single_image-wrapper   vc_box_border_grey\"><img loading=\"lazy\" decoding=\"async\" width=\"640\" height=\"514\" src=\"https:\/\/alfa-net.pl\/wp-content\/uploads\/2017\/06\/3dCutter_screen-1024x822.png\" class=\"vc_single_image-img attachment-large\" alt=\"ekran 3d cutter\" title=\"3dCutter_screen\" srcset=\"https:\/\/alfa-net.pl\/wp-content\/uploads\/2017\/06\/3dCutter_screen-1024x822.png 1024w, https:\/\/alfa-net.pl\/wp-content\/uploads\/2017\/06\/3dCutter_screen-300x241.png 300w, https:\/\/alfa-net.pl\/wp-content\/uploads\/2017\/06\/3dCutter_screen-768x616.png 768w, https:\/\/alfa-net.pl\/wp-content\/uploads\/2017\/06\/3dCutter_screen-500x401.png 500w, https:\/\/alfa-net.pl\/wp-content\/uploads\/2017\/06\/3dCutter_screen.png 1327w\" sizes=\"auto, (max-width: 640px) 100vw, 640px\" \/><\/div>\n\t\t<\/figure>\n\t<\/div>\n<\/div><\/div><\/div><\/div><div id=\"tm-row-69d27b5533f19\" class=\"vc_row vc_row-outer vc_row-fluid\"><div id=\"tm-column-69d27b5533fe8\" class=\"wpb_column vc_column_container vc_col-sm-12\"><div class=\"vc_column-inner \"><div class=\"wpb_wrapper\"><div class=\"wpb_gallery wpb_content_element vc_clearfix wpb_content_element\" ><div class=\"wpb_wrapper\"><div class=\"wpb_gallery_slides wpb_flexslider flexslider_fade flexslider\" data-interval=\"3\" data-flex_fx=\"fade\"><ul class=\"slides\"><li><a class=\"\" href=\"https:\/\/alfa-net.pl\/wp-content\/uploads\/2017\/06\/mirror-1024x838.png\" data-lightbox=\"lightbox[rel-5830-243041398]\"><img loading=\"lazy\" decoding=\"async\" width=\"1600\" height=\"1310\" src=\"https:\/\/alfa-net.pl\/wp-content\/uploads\/2017\/06\/mirror.png\" class=\"attachment-full\" alt=\"zrzut ekranu z aplikacji 3D Cutter s\u0142u\u017c\u0105cej do optymalizacji ci\u0119cia pianki poliuretanowej i minimalizacji odpadk\u00f3w. Wida\u0107 wizualizacj\u0119 poszczeg\u00f3lnych segment\u00f3w ci\u0119cia pianki i ustawienia parametr\u00f3w ci\u0119cia.\" title=\"mirrorScreen\" srcset=\"https:\/\/alfa-net.pl\/wp-content\/uploads\/2017\/06\/mirror.png 1600w, https:\/\/alfa-net.pl\/wp-content\/uploads\/2017\/06\/mirror-300x246.png 300w, https:\/\/alfa-net.pl\/wp-content\/uploads\/2017\/06\/mirror-1024x838.png 1024w, https:\/\/alfa-net.pl\/wp-content\/uploads\/2017\/06\/mirror-768x629.png 768w, https:\/\/alfa-net.pl\/wp-content\/uploads\/2017\/06\/mirror-1536x1258.png 1536w, https:\/\/alfa-net.pl\/wp-content\/uploads\/2017\/06\/mirror-500x409.png 500w\" sizes=\"auto, (max-width: 1600px) 100vw, 1600px\" \/><\/a><\/li><li><a class=\"\" href=\"https:\/\/alfa-net.pl\/wp-content\/uploads\/2017\/06\/option-1024x784.png\" data-lightbox=\"lightbox[rel-5830-243041398]\"><img loading=\"lazy\" decoding=\"async\" width=\"1564\" height=\"1198\" src=\"https:\/\/alfa-net.pl\/wp-content\/uploads\/2017\/06\/option.png\" class=\"attachment-full\" alt=\"zrzut ekranu z aplikacji 3D Cutter s\u0142u\u017c\u0105cej do optymalizacji ci\u0119cia pianki poliuretanowej i minimalizacji odpadk\u00f3w. Wida\u0107 wizualizacj\u0119 poszczeg\u00f3lnych segment\u00f3w ci\u0119cia pianki i ustawienia parametr\u00f3w ci\u0119cia.\" title=\"optionScreen\" srcset=\"https:\/\/alfa-net.pl\/wp-content\/uploads\/2017\/06\/option.png 1564w, https:\/\/alfa-net.pl\/wp-content\/uploads\/2017\/06\/option-300x230.png 300w, https:\/\/alfa-net.pl\/wp-content\/uploads\/2017\/06\/option-1024x784.png 1024w, https:\/\/alfa-net.pl\/wp-content\/uploads\/2017\/06\/option-768x588.png 768w, https:\/\/alfa-net.pl\/wp-content\/uploads\/2017\/06\/option-1536x1177.png 1536w, https:\/\/alfa-net.pl\/wp-content\/uploads\/2017\/06\/option-500x383.png 500w\" sizes=\"auto, (max-width: 1564px) 100vw, 1564px\" \/><\/a><\/li><li><a class=\"\" href=\"https:\/\/alfa-net.pl\/wp-content\/uploads\/2017\/06\/undo-1024x784.png\" data-lightbox=\"lightbox[rel-5830-243041398]\"><img loading=\"lazy\" decoding=\"async\" width=\"1564\" height=\"1197\" src=\"https:\/\/alfa-net.pl\/wp-content\/uploads\/2017\/06\/undo.png\" class=\"attachment-full\" alt=\"zrzut ekranu z aplikacji 3D Cutter s\u0142u\u017c\u0105cej do optymalizacji ci\u0119cia pianki poliuretanowej i minimalizacji odpadk\u00f3w. Wida\u0107 wizualizacj\u0119 poszczeg\u00f3lnych segment\u00f3w ci\u0119cia pianki i ustawienia parametr\u00f3w ci\u0119cia.\" title=\"undoScreen\" srcset=\"https:\/\/alfa-net.pl\/wp-content\/uploads\/2017\/06\/undo.png 1564w, https:\/\/alfa-net.pl\/wp-content\/uploads\/2017\/06\/undo-300x230.png 300w, https:\/\/alfa-net.pl\/wp-content\/uploads\/2017\/06\/undo-1024x784.png 1024w, https:\/\/alfa-net.pl\/wp-content\/uploads\/2017\/06\/undo-768x588.png 768w, https:\/\/alfa-net.pl\/wp-content\/uploads\/2017\/06\/undo-1536x1176.png 1536w, https:\/\/alfa-net.pl\/wp-content\/uploads\/2017\/06\/undo-500x383.png 500w\" sizes=\"auto, (max-width: 1564px) 100vw, 1564px\" \/><\/a><\/li><\/ul><\/div><\/div><\/div><\/div><\/div><\/div><\/div><div id=\"tm-row-69d27b5534b10\" data-vc-full-width=\"true\" data-vc-full-width-init=\"false\" data-vc-stretch-content=\"true\" class=\"vc_row vc_row-outer vc_row-fluid\"><div id=\"tm-column-69d27b5534bf0\" class=\"wpb_column vc_column_container vc_col-sm-6\"><div class=\"vc_column-inner \"><div class=\"wpb_wrapper\">\n<div class=\"tm-heading vc_custom_1693912435016 center  tm-animation move-right\" id=\"tm-heading-69d27b5534ca5\">\n\t<h2 class=\"heading\" style=\"color: #ffffff;\"><b>Chcesz rozpocz\u0105\u0107 nowy projekt?<\/b><\/h2><\/div>\n\n<\/div><\/div><\/div><div id=\"tm-column-69d27b5534d5e\" class=\"wpb_column vc_column_container vc_col-sm-6\"><div class=\"vc_column-inner \"><div class=\"wpb_wrapper\"><div class=\"tm-button-wrapper  vertical-align-center tm-animation scale-up\" id=\"tm-button-69d27b5535166\">\n\t\t<a class=\"tm-button style-2 tm-button-lg tm-button-white\" href=\"https:\/\/alfa-net.pl\/contact\/\"\n\t\ttarget=\"_blank\"\t>\n\t\t<span>\n\t\t\t\t\t\tNAPISZ DO NAS!\t\t\t\t\t<\/span>\n\t<\/a>\n<\/div>\n<\/div><\/div><\/div><\/div><div class=\"vc_row-full-width vc_clearfix\"><\/div>\n<\/div>","protected":false},"excerpt":{"rendered":"3D Cutter System wspomagaj\u0105cy proces optymalnego ci\u0119cia pianki poliuretanowej System IT stworzony na zlecenie s\u0142owackiej firmy Molitas s.r.o. Firma zajmuje si\u0119 przetw\u00f3rstwem pianek poliuretanowych w produkcji mebli tapicerowanych, materacy oraz do innych zastosowa\u0144. Oprogramowanie 3D Cutter wykorzystuj\u0105c tr\u00f3jwymiarowy technik\u0119 wizualizacji pokazuje wszystkie etapy rozkroju pianki. W ten przejrzysty spos\u00f3b prezentuje operatorom kroki, jakie nale\u017cy wykona\u0107 w celu uzyskania oczekiwanych wymiar\u00f3w i kszta\u0142t\u00f3w element\u00f3w. Chcesz rozpocz\u0105\u0107 nowy projekt? NAPISZ DO NAS!","protected":false},"author":1,"featured_media":0,"parent":0,"menu_order":0,"comment_status":"closed","ping_status":"closed","template":"","meta":{"footnotes":""},"class_list":["post-5830","page","type-page","status-publish","hentry"],"yoast_head":"<!-- This site is optimized with the Yoast SEO plugin v27.2 - https:\/\/yoast.com\/product\/yoast-seo-wordpress\/ -->\n<title>Techniki wizualizacji - 3D Cutter | Alfa-Net Software Development<\/title>\n<meta name=\"description\" content=\"Techniki wizualizacji wykorzystane w projekcie pozwalaj\u0105 na dobranie optymalnego podzia\u0142u rozkroju bloku pianki PE\" \/>\n<meta name=\"robots\" content=\"index, follow, max-snippet:-1, max-image-preview:large, max-video-preview:-1\" \/>\n<link rel=\"canonical\" href=\"https:\/\/alfa-net.pl\/en\/3d-cutter-techniki-wizualizacji-rozkroju-bloku-pianki-pe\/\" \/>\n<meta property=\"og:locale\" content=\"en_GB\" \/>\n<meta property=\"og:type\" content=\"article\" \/>\n<meta property=\"og:title\" content=\"Techniki wizualizacji - 3D Cutter | Alfa-Net Software Development\" \/>\n<meta property=\"og:description\" content=\"Techniki wizualizacji wykorzystane w projekcie pozwalaj\u0105 na dobranie optymalnego podzia\u0142u rozkroju bloku pianki PE\" \/>\n<meta property=\"og:url\" content=\"https:\/\/alfa-net.pl\/en\/3d-cutter-techniki-wizualizacji-rozkroju-bloku-pianki-pe\/\" \/>\n<meta property=\"og:site_name\" content=\"Alfa-Net - Software Development\" \/>\n<meta property=\"article:publisher\" content=\"https:\/\/www.facebook.com\/alfanet.spk\" \/>\n<meta property=\"article:modified_time\" content=\"2023-10-19T16:59:46+00:00\" \/>\n<meta name=\"twitter:card\" content=\"summary_large_image\" \/>\n<meta name=\"twitter:label1\" content=\"Estimated reading time\" \/>\n\t<meta name=\"twitter:data1\" content=\"1 minute\" \/>\n<script type=\"application\/ld+json\" class=\"yoast-schema-graph\">{\"@context\":\"https:\/\/schema.org\",\"@graph\":[{\"@type\":\"WebPage\",\"@id\":\"https:\/\/alfa-net.pl\/3d-cutter-techniki-wizualizacji-rozkroju-bloku-pianki-pe\/\",\"url\":\"https:\/\/alfa-net.pl\/3d-cutter-techniki-wizualizacji-rozkroju-bloku-pianki-pe\/\",\"name\":\"Techniki wizualizacji - 3D Cutter | Alfa-Net Software Development\",\"isPartOf\":{\"@id\":\"https:\/\/alfa-net.pl\/#website\"},\"datePublished\":\"2022-11-29T09:32:11+00:00\",\"dateModified\":\"2023-10-19T16:59:46+00:00\",\"description\":\"Techniki wizualizacji wykorzystane w projekcie pozwalaj\u0105 na dobranie optymalnego podzia\u0142u rozkroju bloku pianki PE\",\"breadcrumb\":{\"@id\":\"https:\/\/alfa-net.pl\/3d-cutter-techniki-wizualizacji-rozkroju-bloku-pianki-pe\/#breadcrumb\"},\"inLanguage\":\"en-GB\",\"potentialAction\":[{\"@type\":\"ReadAction\",\"target\":[\"https:\/\/alfa-net.pl\/3d-cutter-techniki-wizualizacji-rozkroju-bloku-pianki-pe\/\"]}]},{\"@type\":\"BreadcrumbList\",\"@id\":\"https:\/\/alfa-net.pl\/3d-cutter-techniki-wizualizacji-rozkroju-bloku-pianki-pe\/#breadcrumb\",\"itemListElement\":[{\"@type\":\"ListItem\",\"position\":1,\"name\":\"Strona g\u0142\u00f3wna\",\"item\":\"https:\/\/alfa-net.pl\/\"},{\"@type\":\"ListItem\",\"position\":2,\"name\":\"3D Cutter\"}]},{\"@type\":\"WebSite\",\"@id\":\"https:\/\/alfa-net.pl\/#website\",\"url\":\"https:\/\/alfa-net.pl\/\",\"name\":\"Alfa-Net - Software Development\",\"description\":\"Software Development\",\"publisher\":{\"@id\":\"https:\/\/alfa-net.pl\/#organization\"},\"potentialAction\":[{\"@type\":\"SearchAction\",\"target\":{\"@type\":\"EntryPoint\",\"urlTemplate\":\"https:\/\/alfa-net.pl\/?s={search_term_string}\"},\"query-input\":{\"@type\":\"PropertyValueSpecification\",\"valueRequired\":true,\"valueName\":\"search_term_string\"}}],\"inLanguage\":\"en-GB\"},{\"@type\":\"Organization\",\"@id\":\"https:\/\/alfa-net.pl\/#organization\",\"name\":\"Alfa-Net\",\"url\":\"https:\/\/alfa-net.pl\/\",\"logo\":{\"@type\":\"ImageObject\",\"inLanguage\":\"en-GB\",\"@id\":\"https:\/\/alfa-net.pl\/#\/schema\/logo\/image\/\",\"url\":\"https:\/\/alfa-net.pl\/wp-content\/uploads\/2020\/03\/logoGreyFont_withPadding-2.png\",\"contentUrl\":\"https:\/\/alfa-net.pl\/wp-content\/uploads\/2020\/03\/logoGreyFont_withPadding-2.png\",\"width\":767,\"height\":767,\"caption\":\"Alfa-Net\"},\"image\":{\"@id\":\"https:\/\/alfa-net.pl\/#\/schema\/logo\/image\/\"},\"sameAs\":[\"https:\/\/www.facebook.com\/alfanet.spk\"]}]}<\/script>\n<!-- \/ Yoast SEO plugin. -->","yoast_head_json":{"title":"Techniki wizualizacji - 3D Cutter | Alfa-Net Software Development","description":"Techniki wizualizacji wykorzystane w projekcie pozwalaj\u0105 na dobranie optymalnego podzia\u0142u rozkroju bloku pianki PE","robots":{"index":"index","follow":"follow","max-snippet":"max-snippet:-1","max-image-preview":"max-image-preview:large","max-video-preview":"max-video-preview:-1"},"canonical":"https:\/\/alfa-net.pl\/en\/3d-cutter-techniki-wizualizacji-rozkroju-bloku-pianki-pe\/","og_locale":"en_GB","og_type":"article","og_title":"Techniki wizualizacji - 3D Cutter | Alfa-Net Software Development","og_description":"Techniki wizualizacji wykorzystane w projekcie pozwalaj\u0105 na dobranie optymalnego podzia\u0142u rozkroju bloku pianki PE","og_url":"https:\/\/alfa-net.pl\/en\/3d-cutter-techniki-wizualizacji-rozkroju-bloku-pianki-pe\/","og_site_name":"Alfa-Net - Software Development","article_publisher":"https:\/\/www.facebook.com\/alfanet.spk","article_modified_time":"2023-10-19T16:59:46+00:00","twitter_card":"summary_large_image","twitter_misc":{"Estimated reading time":"1 minute"},"schema":{"@context":"https:\/\/schema.org","@graph":[{"@type":"WebPage","@id":"https:\/\/alfa-net.pl\/3d-cutter-techniki-wizualizacji-rozkroju-bloku-pianki-pe\/","url":"https:\/\/alfa-net.pl\/3d-cutter-techniki-wizualizacji-rozkroju-bloku-pianki-pe\/","name":"Techniki wizualizacji - 3D Cutter | Alfa-Net Software Development","isPartOf":{"@id":"https:\/\/alfa-net.pl\/#website"},"datePublished":"2022-11-29T09:32:11+00:00","dateModified":"2023-10-19T16:59:46+00:00","description":"Techniki wizualizacji wykorzystane w projekcie pozwalaj\u0105 na dobranie optymalnego podzia\u0142u rozkroju bloku pianki PE","breadcrumb":{"@id":"https:\/\/alfa-net.pl\/3d-cutter-techniki-wizualizacji-rozkroju-bloku-pianki-pe\/#breadcrumb"},"inLanguage":"en-GB","potentialAction":[{"@type":"ReadAction","target":["https:\/\/alfa-net.pl\/3d-cutter-techniki-wizualizacji-rozkroju-bloku-pianki-pe\/"]}]},{"@type":"BreadcrumbList","@id":"https:\/\/alfa-net.pl\/3d-cutter-techniki-wizualizacji-rozkroju-bloku-pianki-pe\/#breadcrumb","itemListElement":[{"@type":"ListItem","position":1,"name":"Strona g\u0142\u00f3wna","item":"https:\/\/alfa-net.pl\/"},{"@type":"ListItem","position":2,"name":"3D Cutter"}]},{"@type":"WebSite","@id":"https:\/\/alfa-net.pl\/#website","url":"https:\/\/alfa-net.pl\/","name":"Alfa-Net - Software Development","description":"Software Development","publisher":{"@id":"https:\/\/alfa-net.pl\/#organization"},"potentialAction":[{"@type":"SearchAction","target":{"@type":"EntryPoint","urlTemplate":"https:\/\/alfa-net.pl\/?s={search_term_string}"},"query-input":{"@type":"PropertyValueSpecification","valueRequired":true,"valueName":"search_term_string"}}],"inLanguage":"en-GB"},{"@type":"Organization","@id":"https:\/\/alfa-net.pl\/#organization","name":"Alfa-Net","url":"https:\/\/alfa-net.pl\/","logo":{"@type":"ImageObject","inLanguage":"en-GB","@id":"https:\/\/alfa-net.pl\/#\/schema\/logo\/image\/","url":"https:\/\/alfa-net.pl\/wp-content\/uploads\/2020\/03\/logoGreyFont_withPadding-2.png","contentUrl":"https:\/\/alfa-net.pl\/wp-content\/uploads\/2020\/03\/logoGreyFont_withPadding-2.png","width":767,"height":767,"caption":"Alfa-Net"},"image":{"@id":"https:\/\/alfa-net.pl\/#\/schema\/logo\/image\/"},"sameAs":["https:\/\/www.facebook.com\/alfanet.spk"]}]}},"_links":{"self":[{"href":"https:\/\/alfa-net.pl\/en\/wp-json\/wp\/v2\/pages\/5830","targetHints":{"allow":["GET"]}}],"collection":[{"href":"https:\/\/alfa-net.pl\/en\/wp-json\/wp\/v2\/pages"}],"about":[{"href":"https:\/\/alfa-net.pl\/en\/wp-json\/wp\/v2\/types\/page"}],"author":[{"embeddable":true,"href":"https:\/\/alfa-net.pl\/en\/wp-json\/wp\/v2\/users\/1"}],"replies":[{"embeddable":true,"href":"https:\/\/alfa-net.pl\/en\/wp-json\/wp\/v2\/comments?post=5830"}],"version-history":[{"count":6,"href":"https:\/\/alfa-net.pl\/en\/wp-json\/wp\/v2\/pages\/5830\/revisions"}],"predecessor-version":[{"id":6093,"href":"https:\/\/alfa-net.pl\/en\/wp-json\/wp\/v2\/pages\/5830\/revisions\/6093"}],"wp:attachment":[{"href":"https:\/\/alfa-net.pl\/en\/wp-json\/wp\/v2\/media?parent=5830"}],"curies":[{"name":"wp","href":"https:\/\/api.w.org\/{rel}","templated":true}]}}