{"id":5922,"date":"2023-08-25T13:50:59","date_gmt":"2023-08-25T11:50:59","guid":{"rendered":"https:\/\/alfa-net.pl\/?page_id=5922"},"modified":"2023-09-05T13:55:18","modified_gmt":"2023-09-05T11:55:18","slug":"asset-health-maintenance","status":"publish","type":"page","link":"https:\/\/alfa-net.pl\/en\/asset-health-maintenance\/","title":{"rendered":"System monitorowania stanu &#8211; Asset Health &#038; Maintenance"},"content":{"rendered":"<div class=\"wpb-content-wrapper\"><div id=\"tm-row-69d27edf9c5d2\" data-vc-full-width=\"true\" data-vc-full-width-init=\"false\" data-vc-stretch-content=\"true\" class=\"vc_row vc_row-outer vc_row-fluid rmbg-md-down\"><div id=\"tm-column-69d27edf9cd10\" class=\"wpb_column vc_column_container vc_col-sm-2\/5\"><div class=\"vc_column-inner \"><div class=\"wpb_wrapper\">\n<div class=\"tm-heading vc_custom_1693914899297 right highlight-text tm-animation move-right\" id=\"tm-heading-69d27edf9ce58\">\n\t<h1 class=\"heading\" style=\"\"><b>Insights Hub<br \/>\nAsset Health &amp; Maintenance<\/b><\/h1><\/div>\n\n<div class=\"vc_separator wpb_content_element vc_separator_align_center vc_sep_width_30 vc_sep_border_width_4 vc_sep_pos_align_right vc_separator_no_text wpb_content_element\" ><span class=\"vc_sep_holder vc_sep_holder_l\"><span style=\"border-color:#ffa408;\" class=\"vc_sep_line\"><\/span><\/span><span class=\"vc_sep_holder vc_sep_holder_r\"><span style=\"border-color:#ffa408;\" class=\"vc_sep_line\"><\/span><\/span>\n<\/div><\/div><\/div><\/div><div id=\"tm-column-69d27edf9d0e1\" class=\"wpb_column vc_column_container vc_col-sm-3\/5\"><div class=\"vc_column-inner \"><div class=\"wpb_wrapper\">\n\t<div class=\"wpb_single_image wpb_content_element vc_align_left\">\n\t\t\n\t\t<figure class=\"wpb_wrapper vc_figure\">\n\t\t\t<div class=\"vc_single_image-wrapper   vc_box_border_grey\"><img loading=\"lazy\" decoding=\"async\" width=\"300\" height=\"300\" src=\"https:\/\/alfa-net.pl\/wp-content\/uploads\/2023\/08\/health_and_maintenance_1200px-300x300.png\" class=\"vc_single_image-img attachment-medium\" alt=\"asset health &amp; maintenance\" title=\"health_and_maintenance_1200px\" srcset=\"https:\/\/alfa-net.pl\/wp-content\/uploads\/2023\/08\/health_and_maintenance_1200px-300x300.png 300w, https:\/\/alfa-net.pl\/wp-content\/uploads\/2023\/08\/health_and_maintenance_1200px-1024x1024.png 1024w, https:\/\/alfa-net.pl\/wp-content\/uploads\/2023\/08\/health_and_maintenance_1200px-150x150.png 150w, https:\/\/alfa-net.pl\/wp-content\/uploads\/2023\/08\/health_and_maintenance_1200px-768x768.png 768w, https:\/\/alfa-net.pl\/wp-content\/uploads\/2023\/08\/health_and_maintenance_1200px-12x12.png 12w, https:\/\/alfa-net.pl\/wp-content\/uploads\/2023\/08\/health_and_maintenance_1200px-600x600.png 600w, https:\/\/alfa-net.pl\/wp-content\/uploads\/2023\/08\/health_and_maintenance_1200px-500x500.png 500w, https:\/\/alfa-net.pl\/wp-content\/uploads\/2023\/08\/health_and_maintenance_1200px-480x480.png 480w, https:\/\/alfa-net.pl\/wp-content\/uploads\/2023\/08\/health_and_maintenance_1200px-960x960.png 960w, https:\/\/alfa-net.pl\/wp-content\/uploads\/2023\/08\/health_and_maintenance_1200px.png 1200w\" sizes=\"auto, (max-width: 300px) 100vw, 300px\" \/><\/div>\n\t\t<\/figure>\n\t<\/div>\n<\/div><\/div><\/div><\/div><div class=\"vc_row-full-width vc_clearfix\"><\/div><div id=\"tm-row-69d27edf9d5ae\" data-vc-full-width=\"true\" data-vc-full-width-init=\"false\" class=\"vc_row vc_row-outer vc_row-fluid\"><div id=\"tm-column-69d27edf9d68e\" class=\"wpb_column vc_column_container vc_col-sm-12\"><div class=\"vc_column-inner \"><div class=\"wpb_wrapper\">\n<div class=\"tm-heading vc_custom_1693914911368 center  tm-animation move-right\" id=\"tm-heading-69d27edf9d744\">\n\t<h2 class=\"heading\" style=\"color: #ffffff;\"><b>System monitorowania, analizy, detekcji i napraw zdalnych zasob\u00f3w przemys\u0142owych w chmurze Insights Hub<\/b><\/h2><\/div>\n\n<\/div><\/div><\/div><\/div><div class=\"vc_row-full-width vc_clearfix\"><\/div><div id=\"tm-row-69d27edf9d808\" class=\"vc_row vc_row-outer vc_row-fluid\"><div id=\"tm-column-69d27edf9d8f3\" class=\"wpb_column vc_column_container vc_col-sm-12\"><div class=\"vc_column-inner \"><div class=\"wpb_wrapper\"><div class=\"vc_empty_space\"   style=\"height: 32px\"><span class=\"vc_empty_space_inner\"><\/span><\/div><\/div><\/div><\/div><\/div><div id=\"tm-row-69d27edf9da42\" class=\"vc_row vc_row-outer vc_row-fluid\"><div id=\"tm-column-69d27edf9dd8a\" class=\"wpb_column vc_column_container vc_col-sm-6\"><div class=\"vc_column-inner \"><div class=\"wpb_wrapper\">\n\t<div class=\"wpb_text_column wpb_content_element\" >\n\t\t<div class=\"wpb_wrapper\">\n\t\t\t<p>System monitorowania stanu &#8211; Insights Hub Asset Health &amp; Maintenance to zaawansowana aplikacja stworzona ca\u0142kowicie w Mendix Studio. Pozwala na skuteczny nadz\u00f3r, analiz\u0119, wykrywanie i zdaln\u0105 obs\u0142ug\u0119 aktyw\u00f3w przemys\u0142owych pod\u0142\u0105czonych do platformy Insights Hub. W jednym miejscu \u0142\u0105czy ona r\u00f3\u017cnorodne narz\u0119dzia oraz funkcje, tworz\u0105c wszechstronne stanowisko pracy. Dzi\u0119ki temu dzia\u0142 serwisu jest w stanie dzia\u0142a\u0107 sprawnie i efektywnie, przewiduj\u0105c ewentualne problemy z maszynami, identyfikuj\u0105c \u017ar\u00f3d\u0142a powstaj\u0105cych trudno\u015bci oraz w wielu przypadkach pozwalaj\u0105c usun\u0105\u0107 je zdalnie, co przek\u0142ada si\u0119 na zwi\u0119kszon\u0105 dost\u0119pno\u015b\u0107 urz\u0105dze\u0144 oraz ograniczenie czasu ich przestoju.<\/p>\n\n\t\t<\/div>\n\t<\/div>\n\n\t<div class=\"wpb_text_column wpb_content_element\" >\n\t\t<div class=\"wpb_wrapper\">\n\t\t\t<p>System monitorowania stanu &#8211; Insights Hub Asset Health &amp; Maintenance oferuje spektrum funkcji, w tym:<\/p>\n\n\t\t<\/div>\n\t<\/div>\n\n<ul class=\"tm-list  tm-list--v-flow tm-list--icon tm-list--horizontal\" id=\"tm-list-69d27edf9df51\">\n\t\t\t<li class=\"tm-list__item tm-animation scale-up\">\n\n\t\t\t<div class=\"tm-list__marker\">\n\n\t\t\t\t\n\t\t\t\t\t\t\t\t\t\t\t\t\t\t<i class=\"tm-list__icon fas fa-circle\"><\/i>\n\t\t\t\t\t\t\t\t\n\t\t\t\t\n\t\t\t<\/div>\n\n\t\t\t<div class=\"tm-list__body\">\n\n\t\t\t\t\t\t\t\t\t<div class=\"tm-list__title\">\n\t\t\t\t\t\t\t\t\t\t\t\t\tCi\u0105g\u0142e monitorowanie stanu aktyw\u00f3w\t\t\t\t\t\t\t\t\t\t\t\t<\/div>\n\t\t\t\t\n\t\t\t\t\t\t\t<\/div>\n\t\t<\/li>\n\t\t\t<li class=\"tm-list__item tm-animation scale-up\">\n\n\t\t\t<div class=\"tm-list__marker\">\n\n\t\t\t\t\n\t\t\t\t\t\t\t\t\t\t\t\t\t\t<i class=\"tm-list__icon fas fa-circle\"><\/i>\n\t\t\t\t\t\t\t\t\n\t\t\t\t\n\t\t\t<\/div>\n\n\t\t\t<div class=\"tm-list__body\">\n\n\t\t\t\t\t\t\t\t\t<div class=\"tm-list__title\">\n\t\t\t\t\t\t\t\t\t\t\t\t\tMo\u017cliwo\u015b\u0107 zdalnego rozwi\u0105zywania wykrytych problem\u00f3w\t\t\t\t\t\t\t\t\t\t\t\t<\/div>\n\t\t\t\t\n\t\t\t\t\t\t\t<\/div>\n\t\t<\/li>\n\t\t\t<li class=\"tm-list__item tm-animation scale-up\">\n\n\t\t\t<div class=\"tm-list__marker\">\n\n\t\t\t\t\n\t\t\t\t\t\t\t\t\t\t\t\t\t\t<i class=\"tm-list__icon fas fa-circle\"><\/i>\n\t\t\t\t\t\t\t\t\n\t\t\t\t\n\t\t\t<\/div>\n\n\t\t\t<div class=\"tm-list__body\">\n\n\t\t\t\t\t\t\t\t\t<div class=\"tm-list__title\">\n\t\t\t\t\t\t\t\t\t\t\t\t\tSystem zarz\u0105dzania zg\u0142oszeniami, umo\u017cliwiaj\u0105cy bie\u017c\u0105ce \u015bledzenie zg\u0142osze\u0144.\t\t\t\t\t\t\t\t\t\t\t\t<\/div>\n\t\t\t\t\n\t\t\t\t\t\t\t<\/div>\n\t\t<\/li>\n\t<\/ul>\n\n\t<div class=\"wpb_text_column wpb_content_element\" >\n\t\t<div class=\"wpb_wrapper\">\n\t\t\t<p>Aplikacja Insights Hub Asset Health and Maintenance pozwala na skuteczne monitorowanie kondycji oraz zarz\u0105dzanie konserwacj\u0105 aktyw\u00f3w przemys\u0142owych. Zapewniaj\u0105c b\u0142yskawiczn\u0105 reakcj\u0119 na potencjalne komplikacje, skraca okresy przestoju maszyn dzi\u0119ki wykorzystaniu strategii konserwacji przewidywanej.<\/p>\n\n\t\t<\/div>\n\t<\/div>\n<div class=\"vc_btn3-container vc_btn3-center vc_do_btn\" ><a style=\"background-color:#ffa408; color:#ffffff;\" class=\"vc_general vc_btn3 vc_btn3-size-lg vc_btn3-shape-square vc_btn3-style-custom vc_btn3-block\" href=\"https:\/\/alfa-net.pl\/x-tools\/\" title=\"X-Tools\">Szukasz systemu monitorowania stanu? Sprawd\u017a X-Tools!<\/a><\/div><\/div><\/div><\/div><div id=\"tm-column-69d27edf9e189\" class=\"wpb_column vc_column_container vc_col-sm-6\"><div class=\"vc_column-inner \"><div class=\"wpb_wrapper\">\n\t<div class=\"wpb_single_image wpb_content_element vc_align_center\">\n\t\t\n\t\t<figure class=\"wpb_wrapper vc_figure\">\n\t\t\t<div class=\"vc_single_image-wrapper   vc_box_border_grey\"><img loading=\"lazy\" decoding=\"async\" width=\"640\" height=\"659\" src=\"https:\/\/alfa-net.pl\/wp-content\/uploads\/2023\/08\/ahm2-1.png\" class=\"vc_single_image-img attachment-large\" alt=\"zrzut ekranu z aplikacji asset health &amp; maintenance przedstawiaj\u0105cy zg\u0142oszenia uporz\u0105dkowane w widoku kanban\" title=\"ahm2\" srcset=\"https:\/\/alfa-net.pl\/wp-content\/uploads\/2023\/08\/ahm2-1.png 888w, https:\/\/alfa-net.pl\/wp-content\/uploads\/2023\/08\/ahm2-1-291x300.png 291w, https:\/\/alfa-net.pl\/wp-content\/uploads\/2023\/08\/ahm2-1-768x790.png 768w, https:\/\/alfa-net.pl\/wp-content\/uploads\/2023\/08\/ahm2-1-12x12.png 12w, https:\/\/alfa-net.pl\/wp-content\/uploads\/2023\/08\/ahm2-1-500x515.png 500w\" sizes=\"auto, (max-width: 640px) 100vw, 640px\" \/><\/div>\n\t\t<\/figure>\n\t<\/div>\n<\/div><\/div><\/div><\/div><div id=\"tm-row-69d27edf9e625\" class=\"vc_row vc_row-outer vc_row-fluid\"><div id=\"tm-column-69d27edf9e729\" class=\"wpb_column vc_column_container vc_col-sm-12\"><div class=\"vc_column-inner \"><div class=\"wpb_wrapper\"><div class=\"wpb_gallery wpb_content_element vc_clearfix wpb_content_element\" ><div class=\"wpb_wrapper\"><div class=\"wpb_gallery_slides wpb_flexslider flexslider_fade flexslider\" data-interval=\"3\" data-flex_fx=\"fade\"><ul class=\"slides\"><li><a class=\"\" href=\"https:\/\/alfa-net.pl\/wp-content\/uploads\/2023\/08\/ahm3-1-1024x484.png\" data-lightbox=\"lightbox[rel-5922-2337292404]\"><img loading=\"lazy\" decoding=\"async\" width=\"1910\" height=\"903\" src=\"https:\/\/alfa-net.pl\/wp-content\/uploads\/2023\/08\/ahm3-1.png\" class=\"attachment-full\" alt=\"zrzut ekranu z aplikacji asset health &amp; maintenance przedstawiaj\u0105cy regu\u0142y ustalone dla monitorowanej maszyny\" title=\"ahm3\" srcset=\"https:\/\/alfa-net.pl\/wp-content\/uploads\/2023\/08\/ahm3-1.png 1910w, https:\/\/alfa-net.pl\/wp-content\/uploads\/2023\/08\/ahm3-1-300x142.png 300w, https:\/\/alfa-net.pl\/wp-content\/uploads\/2023\/08\/ahm3-1-1024x484.png 1024w, https:\/\/alfa-net.pl\/wp-content\/uploads\/2023\/08\/ahm3-1-768x363.png 768w, https:\/\/alfa-net.pl\/wp-content\/uploads\/2023\/08\/ahm3-1-1536x726.png 1536w, https:\/\/alfa-net.pl\/wp-content\/uploads\/2023\/08\/ahm3-1-18x9.png 18w, https:\/\/alfa-net.pl\/wp-content\/uploads\/2023\/08\/ahm3-1-500x236.png 500w\" sizes=\"auto, (max-width: 1910px) 100vw, 1910px\" \/><\/a><\/li><li><a class=\"\" href=\"https:\/\/alfa-net.pl\/wp-content\/uploads\/2023\/08\/ahm2-1.png\" data-lightbox=\"lightbox[rel-5922-2337292404]\"><img loading=\"lazy\" decoding=\"async\" width=\"888\" height=\"914\" src=\"https:\/\/alfa-net.pl\/wp-content\/uploads\/2023\/08\/ahm2-1.png\" class=\"attachment-full\" alt=\"zrzut ekranu z aplikacji asset health &amp; maintenance przedstawiaj\u0105cy zg\u0142oszenia uporz\u0105dkowane w widoku kanban\" title=\"ahm2\" srcset=\"https:\/\/alfa-net.pl\/wp-content\/uploads\/2023\/08\/ahm2-1.png 888w, https:\/\/alfa-net.pl\/wp-content\/uploads\/2023\/08\/ahm2-1-291x300.png 291w, https:\/\/alfa-net.pl\/wp-content\/uploads\/2023\/08\/ahm2-1-768x790.png 768w, https:\/\/alfa-net.pl\/wp-content\/uploads\/2023\/08\/ahm2-1-12x12.png 12w, https:\/\/alfa-net.pl\/wp-content\/uploads\/2023\/08\/ahm2-1-500x515.png 500w\" sizes=\"auto, (max-width: 888px) 100vw, 888px\" \/><\/a><\/li><li><a class=\"\" href=\"https:\/\/alfa-net.pl\/wp-content\/uploads\/2023\/08\/ahm1-1-1024x575.png\" data-lightbox=\"lightbox[rel-5922-2337292404]\"><img loading=\"lazy\" decoding=\"async\" width=\"1915\" height=\"1076\" src=\"https:\/\/alfa-net.pl\/wp-content\/uploads\/2023\/08\/ahm1-1.png\" class=\"attachment-full\" alt=\"zrzut z aplikacji asset health &amp; maintenance przedstawiaj\u0105cy stron\u0119 g\u0142\u00f3wn\u0105 zawieraj\u0105c\u0105 statystyki przetwarzania zg\u0142osze\u0144\" title=\"ahm1\" srcset=\"https:\/\/alfa-net.pl\/wp-content\/uploads\/2023\/08\/ahm1-1.png 1915w, https:\/\/alfa-net.pl\/wp-content\/uploads\/2023\/08\/ahm1-1-300x169.png 300w, https:\/\/alfa-net.pl\/wp-content\/uploads\/2023\/08\/ahm1-1-1024x575.png 1024w, https:\/\/alfa-net.pl\/wp-content\/uploads\/2023\/08\/ahm1-1-768x432.png 768w, https:\/\/alfa-net.pl\/wp-content\/uploads\/2023\/08\/ahm1-1-1536x863.png 1536w, https:\/\/alfa-net.pl\/wp-content\/uploads\/2023\/08\/ahm1-1-18x10.png 18w, https:\/\/alfa-net.pl\/wp-content\/uploads\/2023\/08\/ahm1-1-500x281.png 500w\" sizes=\"auto, (max-width: 1915px) 100vw, 1915px\" \/><\/a><\/li><\/ul><\/div><\/div><\/div><\/div><\/div><\/div><\/div><div id=\"tm-row-69d27edf9f0b2\" data-vc-full-width=\"true\" data-vc-full-width-init=\"false\" data-vc-stretch-content=\"true\" class=\"vc_row vc_row-outer vc_row-fluid\"><div id=\"tm-column-69d27edf9f199\" class=\"wpb_column vc_column_container vc_col-sm-6\"><div class=\"vc_column-inner \"><div class=\"wpb_wrapper\">\n<div class=\"tm-heading vc_custom_1693914916481 center  tm-animation move-right\" id=\"tm-heading-69d27edf9f271\">\n\t<h2 class=\"heading\" style=\"color: #ffffff;\"><b>Potrzebujesz podobnego oprogramowania?<\/b><\/h2><\/div>\n\n<\/div><\/div><\/div><div id=\"tm-column-69d27edf9f35f\" class=\"wpb_column vc_column_container vc_col-sm-6\"><div class=\"vc_column-inner \"><div class=\"wpb_wrapper\"><div class=\"tm-button-wrapper  vertical-align-center tm-animation scale-up\" id=\"tm-button-69d27edf9f798\">\n\t\t<a class=\"tm-button style-2 tm-button-lg tm-button-white\" href=\"https:\/\/alfa-net.pl\/contact\/\"\n\t\ttarget=\"_blank\"\t>\n\t\t<span>\n\t\t\t\t\t\tNAPISZ DO NAS!\t\t\t\t\t<\/span>\n\t<\/a>\n<\/div>\n<\/div><\/div><\/div><\/div><div class=\"vc_row-full-width vc_clearfix\"><\/div>\n<\/div>","protected":false},"excerpt":{"rendered":"Insights Hub Asset Health &amp; Maintenance System monitorowania, analizy, detekcji i napraw zdalnych zasob\u00f3w przemys\u0142owych w chmurze Insights Hub System monitorowania stanu - Insights Hub Asset Health &amp; Maintenance to zaawansowana aplikacja stworzona ca\u0142kowicie w Mendix Studio. Pozwala na skuteczny nadz\u00f3r, analiz\u0119, wykrywanie i zdaln\u0105 obs\u0142ug\u0119 aktyw\u00f3w przemys\u0142owych pod\u0142\u0105czonych do platformy Insights Hub. W jednym miejscu \u0142\u0105czy ona r\u00f3\u017cnorodne narz\u0119dzia oraz funkcje, tworz\u0105c wszechstronne stanowisko pracy. Dzi\u0119ki temu dzia\u0142 serwisu jest w stanie dzia\u0142a\u0107 sprawnie i efektywnie, przewiduj\u0105c ewentualne problemy z maszynami, identyfikuj\u0105c \u017ar\u00f3d\u0142a powstaj\u0105cych trudno\u015bci oraz w wielu przypadkach pozwalaj\u0105c usun\u0105\u0107 je zdalnie, co przek\u0142ada si\u0119 na zwi\u0119kszon\u0105 dost\u0119pno\u015b\u0107 urz\u0105dze\u0144 oraz ograniczenie czasu ich przestoju. System monitorowania stanu - Insights Hub Asset Health &amp; Maintenance oferuje spektrum funkcji, w tym: Ci\u0105g\u0142e monitorowanie stanu aktyw\u00f3w Mo\u017cliwo\u015b\u0107 zdalnego rozwi\u0105zywania wykrytych problem\u00f3w System zarz\u0105dzania zg\u0142oszeniami, umo\u017cliwiaj\u0105cy bie\u017c\u0105ce \u015bledzenie zg\u0142osze\u0144. Aplikacja Insights Hub Asset Health and Maintenance pozwala na skuteczne monitorowanie kondycji oraz zarz\u0105dzanie konserwacj\u0105 aktyw\u00f3w przemys\u0142owych. Zapewniaj\u0105c b\u0142yskawiczn\u0105 reakcj\u0119 na potencjalne komplikacje, skraca okresy przestoju maszyn dzi\u0119ki wykorzystaniu strategii konserwacji przewidywanej. Szukasz systemu monitorowania stanu? Sprawd\u017a X-Tools! Potrzebujesz podobnego oprogramowania? NAPISZ DO NAS!","protected":false},"author":2,"featured_media":0,"parent":0,"menu_order":0,"comment_status":"closed","ping_status":"closed","template":"","meta":{"footnotes":""},"class_list":["post-5922","page","type-page","status-publish","hentry"],"yoast_head":"<!-- This site is optimized with the Yoast SEO plugin v27.2 - https:\/\/yoast.com\/product\/yoast-seo-wordpress\/ -->\n<title>System monitorowania stanu - Asset Health &amp; Maintenance - Alfa-Net - Software Development<\/title>\n<meta name=\"description\" content=\"System monitorowania stanu. Zoptymalizuj dzia\u0142anie aktyw\u00f3w przemys\u0142owych. Monitoruj, analizuj i konserwuj w czasie rzeczywistym. .\" \/>\n<meta name=\"robots\" content=\"index, follow, max-snippet:-1, max-image-preview:large, max-video-preview:-1\" \/>\n<link rel=\"canonical\" href=\"https:\/\/alfa-net.pl\/en\/asset-health-maintenance\/\" \/>\n<meta property=\"og:locale\" content=\"en_GB\" \/>\n<meta property=\"og:type\" content=\"article\" \/>\n<meta property=\"og:title\" content=\"System monitorowania stanu - Asset Health &amp; Maintenance - Alfa-Net - Software Development\" \/>\n<meta property=\"og:description\" content=\"System monitorowania stanu. Zoptymalizuj dzia\u0142anie aktyw\u00f3w przemys\u0142owych. Monitoruj, analizuj i konserwuj w czasie rzeczywistym. .\" \/>\n<meta property=\"og:url\" content=\"https:\/\/alfa-net.pl\/en\/asset-health-maintenance\/\" \/>\n<meta property=\"og:site_name\" content=\"Alfa-Net - Software Development\" \/>\n<meta property=\"article:publisher\" content=\"https:\/\/www.facebook.com\/alfanet.spk\" \/>\n<meta property=\"article:modified_time\" content=\"2023-09-05T11:55:18+00:00\" \/>\n<meta name=\"twitter:card\" content=\"summary_large_image\" \/>\n<meta name=\"twitter:label1\" content=\"Estimated reading time\" \/>\n\t<meta name=\"twitter:data1\" content=\"2 minutes\" \/>\n<script type=\"application\/ld+json\" class=\"yoast-schema-graph\">{\"@context\":\"https:\/\/schema.org\",\"@graph\":[{\"@type\":\"WebPage\",\"@id\":\"https:\/\/alfa-net.pl\/asset-health-maintenance\/\",\"url\":\"https:\/\/alfa-net.pl\/asset-health-maintenance\/\",\"name\":\"System monitorowania stanu - Asset Health & Maintenance - Alfa-Net - Software Development\",\"isPartOf\":{\"@id\":\"https:\/\/alfa-net.pl\/#website\"},\"datePublished\":\"2023-08-25T11:50:59+00:00\",\"dateModified\":\"2023-09-05T11:55:18+00:00\",\"description\":\"System monitorowania stanu. Zoptymalizuj dzia\u0142anie aktyw\u00f3w przemys\u0142owych. Monitoruj, analizuj i konserwuj w czasie rzeczywistym. .\",\"breadcrumb\":{\"@id\":\"https:\/\/alfa-net.pl\/asset-health-maintenance\/#breadcrumb\"},\"inLanguage\":\"en-GB\",\"potentialAction\":[{\"@type\":\"ReadAction\",\"target\":[\"https:\/\/alfa-net.pl\/asset-health-maintenance\/\"]}]},{\"@type\":\"BreadcrumbList\",\"@id\":\"https:\/\/alfa-net.pl\/asset-health-maintenance\/#breadcrumb\",\"itemListElement\":[{\"@type\":\"ListItem\",\"position\":1,\"name\":\"Strona g\u0142\u00f3wna\",\"item\":\"https:\/\/alfa-net.pl\/\"},{\"@type\":\"ListItem\",\"position\":2,\"name\":\"System monitorowania stanu &#8211; Asset Health &#038; Maintenance\"}]},{\"@type\":\"WebSite\",\"@id\":\"https:\/\/alfa-net.pl\/#website\",\"url\":\"https:\/\/alfa-net.pl\/\",\"name\":\"Alfa-Net - Software Development\",\"description\":\"Software Development\",\"publisher\":{\"@id\":\"https:\/\/alfa-net.pl\/#organization\"},\"potentialAction\":[{\"@type\":\"SearchAction\",\"target\":{\"@type\":\"EntryPoint\",\"urlTemplate\":\"https:\/\/alfa-net.pl\/?s={search_term_string}\"},\"query-input\":{\"@type\":\"PropertyValueSpecification\",\"valueRequired\":true,\"valueName\":\"search_term_string\"}}],\"inLanguage\":\"en-GB\"},{\"@type\":\"Organization\",\"@id\":\"https:\/\/alfa-net.pl\/#organization\",\"name\":\"Alfa-Net\",\"url\":\"https:\/\/alfa-net.pl\/\",\"logo\":{\"@type\":\"ImageObject\",\"inLanguage\":\"en-GB\",\"@id\":\"https:\/\/alfa-net.pl\/#\/schema\/logo\/image\/\",\"url\":\"https:\/\/alfa-net.pl\/wp-content\/uploads\/2020\/03\/logoGreyFont_withPadding-2.png\",\"contentUrl\":\"https:\/\/alfa-net.pl\/wp-content\/uploads\/2020\/03\/logoGreyFont_withPadding-2.png\",\"width\":767,\"height\":767,\"caption\":\"Alfa-Net\"},\"image\":{\"@id\":\"https:\/\/alfa-net.pl\/#\/schema\/logo\/image\/\"},\"sameAs\":[\"https:\/\/www.facebook.com\/alfanet.spk\"]}]}<\/script>\n<!-- \/ Yoast SEO plugin. -->","yoast_head_json":{"title":"System monitorowania stanu - Asset Health & Maintenance - Alfa-Net - Software Development","description":"System monitorowania stanu. Zoptymalizuj dzia\u0142anie aktyw\u00f3w przemys\u0142owych. Monitoruj, analizuj i konserwuj w czasie rzeczywistym. .","robots":{"index":"index","follow":"follow","max-snippet":"max-snippet:-1","max-image-preview":"max-image-preview:large","max-video-preview":"max-video-preview:-1"},"canonical":"https:\/\/alfa-net.pl\/en\/asset-health-maintenance\/","og_locale":"en_GB","og_type":"article","og_title":"System monitorowania stanu - Asset Health & Maintenance - Alfa-Net - Software Development","og_description":"System monitorowania stanu. Zoptymalizuj dzia\u0142anie aktyw\u00f3w przemys\u0142owych. Monitoruj, analizuj i konserwuj w czasie rzeczywistym. .","og_url":"https:\/\/alfa-net.pl\/en\/asset-health-maintenance\/","og_site_name":"Alfa-Net - Software Development","article_publisher":"https:\/\/www.facebook.com\/alfanet.spk","article_modified_time":"2023-09-05T11:55:18+00:00","twitter_card":"summary_large_image","twitter_misc":{"Estimated reading time":"2 minutes"},"schema":{"@context":"https:\/\/schema.org","@graph":[{"@type":"WebPage","@id":"https:\/\/alfa-net.pl\/asset-health-maintenance\/","url":"https:\/\/alfa-net.pl\/asset-health-maintenance\/","name":"System monitorowania stanu - Asset Health & Maintenance - Alfa-Net - Software Development","isPartOf":{"@id":"https:\/\/alfa-net.pl\/#website"},"datePublished":"2023-08-25T11:50:59+00:00","dateModified":"2023-09-05T11:55:18+00:00","description":"System monitorowania stanu. Zoptymalizuj dzia\u0142anie aktyw\u00f3w przemys\u0142owych. Monitoruj, analizuj i konserwuj w czasie rzeczywistym. .","breadcrumb":{"@id":"https:\/\/alfa-net.pl\/asset-health-maintenance\/#breadcrumb"},"inLanguage":"en-GB","potentialAction":[{"@type":"ReadAction","target":["https:\/\/alfa-net.pl\/asset-health-maintenance\/"]}]},{"@type":"BreadcrumbList","@id":"https:\/\/alfa-net.pl\/asset-health-maintenance\/#breadcrumb","itemListElement":[{"@type":"ListItem","position":1,"name":"Strona g\u0142\u00f3wna","item":"https:\/\/alfa-net.pl\/"},{"@type":"ListItem","position":2,"name":"System monitorowania stanu &#8211; Asset Health &#038; Maintenance"}]},{"@type":"WebSite","@id":"https:\/\/alfa-net.pl\/#website","url":"https:\/\/alfa-net.pl\/","name":"Alfa-Net - Software Development","description":"Software Development","publisher":{"@id":"https:\/\/alfa-net.pl\/#organization"},"potentialAction":[{"@type":"SearchAction","target":{"@type":"EntryPoint","urlTemplate":"https:\/\/alfa-net.pl\/?s={search_term_string}"},"query-input":{"@type":"PropertyValueSpecification","valueRequired":true,"valueName":"search_term_string"}}],"inLanguage":"en-GB"},{"@type":"Organization","@id":"https:\/\/alfa-net.pl\/#organization","name":"Alfa-Net","url":"https:\/\/alfa-net.pl\/","logo":{"@type":"ImageObject","inLanguage":"en-GB","@id":"https:\/\/alfa-net.pl\/#\/schema\/logo\/image\/","url":"https:\/\/alfa-net.pl\/wp-content\/uploads\/2020\/03\/logoGreyFont_withPadding-2.png","contentUrl":"https:\/\/alfa-net.pl\/wp-content\/uploads\/2020\/03\/logoGreyFont_withPadding-2.png","width":767,"height":767,"caption":"Alfa-Net"},"image":{"@id":"https:\/\/alfa-net.pl\/#\/schema\/logo\/image\/"},"sameAs":["https:\/\/www.facebook.com\/alfanet.spk"]}]}},"_links":{"self":[{"href":"https:\/\/alfa-net.pl\/en\/wp-json\/wp\/v2\/pages\/5922","targetHints":{"allow":["GET"]}}],"collection":[{"href":"https:\/\/alfa-net.pl\/en\/wp-json\/wp\/v2\/pages"}],"about":[{"href":"https:\/\/alfa-net.pl\/en\/wp-json\/wp\/v2\/types\/page"}],"author":[{"embeddable":true,"href":"https:\/\/alfa-net.pl\/en\/wp-json\/wp\/v2\/users\/2"}],"replies":[{"embeddable":true,"href":"https:\/\/alfa-net.pl\/en\/wp-json\/wp\/v2\/comments?post=5922"}],"version-history":[{"count":28,"href":"https:\/\/alfa-net.pl\/en\/wp-json\/wp\/v2\/pages\/5922\/revisions"}],"predecessor-version":[{"id":6040,"href":"https:\/\/alfa-net.pl\/en\/wp-json\/wp\/v2\/pages\/5922\/revisions\/6040"}],"wp:attachment":[{"href":"https:\/\/alfa-net.pl\/en\/wp-json\/wp\/v2\/media?parent=5922"}],"curies":[{"name":"wp","href":"https:\/\/api.w.org\/{rel}","templated":true}]}}