{"id":5927,"date":"2023-08-25T13:50:56","date_gmt":"2023-08-25T11:50:56","guid":{"rendered":"https:\/\/alfa-net.pl\/?page_id=5927"},"modified":"2023-09-05T13:51:51","modified_gmt":"2023-09-05T11:51:51","slug":"intralogistics-hub","status":"publish","type":"page","link":"https:\/\/alfa-net.pl\/en\/intralogistics-hub\/","title":{"rendered":"Optymalizacja Proces\u00f3w Logistyki &#8211; Intralogistics"},"content":{"rendered":"<div class=\"wpb-content-wrapper\"><div id=\"tm-row-6a032b552016f\" data-vc-full-width=\"true\" data-vc-full-width-init=\"false\" data-vc-stretch-content=\"true\" class=\"vc_row vc_row-outer vc_row-fluid rmbg-md-down\"><div id=\"tm-column-6a032b5520879\" class=\"wpb_column vc_column_container vc_col-sm-2\/5\"><div class=\"vc_column-inner \"><div class=\"wpb_wrapper\">\n<div class=\"tm-heading vc_custom_1693914697824 right highlight-text tm-animation move-right\" id=\"tm-heading-6a032b5520a21\">\n\t<h1 class=\"heading\" style=\"\"><b>Insights Hub<br \/>\nIntralogistics<\/b><\/h1><\/div>\n\n<div class=\"vc_separator wpb_content_element vc_separator_align_center vc_sep_width_30 vc_sep_border_width_4 vc_sep_pos_align_right vc_separator_no_text wpb_content_element\" ><span class=\"vc_sep_holder vc_sep_holder_l\"><span style=\"border-color:#ffa408;\" class=\"vc_sep_line\"><\/span><\/span><span class=\"vc_sep_holder vc_sep_holder_r\"><span style=\"border-color:#ffa408;\" class=\"vc_sep_line\"><\/span><\/span>\n<\/div><\/div><\/div><\/div><div id=\"tm-column-6a032b5520c5e\" class=\"wpb_column vc_column_container vc_col-sm-3\/5\"><div class=\"vc_column-inner \"><div class=\"wpb_wrapper\">\n\t<div class=\"wpb_single_image wpb_content_element vc_align_left\">\n\t\t\n\t\t<figure class=\"wpb_wrapper vc_figure\">\n\t\t\t<div class=\"vc_single_image-wrapper   vc_box_border_grey\"><img loading=\"lazy\" decoding=\"async\" width=\"300\" height=\"300\" src=\"https:\/\/alfa-net.pl\/wp-content\/uploads\/2023\/08\/intralogistics_800px-300x300.png\" class=\"vc_single_image-img attachment-medium\" alt=\"intralogistics\" title=\"intralogistics_800px\" srcset=\"https:\/\/alfa-net.pl\/wp-content\/uploads\/2023\/08\/intralogistics_800px-300x300.png 300w, https:\/\/alfa-net.pl\/wp-content\/uploads\/2023\/08\/intralogistics_800px-150x150.png 150w, https:\/\/alfa-net.pl\/wp-content\/uploads\/2023\/08\/intralogistics_800px-768x768.png 768w, https:\/\/alfa-net.pl\/wp-content\/uploads\/2023\/08\/intralogistics_800px-12x12.png 12w, https:\/\/alfa-net.pl\/wp-content\/uploads\/2023\/08\/intralogistics_800px-600x600.png 600w, https:\/\/alfa-net.pl\/wp-content\/uploads\/2023\/08\/intralogistics_800px-500x500.png 500w, https:\/\/alfa-net.pl\/wp-content\/uploads\/2023\/08\/intralogistics_800px-480x480.png 480w, https:\/\/alfa-net.pl\/wp-content\/uploads\/2023\/08\/intralogistics_800px.png 800w\" sizes=\"auto, (max-width: 300px) 100vw, 300px\" \/><\/div>\n\t\t<\/figure>\n\t<\/div>\n<\/div><\/div><\/div><\/div><div class=\"vc_row-full-width vc_clearfix\"><\/div><div id=\"tm-row-6a032b552144a\" data-vc-full-width=\"true\" data-vc-full-width-init=\"false\" class=\"vc_row vc_row-outer vc_row-fluid\"><div id=\"tm-column-6a032b552167f\" class=\"wpb_column vc_column_container vc_col-sm-12\"><div class=\"vc_column-inner \"><div class=\"wpb_wrapper\">\n<div class=\"tm-heading vc_custom_1693914702812 center  tm-animation move-right\" id=\"tm-heading-6a032b5521849\">\n\t<h2 class=\"heading\" style=\"color: #ffffff;\"><b>Optymalizacja proces\u00f3w logistyki w chmurze Insights Hub<\/b><\/h2><\/div>\n\n<\/div><\/div><\/div><\/div><div class=\"vc_row-full-width vc_clearfix\"><\/div><div id=\"tm-row-6a032b5521a95\" class=\"vc_row vc_row-outer vc_row-fluid\"><div id=\"tm-column-6a032b5521cc5\" class=\"wpb_column vc_column_container vc_col-sm-12\"><div class=\"vc_column-inner \"><div class=\"wpb_wrapper\"><div class=\"vc_empty_space\"   style=\"height: 32px\"><span class=\"vc_empty_space_inner\"><\/span><\/div><\/div><\/div><\/div><\/div><div id=\"tm-row-6a032b5521f70\" class=\"vc_row vc_row-outer vc_row-fluid\"><div id=\"tm-column-6a032b5522245\" class=\"wpb_column vc_column_container vc_col-sm-6\"><div class=\"vc_column-inner \"><div class=\"wpb_wrapper\">\n\t<div class=\"wpb_text_column wpb_content_element\" >\n\t\t<div class=\"wpb_wrapper\">\n\t\t\t<p>Insights Hub Intralogistics to aplikacja stworzona ca\u0142kowicie w Mendix Studio w celu optymalizacji proces\u00f3w logistyki.<\/p>\n<p>Oblicza istotne parametry i monitoruje stan kana\u0142\u00f3w materia\u0142owych. Minimalizuje przestoje zwi\u0105zane z brakami materia\u0142\u00f3w i wspiera zrozumienie proces\u00f3w wewn\u0119trznego zaopatrzenia.<\/p>\n<p>G\u0142\u00f3wne mo\u017cliwo\u015bci aplikacji Insights Hub Intralogistics to:<\/p>\n<ul>\n<li>Wyliczanie i wizualizacja czas\u00f3w uzupe\u0142nienia i konsumpcji materia\u0142\u00f3w na kana\u0142ach, aby pozyska\u0107 wgl\u0105d w proces produkcyjny.<\/li>\n<li>Automatyczne wykrywanie i generowanie zg\u0142osze\u0144 w r\u00f3\u017cnych scenariuszach, zapewniaj\u0105ce ci\u0105g\u0142o\u015b\u0107 produkcji i minimalizuj\u0105ce ilo\u015b\u0107 przestoj\u00f3w wywo\u0142anych brakiem materia\u0142\u00f3w<\/li>\n<li>Wbudowany przegl\u0105dowy pulpit, dostarczaj\u0105cy aktualny stan zaopatrzenia materia\u0142owego.<\/li>\n<li>Automatyczne wykluczanie zb\u0119dnych punkt\u00f3w danych, np. czas\u00f3w uzupe\u0142niania lub konsumpcji podczas planowanych przestoj\u00f3w lub \u015bwi\u0105t.<\/li>\n<\/ul>\n\n\t\t<\/div>\n\t<\/div>\n\n\t<div class=\"wpb_text_column wpb_content_element\" >\n\t\t<div class=\"wpb_wrapper\">\n\t\t\t<p>Aplikacja pozwala automatycznie wykry\u0107 problemy takie jak:<\/p>\n\n\t\t<\/div>\n\t<\/div>\n\n<ul class=\"tm-list  tm-list--v-flow tm-list--icon tm-list--horizontal\" id=\"tm-list-6a032b552267a\">\n\t\t\t<li class=\"tm-list__item tm-animation scale-up\">\n\n\t\t\t<div class=\"tm-list__marker\">\n\n\t\t\t\t\n\t\t\t\t\t\t\t\t\t\t\t\t\t\t<i class=\"tm-list__icon fas fa-circle\"><\/i>\n\t\t\t\t\t\t\t\t\n\t\t\t\t\n\t\t\t<\/div>\n\n\t\t\t<div class=\"tm-list__body\">\n\n\t\t\t\t\t\t\t\t\t<div class=\"tm-list__title\">\n\t\t\t\t\t\t\t\t\t\t\t\t\tPuste kana\u0142y materia\u0142owe\t\t\t\t\t\t\t\t\t\t\t\t<\/div>\n\t\t\t\t\n\t\t\t\t\t\t\t<\/div>\n\t\t<\/li>\n\t\t\t<li class=\"tm-list__item tm-animation scale-up\">\n\n\t\t\t<div class=\"tm-list__marker\">\n\n\t\t\t\t\n\t\t\t\t\t\t\t\t\t\t\t\t\t\t<i class=\"tm-list__icon fas fa-circle\"><\/i>\n\t\t\t\t\t\t\t\t\n\t\t\t\t\n\t\t\t<\/div>\n\n\t\t\t<div class=\"tm-list__body\">\n\n\t\t\t\t\t\t\t\t\t<div class=\"tm-list__title\">\n\t\t\t\t\t\t\t\t\t\t\t\t\tKana\u0142y poni\u017cej minimalnego poziomu uzupe\u0142nienia\t\t\t\t\t\t\t\t\t\t\t\t<\/div>\n\t\t\t\t\n\t\t\t\t\t\t\t<\/div>\n\t\t<\/li>\n\t\t\t<li class=\"tm-list__item tm-animation scale-up\">\n\n\t\t\t<div class=\"tm-list__marker\">\n\n\t\t\t\t\n\t\t\t\t\t\t\t\t\t\t\t\t\t\t<i class=\"tm-list__icon fas fa-circle\"><\/i>\n\t\t\t\t\t\t\t\t\n\t\t\t\t\n\t\t\t<\/div>\n\n\t\t\t<div class=\"tm-list__body\">\n\n\t\t\t\t\t\t\t\t\t<div class=\"tm-list__title\">\n\t\t\t\t\t\t\t\t\t\t\t\t\tMateria\u0142y w niew\u0142a\u015bciwym po\u0142o\u017ceniu\t\t\t\t\t\t\t\t\t\t\t\t<\/div>\n\t\t\t\t\n\t\t\t\t\t\t\t<\/div>\n\t\t<\/li>\n\t\t\t<li class=\"tm-list__item tm-animation scale-up\">\n\n\t\t\t<div class=\"tm-list__marker\">\n\n\t\t\t\t\n\t\t\t\t\t\t\t\t\t\t\t\t\t\t<i class=\"tm-list__icon fas fa-circle\"><\/i>\n\t\t\t\t\t\t\t\t\n\t\t\t\t\n\t\t\t<\/div>\n\n\t\t\t<div class=\"tm-list__body\">\n\n\t\t\t\t\t\t\t\t\t<div class=\"tm-list__title\">\n\t\t\t\t\t\t\t\t\t\t\t\t\tCzas konsumpcji kr\u00f3tszy ni\u017c czas uzupe\u0142niania\t\t\t\t\t\t\t\t\t\t\t\t<\/div>\n\t\t\t\t\n\t\t\t\t\t\t\t<\/div>\n\t\t<\/li>\n\t<\/ul>\n<\/div><\/div><\/div><div id=\"tm-column-6a032b5522843\" class=\"wpb_column vc_column_container vc_col-sm-6\"><div class=\"vc_column-inner \"><div class=\"wpb_wrapper\">\n\t<div class=\"wpb_single_image wpb_content_element vc_align_center\">\n\t\t\n\t\t<figure class=\"wpb_wrapper vc_figure\">\n\t\t\t<div class=\"vc_single_image-wrapper   vc_box_border_grey\"><img loading=\"lazy\" decoding=\"async\" width=\"640\" height=\"356\" src=\"https:\/\/alfa-net.pl\/wp-content\/uploads\/2023\/08\/ilh2-1024x570.png\" class=\"vc_single_image-img attachment-large\" alt=\"zrzut ekranu z aplikacji intralogistics przedstawiaj\u0105cy widok zawieraj\u0105cy wykresy czas\u00f3w dostaw i konsumpcji dla kana\u0142u\" title=\"ilh2\" srcset=\"https:\/\/alfa-net.pl\/wp-content\/uploads\/2023\/08\/ilh2-1024x570.png 1024w, https:\/\/alfa-net.pl\/wp-content\/uploads\/2023\/08\/ilh2-300x167.png 300w, https:\/\/alfa-net.pl\/wp-content\/uploads\/2023\/08\/ilh2-768x428.png 768w, https:\/\/alfa-net.pl\/wp-content\/uploads\/2023\/08\/ilh2-1536x856.png 1536w, https:\/\/alfa-net.pl\/wp-content\/uploads\/2023\/08\/ilh2-18x10.png 18w, https:\/\/alfa-net.pl\/wp-content\/uploads\/2023\/08\/ilh2-500x279.png 500w, https:\/\/alfa-net.pl\/wp-content\/uploads\/2023\/08\/ilh2.png 1926w\" sizes=\"auto, (max-width: 640px) 100vw, 640px\" \/><\/div>\n\t\t<\/figure>\n\t<\/div>\n<\/div><\/div><\/div><\/div><div id=\"tm-row-6a032b55238f1\" class=\"vc_row vc_row-outer vc_row-fluid\"><div id=\"tm-column-6a032b5523bf5\" class=\"wpb_column vc_column_container vc_col-sm-12\"><div class=\"vc_column-inner \"><div class=\"wpb_wrapper\">\n\t<div class=\"wpb_text_column wpb_content_element\" >\n\t\t<div class=\"wpb_wrapper\">\n\t\t\t<p>Insights Hub Intralogistics jest dedykowany dw\u00f3m stanowiskom: Mened\u017cerowi Proces\u00f3w Logistycznych (MPL) oraz Kierownikowi Operacji (KO). MPL skupia si\u0119 na optymalizacji proces\u00f3w logistyki, minimalizuj\u0105c przestoje z brakami materia\u0142\u00f3w. KO, pracuj\u0105cy na linii produkcyjnej, nadzoruje dostawy i obs\u0142ug\u0119 materia\u0142\u00f3w. Aplikacja d\u0105\u017cy do rozwi\u0105zania ich problem\u00f3w poprzez dostarczanie odpowiednich narz\u0119dzi diagnotyki i monitorowania.<\/p>\n\n\t\t<\/div>\n\t<\/div>\n<div class=\"wpb_gallery wpb_content_element vc_clearfix wpb_content_element\" ><div class=\"wpb_wrapper\"><div class=\"wpb_gallery_slides wpb_flexslider flexslider_fade flexslider\" data-interval=\"3\" data-flex_fx=\"fade\"><ul class=\"slides\"><li><a class=\"\" href=\"https:\/\/alfa-net.pl\/wp-content\/uploads\/2023\/08\/ilh2-1024x570.png\" data-lightbox=\"lightbox[rel-5927-2516272554]\"><img loading=\"lazy\" decoding=\"async\" width=\"1926\" height=\"1073\" src=\"https:\/\/alfa-net.pl\/wp-content\/uploads\/2023\/08\/ilh2.png\" class=\"attachment-full\" alt=\"zrzut ekranu z aplikacji intralogistics przedstawiaj\u0105cy widok zawieraj\u0105cy wykresy czas\u00f3w dostaw i konsumpcji dla kana\u0142u\" title=\"ilh2\" srcset=\"https:\/\/alfa-net.pl\/wp-content\/uploads\/2023\/08\/ilh2.png 1926w, https:\/\/alfa-net.pl\/wp-content\/uploads\/2023\/08\/ilh2-300x167.png 300w, https:\/\/alfa-net.pl\/wp-content\/uploads\/2023\/08\/ilh2-1024x570.png 1024w, https:\/\/alfa-net.pl\/wp-content\/uploads\/2023\/08\/ilh2-768x428.png 768w, https:\/\/alfa-net.pl\/wp-content\/uploads\/2023\/08\/ilh2-1536x856.png 1536w, https:\/\/alfa-net.pl\/wp-content\/uploads\/2023\/08\/ilh2-18x10.png 18w, https:\/\/alfa-net.pl\/wp-content\/uploads\/2023\/08\/ilh2-500x279.png 500w\" sizes=\"auto, (max-width: 1926px) 100vw, 1926px\" \/><\/a><\/li><li><a class=\"\" href=\"https:\/\/alfa-net.pl\/wp-content\/uploads\/2023\/08\/ilh1-1024x573.png\" data-lightbox=\"lightbox[rel-5927-2516272554]\"><img loading=\"lazy\" decoding=\"async\" width=\"1928\" height=\"1079\" src=\"https:\/\/alfa-net.pl\/wp-content\/uploads\/2023\/08\/ilh1.png\" class=\"attachment-full\" alt=\"zrzut ekranu z aplikacji intralogistics przedstawiaj\u0105cy widok strony g\u0142\u00f3wnej zawieraj\u0105cy podsumowanie parametr\u00f3w fabryki\" title=\"ilh1\" srcset=\"https:\/\/alfa-net.pl\/wp-content\/uploads\/2023\/08\/ilh1.png 1928w, https:\/\/alfa-net.pl\/wp-content\/uploads\/2023\/08\/ilh1-300x168.png 300w, https:\/\/alfa-net.pl\/wp-content\/uploads\/2023\/08\/ilh1-1024x573.png 1024w, https:\/\/alfa-net.pl\/wp-content\/uploads\/2023\/08\/ilh1-768x430.png 768w, https:\/\/alfa-net.pl\/wp-content\/uploads\/2023\/08\/ilh1-1536x860.png 1536w, https:\/\/alfa-net.pl\/wp-content\/uploads\/2023\/08\/ilh1-18x10.png 18w, https:\/\/alfa-net.pl\/wp-content\/uploads\/2023\/08\/ilh1-500x280.png 500w\" sizes=\"auto, (max-width: 1928px) 100vw, 1928px\" \/><\/a><\/li><\/ul><\/div><\/div><\/div><\/div><\/div><\/div><\/div><div id=\"tm-row-6a032b55249b7\" data-vc-full-width=\"true\" data-vc-full-width-init=\"false\" data-vc-stretch-content=\"true\" class=\"vc_row vc_row-outer vc_row-fluid\"><div id=\"tm-column-6a032b5524c80\" class=\"wpb_column vc_column_container vc_col-sm-6\"><div class=\"vc_column-inner \"><div class=\"wpb_wrapper\">\n<div class=\"tm-heading vc_custom_1693914709159 center  tm-animation move-right\" id=\"tm-heading-6a032b5524e50\">\n\t<h2 class=\"heading\" style=\"color: #ffffff;\"><b>Potrzebujesz podobnego oprogramowania?<\/b><\/h2><\/div>\n\n<\/div><\/div><\/div><div id=\"tm-column-6a032b5524fd3\" class=\"wpb_column vc_column_container vc_col-sm-6\"><div class=\"vc_column-inner \"><div class=\"wpb_wrapper\"><div class=\"tm-button-wrapper  vertical-align-center tm-animation scale-up\" id=\"tm-button-6a032b55258e4\">\n\t\t<a class=\"tm-button style-2 tm-button-lg tm-button-white\" href=\"https:\/\/alfa-net.pl\/contact\/\"\n\t\ttarget=\"_blank\"\t>\n\t\t<span>\n\t\t\t\t\t\tNAPISZ DO NAS!\t\t\t\t\t<\/span>\n\t<\/a>\n<\/div>\n<\/div><\/div><\/div><\/div><div class=\"vc_row-full-width vc_clearfix\"><\/div>\n<\/div>","protected":false},"excerpt":{"rendered":"Insights Hub Intralogistics Optymalizacja proces\u00f3w logistyki w chmurze Insights Hub Insights Hub Intralogistics to aplikacja stworzona ca\u0142kowicie w Mendix Studio w celu optymalizacji proces\u00f3w logistyki. Oblicza istotne parametry i monitoruje stan kana\u0142\u00f3w materia\u0142owych. Minimalizuje przestoje zwi\u0105zane z brakami materia\u0142\u00f3w i wspiera zrozumienie proces\u00f3w wewn\u0119trznego zaopatrzenia. G\u0142\u00f3wne mo\u017cliwo\u015bci aplikacji Insights Hub Intralogistics to: Wyliczanie i wizualizacja czas\u00f3w uzupe\u0142nienia i konsumpcji materia\u0142\u00f3w na kana\u0142ach, aby pozyska\u0107 wgl\u0105d w proces produkcyjny. Automatyczne wykrywanie i generowanie zg\u0142osze\u0144 w r\u00f3\u017cnych scenariuszach, zapewniaj\u0105ce ci\u0105g\u0142o\u015b\u0107 produkcji i minimalizuj\u0105ce ilo\u015b\u0107 przestoj\u00f3w wywo\u0142anych brakiem materia\u0142\u00f3w Wbudowany przegl\u0105dowy pulpit, dostarczaj\u0105cy aktualny stan zaopatrzenia materia\u0142owego. Automatyczne wykluczanie zb\u0119dnych punkt\u00f3w danych, np. czas\u00f3w uzupe\u0142niania lub konsumpcji podczas planowanych przestoj\u00f3w lub \u015bwi\u0105t. Aplikacja pozwala automatycznie wykry\u0107 problemy takie jak: Puste kana\u0142y materia\u0142owe Kana\u0142y poni\u017cej minimalnego poziomu uzupe\u0142nienia Materia\u0142y w niew\u0142a\u015bciwym po\u0142o\u017ceniu Czas konsumpcji kr\u00f3tszy ni\u017c czas uzupe\u0142niania Insights Hub Intralogistics jest dedykowany dw\u00f3m stanowiskom: Mened\u017cerowi Proces\u00f3w Logistycznych (MPL) oraz Kierownikowi Operacji (KO). MPL skupia si\u0119 na optymalizacji proces\u00f3w logistyki, minimalizuj\u0105c przestoje z brakami materia\u0142\u00f3w. KO, pracuj\u0105cy na linii produkcyjnej, nadzoruje dostawy i obs\u0142ug\u0119 materia\u0142\u00f3w. Aplikacja d\u0105\u017cy do rozwi\u0105zania ich problem\u00f3w poprzez dostarczanie odpowiednich narz\u0119dzi diagnotyki i monitorowania. Potrzebujesz podobnego oprogramowania? NAPISZ DO NAS!","protected":false},"author":2,"featured_media":0,"parent":0,"menu_order":0,"comment_status":"closed","ping_status":"closed","template":"","meta":{"footnotes":""},"class_list":["post-5927","page","type-page","status-publish","hentry"],"yoast_head":"<!-- This site is optimized with the Yoast SEO plugin v27.5 - https:\/\/yoast.com\/product\/yoast-seo-wordpress\/ -->\n<title>Optymalizacja Proces\u00f3w Logistyki - Intralogistics - Alfa-Net - Software Development<\/title>\n<meta name=\"description\" content=\"Zwi\u0119ksz wydajno\u015b\u0107 dzi\u0119ki Intralogistics. Optymalizacja Proces\u00f3w Logistyki poprzez monitorowanie i minimalizacj\u0119 przestoj\u00f3w.\" \/>\n<meta name=\"robots\" content=\"index, follow, max-snippet:-1, max-image-preview:large, max-video-preview:-1\" \/>\n<link rel=\"canonical\" href=\"https:\/\/alfa-net.pl\/en\/intralogistics-hub\/\" \/>\n<meta property=\"og:locale\" content=\"en_GB\" \/>\n<meta property=\"og:type\" content=\"article\" \/>\n<meta property=\"og:title\" content=\"Optymalizacja Proces\u00f3w Logistyki - Intralogistics - Alfa-Net - Software Development\" \/>\n<meta property=\"og:description\" content=\"Zwi\u0119ksz wydajno\u015b\u0107 dzi\u0119ki Intralogistics. Optymalizacja Proces\u00f3w Logistyki poprzez monitorowanie i minimalizacj\u0119 przestoj\u00f3w.\" \/>\n<meta property=\"og:url\" content=\"https:\/\/alfa-net.pl\/en\/intralogistics-hub\/\" \/>\n<meta property=\"og:site_name\" content=\"Alfa-Net - Software Development\" \/>\n<meta property=\"article:publisher\" content=\"https:\/\/www.facebook.com\/alfanet.spk\" \/>\n<meta property=\"article:modified_time\" content=\"2023-09-05T11:51:51+00:00\" \/>\n<meta name=\"twitter:card\" content=\"summary_large_image\" \/>\n<meta name=\"twitter:label1\" content=\"Estimated reading time\" \/>\n\t<meta name=\"twitter:data1\" content=\"2 minutes\" \/>\n<script type=\"application\/ld+json\" class=\"yoast-schema-graph\">{\"@context\":\"https:\\\/\\\/schema.org\",\"@graph\":[{\"@type\":\"WebPage\",\"@id\":\"https:\\\/\\\/alfa-net.pl\\\/intralogistics-hub\\\/\",\"url\":\"https:\\\/\\\/alfa-net.pl\\\/intralogistics-hub\\\/\",\"name\":\"Optymalizacja Proces\u00f3w Logistyki - Intralogistics - Alfa-Net - Software Development\",\"isPartOf\":{\"@id\":\"https:\\\/\\\/alfa-net.pl\\\/#website\"},\"datePublished\":\"2023-08-25T11:50:56+00:00\",\"dateModified\":\"2023-09-05T11:51:51+00:00\",\"description\":\"Zwi\u0119ksz wydajno\u015b\u0107 dzi\u0119ki Intralogistics. Optymalizacja Proces\u00f3w Logistyki poprzez monitorowanie i minimalizacj\u0119 przestoj\u00f3w.\",\"breadcrumb\":{\"@id\":\"https:\\\/\\\/alfa-net.pl\\\/intralogistics-hub\\\/#breadcrumb\"},\"inLanguage\":\"en-GB\",\"potentialAction\":[{\"@type\":\"ReadAction\",\"target\":[\"https:\\\/\\\/alfa-net.pl\\\/intralogistics-hub\\\/\"]}]},{\"@type\":\"BreadcrumbList\",\"@id\":\"https:\\\/\\\/alfa-net.pl\\\/intralogistics-hub\\\/#breadcrumb\",\"itemListElement\":[{\"@type\":\"ListItem\",\"position\":1,\"name\":\"Strona g\u0142\u00f3wna\",\"item\":\"https:\\\/\\\/alfa-net.pl\\\/\"},{\"@type\":\"ListItem\",\"position\":2,\"name\":\"Optymalizacja Proces\u00f3w Logistyki &#8211; Intralogistics\"}]},{\"@type\":\"WebSite\",\"@id\":\"https:\\\/\\\/alfa-net.pl\\\/#website\",\"url\":\"https:\\\/\\\/alfa-net.pl\\\/\",\"name\":\"Alfa-Net - Software Development\",\"description\":\"Software Development\",\"publisher\":{\"@id\":\"https:\\\/\\\/alfa-net.pl\\\/#organization\"},\"potentialAction\":[{\"@type\":\"SearchAction\",\"target\":{\"@type\":\"EntryPoint\",\"urlTemplate\":\"https:\\\/\\\/alfa-net.pl\\\/?s={search_term_string}\"},\"query-input\":{\"@type\":\"PropertyValueSpecification\",\"valueRequired\":true,\"valueName\":\"search_term_string\"}}],\"inLanguage\":\"en-GB\"},{\"@type\":\"Organization\",\"@id\":\"https:\\\/\\\/alfa-net.pl\\\/#organization\",\"name\":\"Alfa-Net\",\"url\":\"https:\\\/\\\/alfa-net.pl\\\/\",\"logo\":{\"@type\":\"ImageObject\",\"inLanguage\":\"en-GB\",\"@id\":\"https:\\\/\\\/alfa-net.pl\\\/#\\\/schema\\\/logo\\\/image\\\/\",\"url\":\"https:\\\/\\\/alfa-net.pl\\\/wp-content\\\/uploads\\\/2020\\\/03\\\/logoGreyFont_withPadding-2.png\",\"contentUrl\":\"https:\\\/\\\/alfa-net.pl\\\/wp-content\\\/uploads\\\/2020\\\/03\\\/logoGreyFont_withPadding-2.png\",\"width\":767,\"height\":767,\"caption\":\"Alfa-Net\"},\"image\":{\"@id\":\"https:\\\/\\\/alfa-net.pl\\\/#\\\/schema\\\/logo\\\/image\\\/\"},\"sameAs\":[\"https:\\\/\\\/www.facebook.com\\\/alfanet.spk\"]}]}<\/script>\n<!-- \/ Yoast SEO plugin. -->","yoast_head_json":{"title":"Optymalizacja Proces\u00f3w Logistyki - Intralogistics - Alfa-Net - Software Development","description":"Zwi\u0119ksz wydajno\u015b\u0107 dzi\u0119ki Intralogistics. Optymalizacja Proces\u00f3w Logistyki poprzez monitorowanie i minimalizacj\u0119 przestoj\u00f3w.","robots":{"index":"index","follow":"follow","max-snippet":"max-snippet:-1","max-image-preview":"max-image-preview:large","max-video-preview":"max-video-preview:-1"},"canonical":"https:\/\/alfa-net.pl\/en\/intralogistics-hub\/","og_locale":"en_GB","og_type":"article","og_title":"Optymalizacja Proces\u00f3w Logistyki - Intralogistics - Alfa-Net - Software Development","og_description":"Zwi\u0119ksz wydajno\u015b\u0107 dzi\u0119ki Intralogistics. Optymalizacja Proces\u00f3w Logistyki poprzez monitorowanie i minimalizacj\u0119 przestoj\u00f3w.","og_url":"https:\/\/alfa-net.pl\/en\/intralogistics-hub\/","og_site_name":"Alfa-Net - Software Development","article_publisher":"https:\/\/www.facebook.com\/alfanet.spk","article_modified_time":"2023-09-05T11:51:51+00:00","twitter_card":"summary_large_image","twitter_misc":{"Estimated reading time":"2 minutes"},"schema":{"@context":"https:\/\/schema.org","@graph":[{"@type":"WebPage","@id":"https:\/\/alfa-net.pl\/intralogistics-hub\/","url":"https:\/\/alfa-net.pl\/intralogistics-hub\/","name":"Optymalizacja Proces\u00f3w Logistyki - Intralogistics - Alfa-Net - Software Development","isPartOf":{"@id":"https:\/\/alfa-net.pl\/#website"},"datePublished":"2023-08-25T11:50:56+00:00","dateModified":"2023-09-05T11:51:51+00:00","description":"Zwi\u0119ksz wydajno\u015b\u0107 dzi\u0119ki Intralogistics. Optymalizacja Proces\u00f3w Logistyki poprzez monitorowanie i minimalizacj\u0119 przestoj\u00f3w.","breadcrumb":{"@id":"https:\/\/alfa-net.pl\/intralogistics-hub\/#breadcrumb"},"inLanguage":"en-GB","potentialAction":[{"@type":"ReadAction","target":["https:\/\/alfa-net.pl\/intralogistics-hub\/"]}]},{"@type":"BreadcrumbList","@id":"https:\/\/alfa-net.pl\/intralogistics-hub\/#breadcrumb","itemListElement":[{"@type":"ListItem","position":1,"name":"Strona g\u0142\u00f3wna","item":"https:\/\/alfa-net.pl\/"},{"@type":"ListItem","position":2,"name":"Optymalizacja Proces\u00f3w Logistyki &#8211; Intralogistics"}]},{"@type":"WebSite","@id":"https:\/\/alfa-net.pl\/#website","url":"https:\/\/alfa-net.pl\/","name":"Alfa-Net - Software Development","description":"Software Development","publisher":{"@id":"https:\/\/alfa-net.pl\/#organization"},"potentialAction":[{"@type":"SearchAction","target":{"@type":"EntryPoint","urlTemplate":"https:\/\/alfa-net.pl\/?s={search_term_string}"},"query-input":{"@type":"PropertyValueSpecification","valueRequired":true,"valueName":"search_term_string"}}],"inLanguage":"en-GB"},{"@type":"Organization","@id":"https:\/\/alfa-net.pl\/#organization","name":"Alfa-Net","url":"https:\/\/alfa-net.pl\/","logo":{"@type":"ImageObject","inLanguage":"en-GB","@id":"https:\/\/alfa-net.pl\/#\/schema\/logo\/image\/","url":"https:\/\/alfa-net.pl\/wp-content\/uploads\/2020\/03\/logoGreyFont_withPadding-2.png","contentUrl":"https:\/\/alfa-net.pl\/wp-content\/uploads\/2020\/03\/logoGreyFont_withPadding-2.png","width":767,"height":767,"caption":"Alfa-Net"},"image":{"@id":"https:\/\/alfa-net.pl\/#\/schema\/logo\/image\/"},"sameAs":["https:\/\/www.facebook.com\/alfanet.spk"]}]}},"_links":{"self":[{"href":"https:\/\/alfa-net.pl\/en\/wp-json\/wp\/v2\/pages\/5927","targetHints":{"allow":["GET"]}}],"collection":[{"href":"https:\/\/alfa-net.pl\/en\/wp-json\/wp\/v2\/pages"}],"about":[{"href":"https:\/\/alfa-net.pl\/en\/wp-json\/wp\/v2\/types\/page"}],"author":[{"embeddable":true,"href":"https:\/\/alfa-net.pl\/en\/wp-json\/wp\/v2\/users\/2"}],"replies":[{"embeddable":true,"href":"https:\/\/alfa-net.pl\/en\/wp-json\/wp\/v2\/comments?post=5927"}],"version-history":[{"count":21,"href":"https:\/\/alfa-net.pl\/en\/wp-json\/wp\/v2\/pages\/5927\/revisions"}],"predecessor-version":[{"id":6036,"href":"https:\/\/alfa-net.pl\/en\/wp-json\/wp\/v2\/pages\/5927\/revisions\/6036"}],"wp:attachment":[{"href":"https:\/\/alfa-net.pl\/en\/wp-json\/wp\/v2\/media?parent=5927"}],"curies":[{"name":"wp","href":"https:\/\/api.w.org\/{rel}","templated":true}]}}