{"id":6188,"date":"2025-03-24T08:59:29","date_gmt":"2025-03-24T07:59:29","guid":{"rendered":"https:\/\/alfa-net.pl\/?page_id=6188"},"modified":"2025-03-25T11:10:00","modified_gmt":"2025-03-25T10:10:00","slug":"technologia-rfid-czym-jest-i-jak-moze-ci-pomoc","status":"publish","type":"page","link":"https:\/\/alfa-net.pl\/en\/technologia-rfid-czym-jest-i-jak-moze-ci-pomoc\/","title":{"rendered":"Technologia RFID &#8211; czym jest i jak mo\u017ce Ci pom\u00f3c?"},"content":{"rendered":"<div class=\"wpb-content-wrapper\"><div id=\"tm-row-69e79e923e044\" data-vc-full-width=\"true\" data-vc-full-width-init=\"false\" data-vc-stretch-content=\"true\" class=\"vc_row vc_row-outer vc_row-fluid\"><div id=\"tm-column-69e79e923e761\" class=\"wpb_column vc_column_container vc_col-sm-2\"><div class=\"vc_column-inner\"><div class=\"wpb_wrapper\"><\/div><\/div><\/div><div id=\"tm-column-69e79e923e884\" class=\"wpb_column vc_column_container vc_col-sm-5\"><div class=\"vc_column-inner\"><div class=\"wpb_wrapper\"><div class=\"vc_empty_space\"   style=\"height: 7rem\"><span class=\"vc_empty_space_inner\"><\/span><\/div>\n<div class=\"tm-heading left highlight-text tm-animation move-right\" id=\"tm-heading-69e79e923ea98\">\n\t<h3 class=\"heading\" style=\"\">System RFID \u2013 co to jest?<\/h3><\/div>\n\n<div class=\"vc_separator wpb_content_element vc_separator_align_center vc_sep_width_100 vc_sep_border_width_4 vc_sep_pos_align_left vc_separator_no_text wpb_content_element\" ><span class=\"vc_sep_holder vc_sep_holder_l\"><span style=\"border-color:#ffa408;\" class=\"vc_sep_line\"><\/span><\/span><span class=\"vc_sep_holder vc_sep_holder_r\"><span style=\"border-color:#ffa408;\" class=\"vc_sep_line\"><\/span><\/span>\n<\/div>\n\t<div class=\"wpb_text_column wpb_content_element\" >\n\t\t<div class=\"wpb_wrapper\">\n\t\t\t<p>Technologia RFID (Radio-Frequency Identification) to innowacyjne rozwi\u0105zanie pozwalaj\u0105ce na identyfikacj\u0119 obiekt\u00f3w za pomoc\u0105 fal radiowych. System RFID sk\u0142ada si\u0119 z kilku kluczowych element\u00f3w, takich jak znaczniki RFID (tagi), czytniki RFID oraz anteny RFID. Jego g\u0142\u00f3wn\u0105 zalet\u0105 jest mo\u017cliwo\u015b\u0107 szybkiego i bezdotykowego odczytu danych, co znajduje zastosowanie w wielu bran\u017cach, takich jak logistyka, produkcja czy handel.<\/p>\n\n\t\t<\/div>\n\t<\/div>\n<div class=\"vc_empty_space\"   style=\"height: 7rem\"><span class=\"vc_empty_space_inner\"><\/span><\/div>\n<div class=\"tm-heading left  tm-animation move-right\" id=\"tm-heading-69e79e923ef25\">\n\t<h3 class=\"heading\" style=\"\">System RFID \u2013 z czego si\u0119 sk\u0142ada?<\/h3><\/div>\n\n\n\t<div class=\"wpb_text_column wpb_content_element\" >\n\t\t<div class=\"wpb_wrapper\">\n\t\t\t<p>Ka\u017cdy system RFID sk\u0142ada si\u0119 z trzech podstawowych element\u00f3w:<\/p>\n\n\t\t<\/div>\n\t<\/div>\n\n<ul class=\"tm-list  tm-list--v-flow tm-list--icon tm-list--horizontal\" id=\"tm-list-69e79e923f0e3\">\n\t\t\t<li class=\"tm-list__item tm-animation scale-up\">\n\n\t\t\t<div class=\"tm-list__marker secondary-color-important\">\n\n\t\t\t\t\n\t\t\t\t\t\t\t\t\t\t\t\t\t\t<i class=\"tm-list__icon fas fa-circle\"><\/i>\n\t\t\t\t\t\t\t\t\n\t\t\t\t\n\t\t\t<\/div>\n\n\t\t\t<div class=\"tm-list__body\">\n\n\t\t\t\t\t\t\t\t\t<div class=\"tm-list__title\">\n\t\t\t\t\t\t\t\t\t\t\t\t\tTag RFID, czyli znacznik RFID, b\u0119d\u0105cy no\u015bnikiem danych. Mo\u017ce przechowywa\u0107 informacje dotycz\u0105ce towar\u00f3w, \u015brodk\u00f3w trwa\u0142ych czy os\u00f3b.\t\t\t\t\t\t\t\t\t\t\t\t<\/div>\n\t\t\t\t\n\t\t\t\t\t\t\t<\/div>\n\t\t<\/li>\n\t\t\t<li class=\"tm-list__item tm-animation scale-up\">\n\n\t\t\t<div class=\"tm-list__marker secondary-color-important\">\n\n\t\t\t\t\n\t\t\t\t\t\t\t\t\t\t\t\t\t\t<i class=\"tm-list__icon fas fa-circle\"><\/i>\n\t\t\t\t\t\t\t\t\n\t\t\t\t\n\t\t\t<\/div>\n\n\t\t\t<div class=\"tm-list__body\">\n\n\t\t\t\t\t\t\t\t\t<div class=\"tm-list__title\">\n\t\t\t\t\t\t\t\t\t\t\t\t\tCzytnik RFID, urz\u0105dzenie umo\u017cliwiaj\u0105ce odczyt oraz zapis informacji zapisanych na tagach RFID. Mo\u017ce by\u0107 mobilne lub stacjonarne.\t\t\t\t\t\t\t\t\t\t\t\t<\/div>\n\t\t\t\t\n\t\t\t\t\t\t\t<\/div>\n\t\t<\/li>\n\t\t\t<li class=\"tm-list__item tm-animation scale-up\">\n\n\t\t\t<div class=\"tm-list__marker secondary-color-important\">\n\n\t\t\t\t\n\t\t\t\t\t\t\t\t\t\t\t\t\t\t<i class=\"tm-list__icon fas fa-circle\"><\/i>\n\t\t\t\t\t\t\t\t\n\t\t\t\t\n\t\t\t<\/div>\n\n\t\t\t<div class=\"tm-list__body\">\n\n\t\t\t\t\t\t\t\t\t<div class=\"tm-list__title\">\n\t\t\t\t\t\t\t\t\t\t\t\t\tAnteny RFID, odpowiadaj\u0105ce za transmisj\u0119 danych mi\u0119dzy tagiem a czytnikiem, co pozwala na sprawne \u015bledzenie proces\u00f3w w logistyce i magazynach.\t\t\t\t\t\t\t\t\t\t\t\t<\/div>\n\t\t\t\t\n\t\t\t\t\t\t\t<\/div>\n\t\t<\/li>\n\t<\/ul>\n<div class=\"vc_empty_space\"   style=\"height: 7rem\"><span class=\"vc_empty_space_inner\"><\/span><\/div><\/div><\/div><\/div><div id=\"tm-column-69e79e923f23e\" class=\"wpb_column vc_column_container vc_col-sm-4\"><div class=\"vc_column-inner\"><div class=\"wpb_wrapper\"><\/div><\/div><\/div><\/div><div class=\"vc_row-full-width vc_clearfix\"><\/div><div id=\"tm-row-69e79e923f340\" data-vc-full-width=\"true\" data-vc-full-width-init=\"false\" class=\"vc_row vc_row-outer vc_row-fluid\"><div id=\"tm-column-69e79e923f4d3\" class=\"wpb_column vc_column_container vc_col-sm-12\"><div class=\"vc_column-inner\"><div class=\"wpb_wrapper\"><div class=\"vc_empty_space\"   style=\"height: 7rem\"><span class=\"vc_empty_space_inner\"><\/span><\/div>\n<div class=\"tm-heading left highlight-text tm-animation move-right\" id=\"tm-heading-69e79e923f620\">\n\t<h3 class=\"heading\" style=\"color: #ffffff;\">Co to s\u0105 tagi RFID, jak s\u0105 zbudowane i jakie s\u0105 ich rodzaje?<\/h3><\/div>\n\n<div class=\"vc_separator wpb_content_element vc_separator_align_center vc_sep_width_100 vc_sep_border_width_4 vc_sep_pos_align_left vc_separator_no_text wpb_content_element\" ><span class=\"vc_sep_holder vc_sep_holder_l\"><span style=\"border-color:#ffa408;\" class=\"vc_sep_line\"><\/span><\/span><span class=\"vc_sep_holder vc_sep_holder_r\"><span style=\"border-color:#ffa408;\" class=\"vc_sep_line\"><\/span><\/span>\n<\/div>\n\t<div class=\"wpb_text_column wpb_content_element\" >\n\t\t<div class=\"wpb_wrapper\">\n\t\t\t<p>Tagi RFID, czyli znaczniki RFID, s\u0105 kluczowym elementem systemu RFID. Ka\u017cdy tag RFID sk\u0142ada si\u0119 z mikroprocesora, anteny oraz obudowy. W zale\u017cno\u015bci od zastosowania technologii RFID, tagi mo\u017cna podzieli\u0107 na pasywne, aktywne oraz semi-pasywne. Tagi pasywne nie posiadaj\u0105 w\u0142asnego \u017ar\u00f3d\u0142a zasilania i pobieraj\u0105 energii z fal radiowych emitowanych przez czytnik RFID. Tagi aktywne posiadaj\u0105 w\u0142asne \u017ar\u00f3d\u0142o zasilania, co pozwala na odczyt z du\u017cego zasi\u0119gu, nawet do kilkudziesi\u0119ciu metr\u00f3w. Tagi semi-pasywne \u0142\u0105cz\u0105 cechy tag\u00f3w pasywnych i aktywnych, co pozwala na bardziej elastyczne zarz\u0105dzanie danymi.<\/p>\n\n\t\t<\/div>\n\t<\/div>\n<div class=\"vc_empty_space\"   style=\"height: 7rem\"><span class=\"vc_empty_space_inner\"><\/span><\/div>\n<div class=\"tm-heading left highlight-text tm-animation move-right\" id=\"tm-heading-69e79e923f903\">\n\t<h3 class=\"heading\" style=\"color: #ffffff;\">Zastosowanie technologii RFID<\/h3><\/div>\n\n<div class=\"vc_separator wpb_content_element vc_separator_align_center vc_sep_width_100 vc_sep_border_width_4 vc_sep_pos_align_left vc_separator_no_text wpb_content_element\" ><span class=\"vc_sep_holder vc_sep_holder_l\"><span style=\"border-color:#ffa408;\" class=\"vc_sep_line\"><\/span><\/span><span class=\"vc_sep_holder vc_sep_holder_r\"><span style=\"border-color:#ffa408;\" class=\"vc_sep_line\"><\/span><\/span>\n<\/div>\n\t<div class=\"wpb_text_column wpb_content_element\" >\n\t\t<div class=\"wpb_wrapper\">\n\t\t\t<p>System RFID znajduje zastosowanie w wielu obszarach biznesu, zapewniaj\u0105c lepsze zarz\u0105dzanie procesami. Technologia RFID jest szczeg\u00f3lnie przydatna w logistyce i magazynach, gdzie pozwala na szybk\u0105 identyfikacj\u0119 towar\u00f3w, kontrol\u0119 stan\u00f3w magazynowych i zarz\u0105dzanie zapasami. W handlu system RFID stosuje si\u0119 do monitorowania towar\u00f3w i przyspieszenia procesu inwentaryzacji. W produkcji RFID u\u0142atwia kontrol\u0119 jako\u015bci i optymalizacj\u0119 \u0142a\u0144cucha dostaw. RFID jest tak\u017ce wykorzystywane w kontroli dost\u0119pu, pozwalaj\u0105c na identyfikacj\u0119 os\u00f3b i ograniczenie dost\u0119pu do wybranych stref.<\/p>\n\n\t\t<\/div>\n\t<\/div>\n<div class=\"vc_empty_space\"   style=\"height: 7rem\"><span class=\"vc_empty_space_inner\"><\/span><\/div><\/div><\/div><\/div><\/div><div class=\"vc_row-full-width vc_clearfix\"><\/div><div id=\"tm-row-69e79e923fc1c\" class=\"vc_row vc_row-outer vc_row-fluid\"><div id=\"tm-column-69e79e923fd75\" class=\"wpb_column vc_column_container vc_col-sm-12\"><div class=\"vc_column-inner\"><div class=\"wpb_wrapper\"><div class=\"vc_empty_space\"   style=\"height: 7rem\"><span class=\"vc_empty_space_inner\"><\/span><\/div>\n<div class=\"tm-heading left  tm-animation move-right\" id=\"tm-heading-69e79e923ffe5\">\n\t<h3 class=\"heading\" style=\"\">Zalety wdro\u017cenia RFID<\/h3><\/div>\n\n<div class=\"vc_separator wpb_content_element vc_separator_align_center vc_sep_width_100 vc_sep_border_width_4 vc_sep_pos_align_left vc_separator_no_text wpb_content_element\" ><span class=\"vc_sep_holder vc_sep_holder_l\"><span style=\"border-color:#ffa408;\" class=\"vc_sep_line\"><\/span><\/span><span class=\"vc_sep_holder vc_sep_holder_r\"><span style=\"border-color:#ffa408;\" class=\"vc_sep_line\"><\/span><\/span>\n<\/div>\n\t<div class=\"wpb_text_column wpb_content_element\" >\n\t\t<div class=\"wpb_wrapper\">\n\t\t\t<p>Wdro\u017cenie technologii RFID przynosi wiele korzy\u015bci dla firm. Odczyt znacznik\u00f3w RFID odbywa si\u0119 bezdotykowo, co znacznie przyspiesza procesy logistyczne i magazynowe. Mo\u017cliwo\u015b\u0107 odczytu wielu tag\u00f3w jednocze\u015bnie pozwala na oszcz\u0119dno\u015b\u0107 czasu. RFID umo\u017cliwia tak\u017ce precyzyjne zarz\u0105dzanie stanami magazynowymi i inwentaryzacj\u0105, co prowadzi do lepszej kontroli operacyjnej. Dzi\u0119ki mo\u017cliwo\u015bci szyfrowania danych, system RFID zapewnia wysoki poziom bezpiecze\u0144stwa.<\/p>\n\n\t\t<\/div>\n\t<\/div>\n<div class=\"vc_empty_space\"   style=\"height: 7rem\"><span class=\"vc_empty_space_inner\"><\/span><\/div>\n<div class=\"tm-heading left  tm-animation move-right\" id=\"tm-heading-69e79e92402f9\">\n\t<h3 class=\"heading\" style=\"\">Jak wybra\u0107 odpowiedni system RFID?<\/h3><\/div>\n\n<div class=\"vc_separator wpb_content_element vc_separator_align_center vc_sep_width_100 vc_sep_border_width_4 vc_sep_pos_align_left vc_separator_no_text wpb_content_element\" ><span class=\"vc_sep_holder vc_sep_holder_l\"><span style=\"border-color:#ffa408;\" class=\"vc_sep_line\"><\/span><\/span><span class=\"vc_sep_holder vc_sep_holder_r\"><span style=\"border-color:#ffa408;\" class=\"vc_sep_line\"><\/span><\/span>\n<\/div>\n\t<div class=\"wpb_text_column wpb_content_element\" >\n\t\t<div class=\"wpb_wrapper\">\n\t\t\t<p>Przy wyborze systemu RFID nale\u017cy zwr\u00f3ci\u0107 uwag\u0119 na rodzaj tag\u00f3w RFID \u2013 pasywne, aktywne lub semi-pasywne, a tak\u017ce cz\u0119stotliwo\u015b\u0107 RFID (LF, HF, UHF). Istotnym elementem jest r\u00f3wnie\u017c zasi\u0119g odczytu, kt\u00f3ry powinien by\u0107 dostosowany do specyfiki dzia\u0142alno\u015bci firmy. Warto r\u00f3wnie\u017c zadba\u0107 o kompatybilno\u015b\u0107 z systemami zarz\u0105dzania takimi jak ERP czy WMS.<\/p>\n\n\t\t<\/div>\n\t<\/div>\n<\/div><\/div><\/div><\/div><div id=\"tm-row-69e79e924061c\" class=\"vc_row vc_row-outer vc_row-fluid\"><div id=\"tm-column-69e79e924086a\" class=\"wpb_column vc_column_container vc_col-sm-8\"><div class=\"vc_column-inner\"><div class=\"wpb_wrapper\"><div class=\"vc_empty_space\"   style=\"height: 7rem\"><span class=\"vc_empty_space_inner\"><\/span><\/div>\n<div class=\"tm-heading left  tm-animation move-right\" id=\"tm-heading-69e79e9240a21\">\n\t<h3 class=\"heading\" style=\"\">Zaufaj ekspertom z Alfa-Net!<\/h3><\/div>\n\n<div class=\"vc_separator wpb_content_element vc_separator_align_center vc_sep_width_100 vc_sep_border_width_4 vc_sep_pos_align_left vc_separator_no_text wpb_content_element\" ><span class=\"vc_sep_holder vc_sep_holder_l\"><span style=\"border-color:#ffa408;\" class=\"vc_sep_line\"><\/span><\/span><span class=\"vc_sep_holder vc_sep_holder_r\"><span style=\"border-color:#ffa408;\" class=\"vc_sep_line\"><\/span><\/span>\n<\/div>\n\t<div class=\"wpb_text_column wpb_content_element\" >\n\t\t<div class=\"wpb_wrapper\">\n\t\t\t<p>W Alfa-Net mamy du\u017ce do\u015bwiadczenie w projektowaniu i wdra\u017caniu rozwi\u0105za\u0144 RFID dostosowanych do indywidualnych potrzeb Twojego biznesu. Oferujemy kompleksowe wsparcie na ka\u017cdym etapie \u2013 od analizy potrzeb, przez projekt, a\u017c po wdro\u017cenie i optymalizacj\u0119 systemu. Sprawd\u017a nasze mo\u017cliwo\u015bci i zyskaj przewag\u0119 dzi\u0119ki nowoczesnej identyfikacji radiowej!<\/p>\n\n\t\t<\/div>\n\t<\/div>\n<\/div><\/div><\/div><div id=\"tm-column-69e79e9240c56\" class=\"wpb_column vc_column_container vc_col-sm-4\"><div class=\"vc_column-inner\"><div class=\"wpb_wrapper\"><div class=\"vc_empty_space\"   style=\"height: 7rem\"><span class=\"vc_empty_space_inner\"><\/span><\/div><div class=\"vc_empty_space\"   style=\"height: 7rem\"><span class=\"vc_empty_space_inner\"><\/span><\/div><div class=\"tm-button-wrapper  tm-animation scale-up\" id=\"tm-button-69e79e9240dd8\">\n\t\t<a class=\"tm-button style-2 tm-button-lg tm-button-default\" href=\"https:\/\/alfa-net.pl\/en\/contact\/\"\n\t\ttarget=\"_blank\"\t>\n\t\t<span>\n\t\t\t\t\t\tSkontakuj si\u0119 z nami!\t\t\t\t\t<\/span>\n\t<\/a>\n<\/div>\n<div class=\"vc_empty_space\"   style=\"height: 7rem\"><span class=\"vc_empty_space_inner\"><\/span><\/div><\/div><\/div><\/div><\/div><div id=\"tm-row-69e79e9240f24\" class=\"vc_row vc_row-outer vc_row-fluid\"><div id=\"tm-column-69e79e924106e\" class=\"wpb_column vc_column_container vc_col-sm-12\"><div class=\"vc_column-inner\"><div class=\"wpb_wrapper\"><\/div><\/div><\/div><\/div><div id=\"tm-row-69e79e924115a\" class=\"vc_row vc_row-outer vc_row-fluid\"><div id=\"tm-column-69e79e9241264\" class=\"wpb_column vc_column_container vc_col-sm-12\"><div class=\"vc_column-inner\"><div class=\"wpb_wrapper\"><\/div><\/div><\/div><\/div>\n<\/div>","protected":false},"excerpt":{"rendered":"System RFID \u2013 co to jest? Technologia RFID (Radio-Frequency Identification) to innowacyjne rozwi\u0105zanie pozwalaj\u0105ce na identyfikacj\u0119 obiekt\u00f3w za pomoc\u0105 fal radiowych. System RFID sk\u0142ada si\u0119 z kilku kluczowych element\u00f3w, takich jak znaczniki RFID (tagi), czytniki RFID oraz anteny RFID. Jego g\u0142\u00f3wn\u0105 zalet\u0105 jest mo\u017cliwo\u015b\u0107 szybkiego i bezdotykowego odczytu danych, co znajduje zastosowanie w wielu bran\u017cach, takich jak logistyka, produkcja czy handel. System RFID \u2013 z czego si\u0119 sk\u0142ada? Ka\u017cdy system RFID sk\u0142ada si\u0119 z trzech podstawowych element\u00f3w: Tag RFID, czyli znacznik RFID, b\u0119d\u0105cy no\u015bnikiem danych. Mo\u017ce przechowywa\u0107 informacje dotycz\u0105ce towar\u00f3w, \u015brodk\u00f3w trwa\u0142ych czy os\u00f3b. Czytnik RFID, urz\u0105dzenie umo\u017cliwiaj\u0105ce odczyt oraz zapis informacji zapisanych na tagach RFID. Mo\u017ce by\u0107 mobilne lub stacjonarne. Anteny RFID, odpowiadaj\u0105ce za transmisj\u0119 danych mi\u0119dzy tagiem a czytnikiem, co pozwala na sprawne \u015bledzenie proces\u00f3w w logistyce i magazynach. Co to s\u0105 tagi RFID, jak s\u0105 zbudowane i jakie s\u0105 ich rodzaje? Tagi RFID, czyli znaczniki RFID, s\u0105 kluczowym elementem systemu RFID. Ka\u017cdy tag RFID sk\u0142ada si\u0119 z mikroprocesora, anteny oraz obudowy. W zale\u017cno\u015bci od zastosowania technologii RFID, tagi mo\u017cna podzieli\u0107 na pasywne, aktywne oraz semi-pasywne. Tagi pasywne nie posiadaj\u0105 w\u0142asnego \u017ar\u00f3d\u0142a zasilania i pobieraj\u0105 energii z fal radiowych emitowanych przez czytnik RFID. Tagi aktywne posiadaj\u0105 w\u0142asne \u017ar\u00f3d\u0142o zasilania, co pozwala na odczyt z du\u017cego zasi\u0119gu, nawet do kilkudziesi\u0119ciu metr\u00f3w. Tagi semi-pasywne \u0142\u0105cz\u0105 cechy tag\u00f3w pasywnych i aktywnych, co pozwala na bardziej elastyczne zarz\u0105dzanie danymi. Zastosowanie technologii RFID System RFID znajduje zastosowanie w wielu obszarach biznesu, zapewniaj\u0105c lepsze zarz\u0105dzanie procesami. Technologia RFID jest szczeg\u00f3lnie przydatna w logistyce i magazynach, gdzie pozwala na szybk\u0105 identyfikacj\u0119 towar\u00f3w, kontrol\u0119 stan\u00f3w magazynowych i zarz\u0105dzanie zapasami. W handlu system RFID stosuje si\u0119 do monitorowania towar\u00f3w i przyspieszenia procesu inwentaryzacji. W produkcji RFID u\u0142atwia kontrol\u0119 jako\u015bci i optymalizacj\u0119 \u0142a\u0144cucha dostaw. RFID jest tak\u017ce wykorzystywane w kontroli dost\u0119pu, pozwalaj\u0105c na identyfikacj\u0119 os\u00f3b i ograniczenie dost\u0119pu do wybranych stref. Zalety wdro\u017cenia RFID Wdro\u017cenie technologii RFID przynosi wiele korzy\u015bci dla firm. Odczyt znacznik\u00f3w RFID odbywa si\u0119 bezdotykowo, co znacznie przyspiesza procesy logistyczne i magazynowe. Mo\u017cliwo\u015b\u0107 odczytu wielu tag\u00f3w jednocze\u015bnie pozwala na oszcz\u0119dno\u015b\u0107 czasu. RFID umo\u017cliwia tak\u017ce precyzyjne zarz\u0105dzanie stanami magazynowymi i inwentaryzacj\u0105, co prowadzi do lepszej kontroli operacyjnej. Dzi\u0119ki mo\u017cliwo\u015bci szyfrowania danych, system RFID zapewnia wysoki poziom bezpiecze\u0144stwa. Jak wybra\u0107 odpowiedni system RFID? Przy wyborze systemu RFID nale\u017cy zwr\u00f3ci\u0107 uwag\u0119 na rodzaj tag\u00f3w RFID \u2013 pasywne, aktywne lub semi-pasywne, a tak\u017ce cz\u0119stotliwo\u015b\u0107 RFID (LF, HF, UHF). Istotnym elementem jest r\u00f3wnie\u017c zasi\u0119g odczytu, kt\u00f3ry powinien by\u0107 dostosowany do specyfiki dzia\u0142alno\u015bci firmy. Warto r\u00f3wnie\u017c zadba\u0107 o kompatybilno\u015b\u0107 z systemami zarz\u0105dzania takimi jak ERP czy WMS. Zaufaj ekspertom z Alfa-Net! W Alfa-Net mamy du\u017ce do\u015bwiadczenie w projektowaniu i wdra\u017caniu rozwi\u0105za\u0144 RFID dostosowanych do indywidualnych potrzeb Twojego biznesu. Oferujemy kompleksowe wsparcie na ka\u017cdym etapie \u2013 od analizy potrzeb, przez projekt, a\u017c po wdro\u017cenie i optymalizacj\u0119 systemu. Sprawd\u017a nasze mo\u017cliwo\u015bci i zyskaj przewag\u0119 dzi\u0119ki nowoczesnej identyfikacji radiowej! Skontakuj si\u0119 z nami!","protected":false},"author":2,"featured_media":0,"parent":0,"menu_order":0,"comment_status":"closed","ping_status":"closed","template":"","meta":{"footnotes":""},"class_list":["post-6188","page","type-page","status-publish","hentry"],"yoast_head":"<!-- This site is optimized with the Yoast SEO plugin v27.2 - https:\/\/yoast.com\/product\/yoast-seo-wordpress\/ -->\n<title>Technologia RFID - czym jest i jak mo\u017ce Ci pom\u00f3c? - Alfa-Net - Software Development<\/title>\n<meta name=\"robots\" content=\"index, follow, max-snippet:-1, max-image-preview:large, max-video-preview:-1\" \/>\n<link rel=\"canonical\" href=\"https:\/\/alfa-net.pl\/en\/technologia-rfid-czym-jest-i-jak-moze-ci-pomoc\/\" \/>\n<meta property=\"og:locale\" content=\"en_GB\" \/>\n<meta property=\"og:type\" content=\"article\" \/>\n<meta property=\"og:title\" content=\"Technologia RFID - czym jest i jak mo\u017ce Ci pom\u00f3c? - Alfa-Net - Software Development\" \/>\n<meta property=\"og:url\" content=\"https:\/\/alfa-net.pl\/en\/technologia-rfid-czym-jest-i-jak-moze-ci-pomoc\/\" \/>\n<meta property=\"og:site_name\" content=\"Alfa-Net - Software Development\" \/>\n<meta property=\"article:publisher\" content=\"https:\/\/www.facebook.com\/alfanet.spk\" \/>\n<meta property=\"article:modified_time\" content=\"2025-03-25T10:10:00+00:00\" \/>\n<meta name=\"twitter:card\" content=\"summary_large_image\" \/>\n<meta name=\"twitter:label1\" content=\"Estimated reading time\" \/>\n\t<meta name=\"twitter:data1\" content=\"3 minutes\" \/>\n<script type=\"application\/ld+json\" class=\"yoast-schema-graph\">{\"@context\":\"https:\/\/schema.org\",\"@graph\":[{\"@type\":\"WebPage\",\"@id\":\"https:\/\/alfa-net.pl\/technologia-rfid-czym-jest-i-jak-moze-ci-pomoc\/\",\"url\":\"https:\/\/alfa-net.pl\/technologia-rfid-czym-jest-i-jak-moze-ci-pomoc\/\",\"name\":\"Technologia RFID - czym jest i jak mo\u017ce Ci pom\u00f3c? - Alfa-Net - Software Development\",\"isPartOf\":{\"@id\":\"https:\/\/alfa-net.pl\/#website\"},\"datePublished\":\"2025-03-24T07:59:29+00:00\",\"dateModified\":\"2025-03-25T10:10:00+00:00\",\"breadcrumb\":{\"@id\":\"https:\/\/alfa-net.pl\/technologia-rfid-czym-jest-i-jak-moze-ci-pomoc\/#breadcrumb\"},\"inLanguage\":\"en-GB\",\"potentialAction\":[{\"@type\":\"ReadAction\",\"target\":[\"https:\/\/alfa-net.pl\/technologia-rfid-czym-jest-i-jak-moze-ci-pomoc\/\"]}]},{\"@type\":\"BreadcrumbList\",\"@id\":\"https:\/\/alfa-net.pl\/technologia-rfid-czym-jest-i-jak-moze-ci-pomoc\/#breadcrumb\",\"itemListElement\":[{\"@type\":\"ListItem\",\"position\":1,\"name\":\"Strona g\u0142\u00f3wna\",\"item\":\"https:\/\/alfa-net.pl\/\"},{\"@type\":\"ListItem\",\"position\":2,\"name\":\"Technologia RFID &#8211; czym jest i jak mo\u017ce Ci pom\u00f3c?\"}]},{\"@type\":\"WebSite\",\"@id\":\"https:\/\/alfa-net.pl\/#website\",\"url\":\"https:\/\/alfa-net.pl\/\",\"name\":\"Alfa-Net - Software Development\",\"description\":\"Software Development\",\"publisher\":{\"@id\":\"https:\/\/alfa-net.pl\/#organization\"},\"potentialAction\":[{\"@type\":\"SearchAction\",\"target\":{\"@type\":\"EntryPoint\",\"urlTemplate\":\"https:\/\/alfa-net.pl\/?s={search_term_string}\"},\"query-input\":{\"@type\":\"PropertyValueSpecification\",\"valueRequired\":true,\"valueName\":\"search_term_string\"}}],\"inLanguage\":\"en-GB\"},{\"@type\":\"Organization\",\"@id\":\"https:\/\/alfa-net.pl\/#organization\",\"name\":\"Alfa-Net\",\"url\":\"https:\/\/alfa-net.pl\/\",\"logo\":{\"@type\":\"ImageObject\",\"inLanguage\":\"en-GB\",\"@id\":\"https:\/\/alfa-net.pl\/#\/schema\/logo\/image\/\",\"url\":\"https:\/\/alfa-net.pl\/wp-content\/uploads\/2020\/03\/logoGreyFont_withPadding-2.png\",\"contentUrl\":\"https:\/\/alfa-net.pl\/wp-content\/uploads\/2020\/03\/logoGreyFont_withPadding-2.png\",\"width\":767,\"height\":767,\"caption\":\"Alfa-Net\"},\"image\":{\"@id\":\"https:\/\/alfa-net.pl\/#\/schema\/logo\/image\/\"},\"sameAs\":[\"https:\/\/www.facebook.com\/alfanet.spk\"]}]}<\/script>\n<!-- \/ Yoast SEO plugin. -->","yoast_head_json":{"title":"Technologia RFID - czym jest i jak mo\u017ce Ci pom\u00f3c? - Alfa-Net - Software Development","robots":{"index":"index","follow":"follow","max-snippet":"max-snippet:-1","max-image-preview":"max-image-preview:large","max-video-preview":"max-video-preview:-1"},"canonical":"https:\/\/alfa-net.pl\/en\/technologia-rfid-czym-jest-i-jak-moze-ci-pomoc\/","og_locale":"en_GB","og_type":"article","og_title":"Technologia RFID - czym jest i jak mo\u017ce Ci pom\u00f3c? - Alfa-Net - Software Development","og_url":"https:\/\/alfa-net.pl\/en\/technologia-rfid-czym-jest-i-jak-moze-ci-pomoc\/","og_site_name":"Alfa-Net - Software Development","article_publisher":"https:\/\/www.facebook.com\/alfanet.spk","article_modified_time":"2025-03-25T10:10:00+00:00","twitter_card":"summary_large_image","twitter_misc":{"Estimated reading time":"3 minutes"},"schema":{"@context":"https:\/\/schema.org","@graph":[{"@type":"WebPage","@id":"https:\/\/alfa-net.pl\/technologia-rfid-czym-jest-i-jak-moze-ci-pomoc\/","url":"https:\/\/alfa-net.pl\/technologia-rfid-czym-jest-i-jak-moze-ci-pomoc\/","name":"Technologia RFID - czym jest i jak mo\u017ce Ci pom\u00f3c? - Alfa-Net - Software Development","isPartOf":{"@id":"https:\/\/alfa-net.pl\/#website"},"datePublished":"2025-03-24T07:59:29+00:00","dateModified":"2025-03-25T10:10:00+00:00","breadcrumb":{"@id":"https:\/\/alfa-net.pl\/technologia-rfid-czym-jest-i-jak-moze-ci-pomoc\/#breadcrumb"},"inLanguage":"en-GB","potentialAction":[{"@type":"ReadAction","target":["https:\/\/alfa-net.pl\/technologia-rfid-czym-jest-i-jak-moze-ci-pomoc\/"]}]},{"@type":"BreadcrumbList","@id":"https:\/\/alfa-net.pl\/technologia-rfid-czym-jest-i-jak-moze-ci-pomoc\/#breadcrumb","itemListElement":[{"@type":"ListItem","position":1,"name":"Strona g\u0142\u00f3wna","item":"https:\/\/alfa-net.pl\/"},{"@type":"ListItem","position":2,"name":"Technologia RFID &#8211; czym jest i jak mo\u017ce Ci pom\u00f3c?"}]},{"@type":"WebSite","@id":"https:\/\/alfa-net.pl\/#website","url":"https:\/\/alfa-net.pl\/","name":"Alfa-Net - Software Development","description":"Software Development","publisher":{"@id":"https:\/\/alfa-net.pl\/#organization"},"potentialAction":[{"@type":"SearchAction","target":{"@type":"EntryPoint","urlTemplate":"https:\/\/alfa-net.pl\/?s={search_term_string}"},"query-input":{"@type":"PropertyValueSpecification","valueRequired":true,"valueName":"search_term_string"}}],"inLanguage":"en-GB"},{"@type":"Organization","@id":"https:\/\/alfa-net.pl\/#organization","name":"Alfa-Net","url":"https:\/\/alfa-net.pl\/","logo":{"@type":"ImageObject","inLanguage":"en-GB","@id":"https:\/\/alfa-net.pl\/#\/schema\/logo\/image\/","url":"https:\/\/alfa-net.pl\/wp-content\/uploads\/2020\/03\/logoGreyFont_withPadding-2.png","contentUrl":"https:\/\/alfa-net.pl\/wp-content\/uploads\/2020\/03\/logoGreyFont_withPadding-2.png","width":767,"height":767,"caption":"Alfa-Net"},"image":{"@id":"https:\/\/alfa-net.pl\/#\/schema\/logo\/image\/"},"sameAs":["https:\/\/www.facebook.com\/alfanet.spk"]}]}},"_links":{"self":[{"href":"https:\/\/alfa-net.pl\/en\/wp-json\/wp\/v2\/pages\/6188","targetHints":{"allow":["GET"]}}],"collection":[{"href":"https:\/\/alfa-net.pl\/en\/wp-json\/wp\/v2\/pages"}],"about":[{"href":"https:\/\/alfa-net.pl\/en\/wp-json\/wp\/v2\/types\/page"}],"author":[{"embeddable":true,"href":"https:\/\/alfa-net.pl\/en\/wp-json\/wp\/v2\/users\/2"}],"replies":[{"embeddable":true,"href":"https:\/\/alfa-net.pl\/en\/wp-json\/wp\/v2\/comments?post=6188"}],"version-history":[{"count":23,"href":"https:\/\/alfa-net.pl\/en\/wp-json\/wp\/v2\/pages\/6188\/revisions"}],"predecessor-version":[{"id":6240,"href":"https:\/\/alfa-net.pl\/en\/wp-json\/wp\/v2\/pages\/6188\/revisions\/6240"}],"wp:attachment":[{"href":"https:\/\/alfa-net.pl\/en\/wp-json\/wp\/v2\/media?parent=6188"}],"curies":[{"name":"wp","href":"https:\/\/api.w.org\/{rel}","templated":true}]}}