{"id":6217,"date":"2025-03-25T11:06:04","date_gmt":"2025-03-25T10:06:04","guid":{"rendered":"https:\/\/alfa-net.pl\/?page_id=6217"},"modified":"2025-03-25T11:17:58","modified_gmt":"2025-03-25T10:17:58","slug":"zastosowanie-technologii-rfid","status":"publish","type":"page","link":"https:\/\/alfa-net.pl\/en\/zastosowanie-technologii-rfid\/","title":{"rendered":"Zastosowanie technologii RFID"},"content":{"rendered":"<div class=\"wpb-content-wrapper\"><div id=\"tm-row-69dfe15e673d0\" data-vc-full-width=\"true\" data-vc-full-width-init=\"false\" class=\"vc_row vc_row-outer vc_row-fluid\"><div id=\"tm-column-69dfe15e67bb2\" class=\"wpb_column vc_column_container vc_col-sm-6\"><div class=\"vc_column-inner\"><div class=\"wpb_wrapper\"><div class=\"vc_empty_space\"   style=\"height: 7rem\"><span class=\"vc_empty_space_inner\"><\/span><\/div><div class=\"vc_empty_space\"   style=\"height: 7rem\"><span class=\"vc_empty_space_inner\"><\/span><\/div>\n<div class=\"tm-heading left highlight-text tm-animation move-right\" id=\"tm-heading-69dfe15e67dde\">\n\t<h3 class=\"heading\" style=\"\">Gdzie warto wykorzysta\u0107 RFID?<\/h3><\/div>\n\n<div class=\"vc_separator wpb_content_element vc_separator_align_center vc_sep_width_100 vc_sep_border_width_4 vc_sep_pos_align_left vc_separator_no_text wpb_content_element\" ><span class=\"vc_sep_holder vc_sep_holder_l\"><span style=\"border-color:#ffa408;\" class=\"vc_sep_line\"><\/span><\/span><span class=\"vc_sep_holder vc_sep_holder_r\"><span style=\"border-color:#ffa408;\" class=\"vc_sep_line\"><\/span><\/span>\n<\/div>\n\t<div class=\"wpb_text_column wpb_content_element\" >\n\t\t<div class=\"wpb_wrapper\">\n\t\t\t<p>Technologia RFID znajduje szerokie zastosowanie w wielu bran\u017cach, usprawniaj\u0105c procesy i zwi\u0119kszaj\u0105c efektywno\u015b\u0107 operacyjn\u0105. Dzi\u0119ki mo\u017cliwo\u015bci identyfikacji i \u015bledzenia obiekt\u00f3w w czasie rzeczywistym, RFID znacz\u0105co wp\u0142ywa na automatyzacj\u0119, redukcj\u0119 b\u0142\u0119d\u00f3w i popraw\u0119 bezpiecze\u0144stwa. System RFID pozwala m.in. na kontrol\u0119 dost\u0119pu, zarz\u0105dzanie stanami magazynowymi, monitorowanie przesy\u0142ek czy identyfikacj\u0119 towar\u00f3w w handlu i produkcji.<\/p>\n\n\t\t<\/div>\n\t<\/div>\n<div class=\"vc_empty_space\"   style=\"height: 7rem\"><span class=\"vc_empty_space_inner\"><\/span><\/div><div class=\"vc_empty_space\"   style=\"height: 7rem\"><span class=\"vc_empty_space_inner\"><\/span><\/div><\/div><\/div><\/div><div id=\"tm-column-69dfe15e68121\" class=\"wpb_column vc_column_container vc_col-sm-6\"><div class=\"vc_column-inner\"><div class=\"wpb_wrapper\"><\/div><\/div><\/div><\/div><div class=\"vc_row-full-width vc_clearfix\"><\/div><div id=\"tm-row-69dfe15e68204\" class=\"vc_row vc_row-outer vc_row-fluid\"><div id=\"tm-column-69dfe15e683ac\" class=\"wpb_column vc_column_container vc_col-sm-12\"><div class=\"vc_column-inner\"><div class=\"wpb_wrapper\">\n<div class=\"tm-heading left highlight-text tm-animation move-right\" id=\"tm-heading-69dfe15e684e5\">\n\t<h3 class=\"heading\" style=\"\">Jakie zastosowania RFID pomog\u0142yby Ci w Twojej pracy?<\/h3><\/div>\n\n<div class=\"vc_separator wpb_content_element vc_separator_align_center vc_sep_width_100 vc_sep_border_width_4 vc_sep_pos_align_left vc_separator_no_text wpb_content_element\" ><span class=\"vc_sep_holder vc_sep_holder_l\"><span style=\"border-color:#ffa408;\" class=\"vc_sep_line\"><\/span><\/span><span class=\"vc_sep_holder vc_sep_holder_r\"><span style=\"border-color:#ffa408;\" class=\"vc_sep_line\"><\/span><\/span>\n<\/div>\n\t<div class=\"wpb_text_column wpb_content_element\" >\n\t\t<div class=\"wpb_wrapper\">\n\t\t\t<p>System RFID znajduje szerokie zastosowanie w biznesie. Wprowadzenie tej technologii do swojej firmy pozwala na automatyzacj\u0119 inwentaryzacji, monitorowanie lokalizacji przedmiot\u00f3w oraz zarz\u0105dzanie opakowaniami zwrotnymi. U\u0142atwia tak\u017ce kontrol\u0119 dost\u0119pu i czasu pracy oraz optymalizuje logistyk\u0119 i transport.<\/p>\n\n\t\t<\/div>\n\t<\/div>\n<div class=\"tm-grid-wrapper tm-info-boxes  style-metro tm-grid-metro\" id=\"tm-info-boxes-69dfe15e68708\"\n\t\t\tdata-type=\"masonry\"\n\t\tdata-grid-metro=\"2\"\t\t\t data-xs-columns=\"1\" data-sm-columns=\"2\" data-lg-columns=\"2\"\t\t\t\tdata-gutter=\"10\"\n\t>\n\t<div class=\"tm-grid has-animation scale-up\">\n\t\t\t\t\t<div class=\"grid-sizer\"><\/div>\n\t\t\t\t\t\t\t\t\t\t\t<div class=\"grid-item grid-item--width2 skin-primary\"\n\t\t\t\t\t\t\t\t\t\t\tdata-width=\"2\"\n\t\t\t\t\t\t\t\t\t\t\t\t\t\t\t\t\t\t\t>\n\t\t\t\t\t<div class=\"box-content\">\n\t\t\t\t\t\t<div class=\"box-content-inner\">\n\t\t\t\t\t\t\t<div class=\"box-info\">\n\t\t\t\t\t\t\t\t\t\t\t\t\t\t\t\t\t<h6 class=\"box-title\">System RFID w produkcji<\/h6>\n\t\t\t\t\t\t\t\t\t\t\t\t\t\t\t\t\t\t\t\t\t\t\t\t\t<div class=\"box-text\">W przemy\u015ble technologia RFID wspiera identyfikacj\u0119 produkt\u00f3w na r\u00f3\u017cnych etapach produkcji. Znaczniki RFID mog\u0105 by\u0107 stosowane do \u015bledzenia surowc\u00f3w, monitorowania etap\u00f3w wytwarzania oraz automatycznej kontroli jako\u015bci. Dzi\u0119ki RFID mo\u017cliwe jest zmniejszenie ryzyka b\u0142\u0119d\u00f3w produkcyjnych i usprawnienie procesu kompletacji zam\u00f3wie\u0144.<\/div>\n\t\t\t\t\t\t\t\t\t\t\t\t\t\t\t<\/div>\n\t\t\t\t\t\t<\/div>\n\t\t\t\t\t<\/div>\n\t\t\t\t<\/div>\n\t\t\t\t\t\t\t\t\t\t\t\t<div class=\"grid-item  skin-primary\"\n\t\t\t\t\t\t\t\t\t\t\t\t\t\t\t\t\t\t\t>\n\t\t\t\t\t<div class=\"box-content\">\n\t\t\t\t\t\t<div class=\"box-content-inner\">\n\t\t\t\t\t\t\t<div class=\"box-info\">\n\t\t\t\t\t\t\t\t\t\t\t\t\t\t\t\t\t<h6 class=\"box-title\">Technologia RFID w handlu<\/h6>\n\t\t\t\t\t\t\t\t\t\t\t\t\t\t\t\t\t\t\t\t\t\t\t\t\t<div class=\"box-text\">System RFID w handlu eliminuje konieczno\u015b\u0107 r\u0119cznego skanowania produkt\u00f3w. Mo\u017ce by\u0107 wykorzystywany w sklepach do kontroli stan\u00f3w magazynowych, \u015bledzenia sprzeda\u017cy czy ochrony przed kradzie\u017c\u0105. Pozwala na automatyczne aktualizowanie stan\u00f3w magazynowych oraz lepsz\u0105 kontrol\u0119 nad przep\u0142ywem towar\u00f3w.<\/div>\n\t\t\t\t\t\t\t\t\t\t\t\t\t\t\t<\/div>\n\t\t\t\t\t\t<\/div>\n\t\t\t\t\t<\/div>\n\t\t\t\t<\/div>\n\t\t\t\t\t\t\t\t\t\t\t\t<div class=\"grid-item  skin-primary\"\n\t\t\t\t\t\t\t\t\t\t\t\t\t\t\t\t\t\t\t>\n\t\t\t\t\t<div class=\"box-content\">\n\t\t\t\t\t\t<div class=\"box-content-inner\">\n\t\t\t\t\t\t\t<div class=\"box-info\">\n\t\t\t\t\t\t\t\t\t\t\t\t\t\t\t\t\t<h6 class=\"box-title\">RFID w kontroli dost\u0119pu<\/h6>\n\t\t\t\t\t\t\t\t\t\t\t\t\t\t\t\t\t\t\t\t\t\t\t\t\t<div class=\"box-text\">Systemy RFID umo\u017cliwiaj\u0105 bezdotykow\u0105 identyfikacj\u0119 os\u00f3b, co jest szczeg\u00f3lnie przydatne w biurach, zak\u0142adach produkcyjnych czy podczas event\u00f3w. U\u0142atwiaj\u0105 rejestracj\u0119 czasu pracy pracownik\u00f3w oraz zabezpieczenie obiekt\u00f3w przed nieuprawnionym dost\u0119pem.<\/div>\n\t\t\t\t\t\t\t\t\t\t\t\t\t\t\t<\/div>\n\t\t\t\t\t\t<\/div>\n\t\t\t\t\t<\/div>\n\t\t\t\t<\/div>\n\t\t\t\t\t\t\t\t\t\t\t\t<div class=\"grid-item  skin-primary\"\n\t\t\t\t\t\t\t\t\t\t\t\t\t\t\t\t\t\t\t>\n\t\t\t\t\t<div class=\"box-content\">\n\t\t\t\t\t\t<div class=\"box-content-inner\">\n\t\t\t\t\t\t\t<div class=\"box-info\">\n\t\t\t\t\t\t\t\t\t\t\t\t\t\t\t\t\t<h6 class=\"box-title\">RFID w ewidencji odzie\u017cy roboczej<\/h6>\n\t\t\t\t\t\t\t\t\t\t\t\t\t\t\t\t\t\t\t\t\t\t\t\t\t<div class=\"box-text\">Firmy zajmuj\u0105ce si\u0119 zarz\u0105dzaniem odzie\u017c\u0105 robocz\u0105 i artyku\u0142ami BHP coraz cz\u0119\u015bciej wykorzystuj\u0105 systemy RFID. Pozwalaj\u0105 one na \u015bledzenie historii u\u017cytkowania odzie\u017cy, kontrolowanie liczby cykli prania oraz automatyczn\u0105 rejestracj\u0119 wydania i zwrotu ubra\u0144.<\/div>\n\t\t\t\t\t\t\t\t\t\t\t\t\t\t\t<\/div>\n\t\t\t\t\t\t<\/div>\n\t\t\t\t\t<\/div>\n\t\t\t\t<\/div>\n\t\t\t\t\t\t\t\t\t<\/div>\n<\/div>\n\n\t<div class=\"wpb_text_column wpb_content_element\" >\n\t\t<div class=\"wpb_wrapper\">\n\t\t\t<p>Jako Alfa-Net posiadamy do\u015bwiadczenie w tym temacie, dlatego zach\u0119camy do zapoznania si\u0119 z naszym rozwi\u0105zaniem &#8211; <a href=\"https:\/\/alfa-net.pl\/en\/zarzadzanie-bhp-ozon-demo\/\">OZON<\/a>.<\/p>\n\n\t\t<\/div>\n\t<\/div>\n<\/div><\/div><\/div><\/div><div id=\"tm-row-69dfe15e68b64\" class=\"vc_row vc_row-outer vc_row-fluid\"><div id=\"tm-column-69dfe15e68c86\" class=\"wpb_column vc_column_container vc_col-sm-12\"><div class=\"vc_column-inner\"><div class=\"wpb_wrapper\"><div class=\"vc_empty_space\"   style=\"height: 7rem\"><span class=\"vc_empty_space_inner\"><\/span><\/div>\n<div class=\"tm-heading left highlight-text tm-animation move-right\" id=\"tm-heading-69dfe15e68dda\">\n\t<h3 class=\"heading\" style=\"\">Zalety stosowania systemu RFID w Twojej firmie<\/h3><\/div>\n\n<div class=\"vc_separator wpb_content_element vc_separator_align_center vc_sep_width_100 vc_sep_border_width_4 vc_sep_pos_align_left vc_separator_no_text wpb_content_element\" ><span class=\"vc_sep_holder vc_sep_holder_l\"><span style=\"border-color:#ffa408;\" class=\"vc_sep_line\"><\/span><\/span><span class=\"vc_sep_holder vc_sep_holder_r\"><span style=\"border-color:#ffa408;\" class=\"vc_sep_line\"><\/span><\/span>\n<\/div>\n\t<div class=\"wpb_text_column wpb_content_element\" >\n\t\t<div class=\"wpb_wrapper\">\n\t\t\t<p>Wdro\u017cenie technologii RFID przynosi wiele korzy\u015bci:<\/p>\n\n\t\t<\/div>\n\t<\/div>\n\n<ul class=\"tm-list  tm-list--v-flow tm-list--icon tm-list--horizontal\" id=\"tm-list-69dfe15e68fdc\">\n\t\t\t<li class=\"tm-list__item tm-animation scale-up\">\n\n\t\t\t<div class=\"tm-list__marker secondary-color-important\">\n\n\t\t\t\t\n\t\t\t\t\t\t\t\t\t\t\t\t\t\t<i class=\"tm-list__icon fas fa-circle\"><\/i>\n\t\t\t\t\t\t\t\t\n\t\t\t\t\n\t\t\t<\/div>\n\n\t\t\t<div class=\"tm-list__body\">\n\n\t\t\t\t\t\t\t\t\t<div class=\"tm-list__title\">\n\t\t\t\t\t\t\t\t\t\t\t\t\tszybszy i dok\u0142adniejszy odczyt danych \u2013 w por\u00f3wnaniu do kod\u00f3w kreskowych RFID nie wymaga bezpo\u015bredniego kontaktu.\t\t\t\t\t\t\t\t\t\t\t\t<\/div>\n\t\t\t\t\n\t\t\t\t\t\t\t<\/div>\n\t\t<\/li>\n\t\t\t<li class=\"tm-list__item tm-animation scale-up\">\n\n\t\t\t<div class=\"tm-list__marker secondary-color-important\">\n\n\t\t\t\t\n\t\t\t\t\t\t\t\t\t\t\t\t\t\t<i class=\"tm-list__icon fas fa-circle\"><\/i>\n\t\t\t\t\t\t\t\t\n\t\t\t\t\n\t\t\t<\/div>\n\n\t\t\t<div class=\"tm-list__body\">\n\n\t\t\t\t\t\t\t\t\t<div class=\"tm-list__title\">\n\t\t\t\t\t\t\t\t\t\t\t\t\twi\u0119ksza efektywno\u015b\u0107 operacyjna \u2013 automatyzacja proces\u00f3w redukuje czasoch\u0142onne czynno\u015bci manualne.\t\t\t\t\t\t\t\t\t\t\t\t<\/div>\n\t\t\t\t\n\t\t\t\t\t\t\t<\/div>\n\t\t<\/li>\n\t\t\t<li class=\"tm-list__item tm-animation scale-up\">\n\n\t\t\t<div class=\"tm-list__marker secondary-color-important\">\n\n\t\t\t\t\n\t\t\t\t\t\t\t\t\t\t\t\t\t\t<i class=\"tm-list__icon fas fa-circle\"><\/i>\n\t\t\t\t\t\t\t\t\n\t\t\t\t\n\t\t\t<\/div>\n\n\t\t\t<div class=\"tm-list__body\">\n\n\t\t\t\t\t\t\t\t\t<div class=\"tm-list__title\">\n\t\t\t\t\t\t\t\t\t\t\t\t\tlepsze zarz\u0105dzanie zasobami \u2013 system RFID pozwala na bie\u017c\u0105co monitorowa\u0107 stan magazynowy i lokalizacj\u0119 przedmiot\u00f3w.\t\t\t\t\t\t\t\t\t\t\t\t<\/div>\n\t\t\t\t\n\t\t\t\t\t\t\t<\/div>\n\t\t<\/li>\n\t<\/ul>\n<\/div><\/div><\/div><\/div><div id=\"tm-row-69dfe15e690d1\" class=\"vc_row vc_row-outer vc_row-fluid\"><div id=\"tm-column-69dfe15e691eb\" class=\"wpb_column vc_column_container vc_col-sm-12\"><div class=\"vc_column-inner\"><div class=\"wpb_wrapper\"><div class=\"vc_empty_space\"   style=\"height: 7rem\"><span class=\"vc_empty_space_inner\"><\/span><\/div>\n<div class=\"tm-heading left highlight-text tm-animation move-right\" id=\"tm-heading-69dfe15e6937c\">\n\t<h3 class=\"heading\" style=\"\">Zalety stosowania systemu RFID w Twojej firmie<\/h3><\/div>\n\n<div class=\"vc_separator wpb_content_element vc_separator_align_center vc_sep_width_100 vc_sep_border_width_4 vc_sep_pos_align_left vc_separator_no_text wpb_content_element\" ><span class=\"vc_sep_holder vc_sep_holder_l\"><span style=\"border-color:#ffa408;\" class=\"vc_sep_line\"><\/span><\/span><span class=\"vc_sep_holder vc_sep_holder_r\"><span style=\"border-color:#ffa408;\" class=\"vc_sep_line\"><\/span><\/span>\n<\/div>\n\t<div class=\"wpb_text_column wpb_content_element\" >\n\t\t<div class=\"wpb_wrapper\">\n\t\t\t<p>Zastosowanie RFID w firmie znacz\u0105co wp\u0142ywa na efektywno\u015b\u0107 operacyjn\u0105 i bezpiecze\u0144stwo. Technologia RFID znajduje zastosowanie w logistyce, produkcji, handlu, kontroli dost\u0119pu oraz zarz\u0105dzaniu zasobami. Dzi\u0119ki tagom RFID oraz czytnikom RFID mo\u017cna \u015bledzi\u0107 i monitorowa\u0107 przedmioty w czasie rzeczywistym, eliminuj\u0105c b\u0142\u0119dy ludzkie i poprawiaj\u0105c zarz\u0105dzanie firm\u0105.<\/p>\n\n\t\t<\/div>\n\t<\/div>\n\n\t<div class=\"wpb_text_column wpb_content_element\" >\n\t\t<div class=\"wpb_wrapper\">\n\t\t\t<p>Je\u015bli chcesz wdro\u017cy\u0107 RFID w swojej firmie, warto skorzysta\u0107 z do\u015bwiadczenia ekspert\u00f3w. Alfa-Net oferuje kompleksowe rozwi\u0105zania RFID, dostosowane do Twoich potrzeb. <a href=\"https:\/\/alfa-net.pl\/en\/contact\/\">Contact us!<\/a> ju\u017c dzi\u015b i dowiedz si\u0119, jak mo\u017cemy pom\u00f3c w automatyzacji i optymalizacji proces\u00f3w w Twoim przedsi\u0119biorstwie!<\/p>\n\n\t\t<\/div>\n\t<\/div>\n<div class=\"tm-button-wrapper  tm-animation scale-up\" id=\"tm-button-69dfe15e695d3\">\n\t\t<a class=\"tm-button style-2 tm-button-lg tm-button-default\" href=\"https:\/\/alfa-net.pl\/en\/contact\/\"\n\t\ttarget=\"_blank\"\t>\n\t\t<span>\n\t\t\t\t\t\tContact us!\t\t\t\t\t<\/span>\n\t<\/a>\n<\/div>\n<div class=\"vc_empty_space\"   style=\"height: 7rem\"><span class=\"vc_empty_space_inner\"><\/span><\/div><\/div><\/div><\/div><\/div>\n<\/div>","protected":false},"excerpt":{"rendered":"Gdzie warto wykorzysta\u0107 RFID? Technologia RFID znajduje szerokie zastosowanie w wielu bran\u017cach, usprawniaj\u0105c procesy i zwi\u0119kszaj\u0105c efektywno\u015b\u0107 operacyjn\u0105. Dzi\u0119ki mo\u017cliwo\u015bci identyfikacji i \u015bledzenia obiekt\u00f3w w czasie rzeczywistym, RFID znacz\u0105co wp\u0142ywa na automatyzacj\u0119, redukcj\u0119 b\u0142\u0119d\u00f3w i popraw\u0119 bezpiecze\u0144stwa. System RFID pozwala m.in. na kontrol\u0119 dost\u0119pu, zarz\u0105dzanie stanami magazynowymi, monitorowanie przesy\u0142ek czy identyfikacj\u0119 towar\u00f3w w handlu i produkcji. Jakie zastosowania RFID pomog\u0142yby Ci w Twojej pracy? System RFID znajduje szerokie zastosowanie w biznesie. Wprowadzenie tej technologii do swojej firmy pozwala na automatyzacj\u0119 inwentaryzacji, monitorowanie lokalizacji przedmiot\u00f3w oraz zarz\u0105dzanie opakowaniami zwrotnymi. U\u0142atwia tak\u017ce kontrol\u0119 dost\u0119pu i czasu pracy oraz optymalizuje logistyk\u0119 i transport. System RFID w produkcji W przemy\u015ble technologia RFID wspiera identyfikacj\u0119 produkt\u00f3w na r\u00f3\u017cnych etapach produkcji. Znaczniki RFID mog\u0105 by\u0107 stosowane do \u015bledzenia surowc\u00f3w, monitorowania etap\u00f3w wytwarzania oraz automatycznej kontroli jako\u015bci. Dzi\u0119ki RFID mo\u017cliwe jest zmniejszenie ryzyka b\u0142\u0119d\u00f3w produkcyjnych i usprawnienie procesu kompletacji zam\u00f3wie\u0144. Technologia RFID w handlu System RFID w handlu eliminuje konieczno\u015b\u0107 r\u0119cznego skanowania produkt\u00f3w. Mo\u017ce by\u0107 wykorzystywany w sklepach do kontroli stan\u00f3w magazynowych, \u015bledzenia sprzeda\u017cy czy ochrony przed kradzie\u017c\u0105. Pozwala na automatyczne aktualizowanie stan\u00f3w magazynowych oraz lepsz\u0105 kontrol\u0119 nad przep\u0142ywem towar\u00f3w. RFID w kontroli dost\u0119pu Systemy RFID umo\u017cliwiaj\u0105 bezdotykow\u0105 identyfikacj\u0119 os\u00f3b, co jest szczeg\u00f3lnie przydatne w biurach, zak\u0142adach produkcyjnych czy podczas event\u00f3w. U\u0142atwiaj\u0105 rejestracj\u0119 czasu pracy pracownik\u00f3w oraz zabezpieczenie obiekt\u00f3w przed nieuprawnionym dost\u0119pem. RFID w ewidencji odzie\u017cy roboczej Firmy zajmuj\u0105ce si\u0119 zarz\u0105dzaniem odzie\u017c\u0105 robocz\u0105 i artyku\u0142ami BHP coraz cz\u0119\u015bciej wykorzystuj\u0105 systemy RFID. Pozwalaj\u0105 one na \u015bledzenie historii u\u017cytkowania odzie\u017cy, kontrolowanie liczby cykli prania oraz automatyczn\u0105 rejestracj\u0119 wydania i zwrotu ubra\u0144. Jako Alfa-Net posiadamy do\u015bwiadczenie w tym temacie, dlatego zach\u0119camy do zapoznania si\u0119 z naszym rozwi\u0105zaniem - OZON. Zalety stosowania systemu RFID w Twojej firmie Wdro\u017cenie technologii RFID przynosi wiele korzy\u015bci: szybszy i dok\u0142adniejszy odczyt danych \u2013 w por\u00f3wnaniu do kod\u00f3w kreskowych RFID nie wymaga bezpo\u015bredniego kontaktu. wi\u0119ksza efektywno\u015b\u0107 operacyjna \u2013 automatyzacja proces\u00f3w redukuje czasoch\u0142onne czynno\u015bci manualne. lepsze zarz\u0105dzanie zasobami \u2013 system RFID pozwala na bie\u017c\u0105co monitorowa\u0107 stan magazynowy i lokalizacj\u0119 przedmiot\u00f3w. Zalety stosowania systemu RFID w Twojej firmie Zastosowanie RFID w firmie znacz\u0105co wp\u0142ywa na efektywno\u015b\u0107 operacyjn\u0105 i bezpiecze\u0144stwo. Technologia RFID znajduje zastosowanie w logistyce, produkcji, handlu, kontroli dost\u0119pu oraz zarz\u0105dzaniu zasobami. Dzi\u0119ki tagom RFID oraz czytnikom RFID mo\u017cna \u015bledzi\u0107 i monitorowa\u0107 przedmioty w czasie rzeczywistym, eliminuj\u0105c b\u0142\u0119dy ludzkie i poprawiaj\u0105c zarz\u0105dzanie firm\u0105. Je\u015bli chcesz wdro\u017cy\u0107 RFID w swojej firmie, warto skorzysta\u0107 z do\u015bwiadczenia ekspert\u00f3w. Alfa-Net oferuje kompleksowe rozwi\u0105zania RFID, dostosowane do Twoich potrzeb. Skontaktuj si\u0119 z nami ju\u017c dzi\u015b i dowiedz si\u0119, jak mo\u017cemy pom\u00f3c w automatyzacji i optymalizacji proces\u00f3w w Twoim przedsi\u0119biorstwie! Skontaktuj si\u0119 z nami","protected":false},"author":2,"featured_media":0,"parent":0,"menu_order":0,"comment_status":"closed","ping_status":"closed","template":"","meta":{"footnotes":""},"class_list":["post-6217","page","type-page","status-publish","hentry"],"yoast_head":"<!-- This site is optimized with the Yoast SEO plugin v27.2 - https:\/\/yoast.com\/product\/yoast-seo-wordpress\/ -->\n<title>Zastosowanie technologii RFID - Alfa-Net - Software Development<\/title>\n<meta name=\"robots\" content=\"index, follow, max-snippet:-1, max-image-preview:large, max-video-preview:-1\" \/>\n<link rel=\"canonical\" href=\"https:\/\/alfa-net.pl\/en\/zastosowanie-technologii-rfid\/\" \/>\n<meta property=\"og:locale\" content=\"en_GB\" \/>\n<meta property=\"og:type\" content=\"article\" \/>\n<meta property=\"og:title\" content=\"Zastosowanie technologii RFID - Alfa-Net - Software Development\" \/>\n<meta property=\"og:url\" content=\"https:\/\/alfa-net.pl\/en\/zastosowanie-technologii-rfid\/\" \/>\n<meta property=\"og:site_name\" content=\"Alfa-Net - Software Development\" \/>\n<meta property=\"article:publisher\" content=\"https:\/\/www.facebook.com\/alfanet.spk\" \/>\n<meta property=\"article:modified_time\" content=\"2025-03-25T10:17:58+00:00\" \/>\n<meta name=\"twitter:card\" content=\"summary_large_image\" \/>\n<meta name=\"twitter:label1\" content=\"Estimated reading time\" \/>\n\t<meta name=\"twitter:data1\" content=\"2 minutes\" \/>\n<script type=\"application\/ld+json\" class=\"yoast-schema-graph\">{\"@context\":\"https:\/\/schema.org\",\"@graph\":[{\"@type\":\"WebPage\",\"@id\":\"https:\/\/alfa-net.pl\/zastosowanie-technologii-rfid\/\",\"url\":\"https:\/\/alfa-net.pl\/zastosowanie-technologii-rfid\/\",\"name\":\"Zastosowanie technologii RFID - Alfa-Net - Software Development\",\"isPartOf\":{\"@id\":\"https:\/\/alfa-net.pl\/#website\"},\"datePublished\":\"2025-03-25T10:06:04+00:00\",\"dateModified\":\"2025-03-25T10:17:58+00:00\",\"breadcrumb\":{\"@id\":\"https:\/\/alfa-net.pl\/zastosowanie-technologii-rfid\/#breadcrumb\"},\"inLanguage\":\"en-GB\",\"potentialAction\":[{\"@type\":\"ReadAction\",\"target\":[\"https:\/\/alfa-net.pl\/zastosowanie-technologii-rfid\/\"]}]},{\"@type\":\"BreadcrumbList\",\"@id\":\"https:\/\/alfa-net.pl\/zastosowanie-technologii-rfid\/#breadcrumb\",\"itemListElement\":[{\"@type\":\"ListItem\",\"position\":1,\"name\":\"Strona g\u0142\u00f3wna\",\"item\":\"https:\/\/alfa-net.pl\/\"},{\"@type\":\"ListItem\",\"position\":2,\"name\":\"Zastosowanie technologii RFID\"}]},{\"@type\":\"WebSite\",\"@id\":\"https:\/\/alfa-net.pl\/#website\",\"url\":\"https:\/\/alfa-net.pl\/\",\"name\":\"Alfa-Net - Software Development\",\"description\":\"Software Development\",\"publisher\":{\"@id\":\"https:\/\/alfa-net.pl\/#organization\"},\"potentialAction\":[{\"@type\":\"SearchAction\",\"target\":{\"@type\":\"EntryPoint\",\"urlTemplate\":\"https:\/\/alfa-net.pl\/?s={search_term_string}\"},\"query-input\":{\"@type\":\"PropertyValueSpecification\",\"valueRequired\":true,\"valueName\":\"search_term_string\"}}],\"inLanguage\":\"en-GB\"},{\"@type\":\"Organization\",\"@id\":\"https:\/\/alfa-net.pl\/#organization\",\"name\":\"Alfa-Net\",\"url\":\"https:\/\/alfa-net.pl\/\",\"logo\":{\"@type\":\"ImageObject\",\"inLanguage\":\"en-GB\",\"@id\":\"https:\/\/alfa-net.pl\/#\/schema\/logo\/image\/\",\"url\":\"https:\/\/alfa-net.pl\/wp-content\/uploads\/2020\/03\/logoGreyFont_withPadding-2.png\",\"contentUrl\":\"https:\/\/alfa-net.pl\/wp-content\/uploads\/2020\/03\/logoGreyFont_withPadding-2.png\",\"width\":767,\"height\":767,\"caption\":\"Alfa-Net\"},\"image\":{\"@id\":\"https:\/\/alfa-net.pl\/#\/schema\/logo\/image\/\"},\"sameAs\":[\"https:\/\/www.facebook.com\/alfanet.spk\"]}]}<\/script>\n<!-- \/ Yoast SEO plugin. -->","yoast_head_json":{"title":"Zastosowanie technologii RFID - Alfa-Net - Software Development","robots":{"index":"index","follow":"follow","max-snippet":"max-snippet:-1","max-image-preview":"max-image-preview:large","max-video-preview":"max-video-preview:-1"},"canonical":"https:\/\/alfa-net.pl\/en\/zastosowanie-technologii-rfid\/","og_locale":"en_GB","og_type":"article","og_title":"Zastosowanie technologii RFID - Alfa-Net - Software Development","og_url":"https:\/\/alfa-net.pl\/en\/zastosowanie-technologii-rfid\/","og_site_name":"Alfa-Net - Software Development","article_publisher":"https:\/\/www.facebook.com\/alfanet.spk","article_modified_time":"2025-03-25T10:17:58+00:00","twitter_card":"summary_large_image","twitter_misc":{"Estimated reading time":"2 minutes"},"schema":{"@context":"https:\/\/schema.org","@graph":[{"@type":"WebPage","@id":"https:\/\/alfa-net.pl\/zastosowanie-technologii-rfid\/","url":"https:\/\/alfa-net.pl\/zastosowanie-technologii-rfid\/","name":"Zastosowanie technologii RFID - Alfa-Net - Software Development","isPartOf":{"@id":"https:\/\/alfa-net.pl\/#website"},"datePublished":"2025-03-25T10:06:04+00:00","dateModified":"2025-03-25T10:17:58+00:00","breadcrumb":{"@id":"https:\/\/alfa-net.pl\/zastosowanie-technologii-rfid\/#breadcrumb"},"inLanguage":"en-GB","potentialAction":[{"@type":"ReadAction","target":["https:\/\/alfa-net.pl\/zastosowanie-technologii-rfid\/"]}]},{"@type":"BreadcrumbList","@id":"https:\/\/alfa-net.pl\/zastosowanie-technologii-rfid\/#breadcrumb","itemListElement":[{"@type":"ListItem","position":1,"name":"Strona g\u0142\u00f3wna","item":"https:\/\/alfa-net.pl\/"},{"@type":"ListItem","position":2,"name":"Zastosowanie technologii RFID"}]},{"@type":"WebSite","@id":"https:\/\/alfa-net.pl\/#website","url":"https:\/\/alfa-net.pl\/","name":"Alfa-Net - Software Development","description":"Software Development","publisher":{"@id":"https:\/\/alfa-net.pl\/#organization"},"potentialAction":[{"@type":"SearchAction","target":{"@type":"EntryPoint","urlTemplate":"https:\/\/alfa-net.pl\/?s={search_term_string}"},"query-input":{"@type":"PropertyValueSpecification","valueRequired":true,"valueName":"search_term_string"}}],"inLanguage":"en-GB"},{"@type":"Organization","@id":"https:\/\/alfa-net.pl\/#organization","name":"Alfa-Net","url":"https:\/\/alfa-net.pl\/","logo":{"@type":"ImageObject","inLanguage":"en-GB","@id":"https:\/\/alfa-net.pl\/#\/schema\/logo\/image\/","url":"https:\/\/alfa-net.pl\/wp-content\/uploads\/2020\/03\/logoGreyFont_withPadding-2.png","contentUrl":"https:\/\/alfa-net.pl\/wp-content\/uploads\/2020\/03\/logoGreyFont_withPadding-2.png","width":767,"height":767,"caption":"Alfa-Net"},"image":{"@id":"https:\/\/alfa-net.pl\/#\/schema\/logo\/image\/"},"sameAs":["https:\/\/www.facebook.com\/alfanet.spk"]}]}},"_links":{"self":[{"href":"https:\/\/alfa-net.pl\/en\/wp-json\/wp\/v2\/pages\/6217","targetHints":{"allow":["GET"]}}],"collection":[{"href":"https:\/\/alfa-net.pl\/en\/wp-json\/wp\/v2\/pages"}],"about":[{"href":"https:\/\/alfa-net.pl\/en\/wp-json\/wp\/v2\/types\/page"}],"author":[{"embeddable":true,"href":"https:\/\/alfa-net.pl\/en\/wp-json\/wp\/v2\/users\/2"}],"replies":[{"embeddable":true,"href":"https:\/\/alfa-net.pl\/en\/wp-json\/wp\/v2\/comments?post=6217"}],"version-history":[{"count":27,"href":"https:\/\/alfa-net.pl\/en\/wp-json\/wp\/v2\/pages\/6217\/revisions"}],"predecessor-version":[{"id":6246,"href":"https:\/\/alfa-net.pl\/en\/wp-json\/wp\/v2\/pages\/6217\/revisions\/6246"}],"wp:attachment":[{"href":"https:\/\/alfa-net.pl\/en\/wp-json\/wp\/v2\/media?parent=6217"}],"curies":[{"name":"wp","href":"https:\/\/api.w.org\/{rel}","templated":true}]}}